{"id":5300155,"date":"2026-01-19T11:42:02","date_gmt":"2026-01-19T09:42:02","guid":{"rendered":"https:\/\/gadgettravellers.eu\/shop\/stivale-da-pesca-impermeabile-camo-no-41-31455\/"},"modified":"2026-04-22T21:59:39","modified_gmt":"2026-04-22T19:59:39","slug":"stivale-da-pesca-impermeabile-camo-no-41-31455","status":"publish","type":"product","link":"https:\/\/gadgettravellers.eu\/it\/shop\/stivale-da-pesca-impermeabile-camo-no-41-31455\/","title":{"rendered":"Stivale da pesca impermeabile &#8211; Camo &#8211; No.41 &#8211; 31455"},"content":{"rendered":"<p>Stivale da pesca impermeabile in colorazioni Camo &#8211; No.41. Presenta una suola antiscivolo rinforzata con scanalature speciali ed \u00e8 realizzato in gomma di alta qualit\u00e0, per una protezione assoluta dall&#8217;umidit\u00e0.<\/p>\n","protected":false},"excerpt":{"rendered":"<p>Stivale da pesca impermeabile in colore mimetico, numero 41, in gomma di alta qualit\u00e0. Presenta una suola antiscivolo rinforzata con scanalature speciali per una presa sicura e una protezione completa dall&#8217;umidit\u00e0.<\/p>\n","protected":false},"featured_media":5090093,"comment_status":"closed","ping_status":"open","template":"","meta":[],"product_brand":[],"product_cat":[],"product_tag":[15],"class_list":{"0":"post-5300155","1":"product","2":"type-product","3":"status-publish","4":"has-post-thumbnail","6":"product_tag-uncategorized","8":"first","9":"onbackorder","10":"purchasable","11":"product-type-simple"},"jetpack_sharing_enabled":true,"_links":{"self":[{"href":"https:\/\/gadgettravellers.eu\/it\/wp-json\/wp\/v2\/product\/5300155","targetHints":{"allow":["GET"]}}],"collection":[{"href":"https:\/\/gadgettravellers.eu\/it\/wp-json\/wp\/v2\/product"}],"about":[{"href":"https:\/\/gadgettravellers.eu\/it\/wp-json\/wp\/v2\/types\/product"}],"replies":[{"embeddable":true,"href":"https:\/\/gadgettravellers.eu\/it\/wp-json\/wp\/v2\/comments?post=5300155"}],"wp:featuredmedia":[{"embeddable":true,"href":"https:\/\/gadgettravellers.eu\/it\/wp-json\/wp\/v2\/media\/5090093"}],"wp:attachment":[{"href":"https:\/\/gadgettravellers.eu\/it\/wp-json\/wp\/v2\/media?parent=5300155"}],"wp:term":[{"taxonomy":"product_brand","embeddable":true,"href":"https:\/\/gadgettravellers.eu\/it\/wp-json\/wp\/v2\/product_brand?post=5300155"},{"taxonomy":"product_cat","embeddable":true,"href":"https:\/\/gadgettravellers.eu\/it\/wp-json\/wp\/v2\/product_cat?post=5300155"},{"taxonomy":"product_tag","embeddable":true,"href":"https:\/\/gadgettravellers.eu\/it\/wp-json\/wp\/v2\/product_tag?post=5300155"}],"curies":[{"name":"wp","href":"https:\/\/api.w.org\/{rel}","templated":true}]}}