{"id":5300330,"date":"2026-01-19T11:43:34","date_gmt":"2026-01-19T09:43:34","guid":{"rendered":"https:\/\/gadgettravellers.eu\/shop\/canna-da-pesca-telescopica-2-7m-830832\/"},"modified":"2026-04-22T20:47:28","modified_gmt":"2026-04-22T18:47:28","slug":"canna-da-pesca-telescopica-2-7m-830832","status":"publish","type":"product","link":"https:\/\/gadgettravellers.eu\/it\/shop\/canna-da-pesca-telescopica-2-7m-830832\/","title":{"rendered":"Canna da pesca \u2013 Telescopica &#8211; 2.7m &#8211; 830832"},"content":{"rendered":"<p>Canna da pesca, telescopica, realizzata in fibre rinforzate ad alta resistenza, armata con guide e manico ergonomico di alta qualit\u00e0. <br \/>Lunghezza: 2,7m<br \/>Peso di lancio: 100-200g<\/p>\n<div class='aiseo-faq-section' style='margin-top:30px; border-top:1px solid #eee; padding-top:20px;'>\n<h3>Domande Frequenti<\/h3>\n<details style='margin-bottom:10px; padding:10px; background:#f9f9f9; border-radius:5px;'>\n<summary style='font-weight:bold; cursor:pointer;'>Qual \u00e8 la lunghezza della canna?<\/summary>\n<div style='margin-top:10px; color:#555;'>La lunghezza \u00e8 2,7 m.<\/div>\n<\/details>\n<details style='margin-bottom:10px; padding:10px; background:#f9f9f9; border-radius:5px;'>\n<summary style='font-weight:bold; cursor:pointer;'>Qual \u00e8 il casting weight della canna da pesca?<\/summary>\n<div style='margin-top:10px; color:#555;'>Il peso di lancio (casting weight) \u00e8 100\u2013200 g.<\/div>\n<\/details>\n<details style='margin-bottom:10px; padding:10px; background:#f9f9f9; border-radius:5px;'>\n<summary style='font-weight:bold; cursor:pointer;'>Di che materiale \u00e8 fatto?<\/summary>\n<div style='margin-top:10px; color:#555;'>\u00c8 realizzato con fibre rinforzate ad alta resistenza.<\/div>\n<\/details>\n<details style='margin-bottom:10px; padding:10px; background:#f9f9f9; border-radius:5px;'>\n<summary style='font-weight:bold; cursor:pointer;'>Ha guide e una maniglia ergonomica?<\/summary>\n<div style='margin-top:10px; color:#555;'>S\u00ec, \u00e8 dotato di guide e dispone di un&#8217;impugnatura ergonomica di alta qualit\u00e0.<\/div>\n<\/details>\n<\/div>\n","protected":false},"excerpt":{"rendered":"<p>Canna da pesca telescopica da 2,7 m in fibre rinforzate ad alta resistenza, con anelli guida e impugnatura ergonomica. Adatta per il lancio di 100\u2013200 g, facile da trasportare e conservare.<\/p>\n","protected":false},"featured_media":5090569,"comment_status":"closed","ping_status":"open","template":"","meta":[],"product_brand":[],"product_cat":[],"product_tag":[15],"class_list":{"0":"post-5300330","1":"product","2":"type-product","3":"status-publish","4":"has-post-thumbnail","6":"product_tag-uncategorized","8":"first","9":"onbackorder","10":"purchasable","11":"product-type-simple"},"jetpack_sharing_enabled":true,"_links":{"self":[{"href":"https:\/\/gadgettravellers.eu\/it\/wp-json\/wp\/v2\/product\/5300330","targetHints":{"allow":["GET"]}}],"collection":[{"href":"https:\/\/gadgettravellers.eu\/it\/wp-json\/wp\/v2\/product"}],"about":[{"href":"https:\/\/gadgettravellers.eu\/it\/wp-json\/wp\/v2\/types\/product"}],"replies":[{"embeddable":true,"href":"https:\/\/gadgettravellers.eu\/it\/wp-json\/wp\/v2\/comments?post=5300330"}],"wp:featuredmedia":[{"embeddable":true,"href":"https:\/\/gadgettravellers.eu\/it\/wp-json\/wp\/v2\/media\/5090569"}],"wp:attachment":[{"href":"https:\/\/gadgettravellers.eu\/it\/wp-json\/wp\/v2\/media?parent=5300330"}],"wp:term":[{"taxonomy":"product_brand","embeddable":true,"href":"https:\/\/gadgettravellers.eu\/it\/wp-json\/wp\/v2\/product_brand?post=5300330"},{"taxonomy":"product_cat","embeddable":true,"href":"https:\/\/gadgettravellers.eu\/it\/wp-json\/wp\/v2\/product_cat?post=5300330"},{"taxonomy":"product_tag","embeddable":true,"href":"https:\/\/gadgettravellers.eu\/it\/wp-json\/wp\/v2\/product_tag?post=5300330"}],"curies":[{"name":"wp","href":"https:\/\/api.w.org\/{rel}","templated":true}]}}