{"id":5300569,"date":"2026-01-19T11:45:52","date_gmt":"2026-01-19T09:45:52","guid":{"rendered":"https:\/\/gadgettravellers.eu\/shop\/set-di-mattoncini-da-costruzione-fai-da-te-180-pezzi-8627-10-221687\/"},"modified":"2026-04-21T19:33:00","modified_gmt":"2026-04-21T17:33:00","slug":"set-di-mattoncini-da-costruzione-fai-da-te-180-pezzi-8627-10-221687","status":"publish","type":"product","link":"https:\/\/gadgettravellers.eu\/it\/shop\/set-di-mattoncini-da-costruzione-fai-da-te-180-pezzi-8627-10-221687\/","title":{"rendered":"Set di mattoncini da costruzione fai-da-te &#8211; 180 pezzi &#8211; 8627-10 &#8211; 221687"},"content":{"rendered":"<p>Set di costruzioni fai-da-te con mattoncini colorati e custodia per il trasporto, realizzato con materiali sicuri e non tossici, per meravigliose creazioni per bambini!<\/p>\n<p>Conforme a tutte le norme di sicurezza. <br \/>Adatto a bambini di et\u00e0 superiore ai 3 anni.<\/p>\n","protected":false},"excerpt":{"rendered":"<p>Set di 180 mattoncini colorati con custodia per il trasporto, realizzati con materiali non tossici. Adatto a bambini di et\u00e0 superiore a 3 anni, stimola la creativit\u00e0 e le abilit\u00e0 motorie fini.<\/p>\n","protected":false},"featured_media":5091618,"comment_status":"closed","ping_status":"open","template":"","meta":[],"product_brand":[],"product_cat":[],"product_tag":[15],"class_list":{"0":"post-5300569","1":"product","2":"type-product","3":"status-publish","4":"has-post-thumbnail","6":"product_tag-uncategorized","8":"first","9":"onbackorder","10":"purchasable","11":"product-type-simple"},"jetpack_sharing_enabled":true,"_links":{"self":[{"href":"https:\/\/gadgettravellers.eu\/it\/wp-json\/wp\/v2\/product\/5300569","targetHints":{"allow":["GET"]}}],"collection":[{"href":"https:\/\/gadgettravellers.eu\/it\/wp-json\/wp\/v2\/product"}],"about":[{"href":"https:\/\/gadgettravellers.eu\/it\/wp-json\/wp\/v2\/types\/product"}],"replies":[{"embeddable":true,"href":"https:\/\/gadgettravellers.eu\/it\/wp-json\/wp\/v2\/comments?post=5300569"}],"wp:featuredmedia":[{"embeddable":true,"href":"https:\/\/gadgettravellers.eu\/it\/wp-json\/wp\/v2\/media\/5091618"}],"wp:attachment":[{"href":"https:\/\/gadgettravellers.eu\/it\/wp-json\/wp\/v2\/media?parent=5300569"}],"wp:term":[{"taxonomy":"product_brand","embeddable":true,"href":"https:\/\/gadgettravellers.eu\/it\/wp-json\/wp\/v2\/product_brand?post=5300569"},{"taxonomy":"product_cat","embeddable":true,"href":"https:\/\/gadgettravellers.eu\/it\/wp-json\/wp\/v2\/product_cat?post=5300569"},{"taxonomy":"product_tag","embeddable":true,"href":"https:\/\/gadgettravellers.eu\/it\/wp-json\/wp\/v2\/product_tag?post=5300569"}],"curies":[{"name":"wp","href":"https:\/\/api.w.org\/{rel}","templated":true}]}}