{"id":5300587,"date":"2026-01-19T11:46:00","date_gmt":"2026-01-19T09:46:00","guid":{"rendered":"https:\/\/gadgettravellers.eu\/shop\/set-di-attrezzi-per-bambini-6204c-4-221740\/"},"modified":"2026-04-11T20:38:53","modified_gmt":"2026-04-11T18:38:53","slug":"set-di-attrezzi-per-bambini-6204c-4-221740","status":"publish","type":"product","link":"https:\/\/gadgettravellers.eu\/it\/shop\/set-di-attrezzi-per-bambini-6204c-4-221740\/","title":{"rendered":"Set di attrezzi per bambini &#8211; 6204C-4 &#8211; 221740"},"content":{"rendered":"<p>Set completo di attrezzi per bambini con un meraviglioso design realistico, per creare il tuo laboratorio e diventare il miglior artigiano!<\/p>\n<p>Soddisfa tutti gli standard di sicurezza. <br \/>Adatto a bambini di et\u00e0 superiore ai 3 anni.<\/p>\n","protected":false},"excerpt":{"rendered":"<p>Set completo di attrezzi per bambini con design realistico, realizzato con materiali sicuri e non tossici. Adatto a bambini di et\u00e0 superiore ai 3 anni, stimola la creativit\u00e0 e le abilit\u00e0 motorie fini.<\/p>\n","protected":false},"featured_media":5091689,"comment_status":"closed","ping_status":"open","template":"","meta":[],"product_brand":[],"product_cat":[],"product_tag":[15],"class_list":{"0":"post-5300587","1":"product","2":"type-product","3":"status-publish","4":"has-post-thumbnail","6":"product_tag-uncategorized","8":"first","9":"onbackorder","10":"purchasable","11":"product-type-simple"},"jetpack_sharing_enabled":true,"_links":{"self":[{"href":"https:\/\/gadgettravellers.eu\/it\/wp-json\/wp\/v2\/product\/5300587","targetHints":{"allow":["GET"]}}],"collection":[{"href":"https:\/\/gadgettravellers.eu\/it\/wp-json\/wp\/v2\/product"}],"about":[{"href":"https:\/\/gadgettravellers.eu\/it\/wp-json\/wp\/v2\/types\/product"}],"replies":[{"embeddable":true,"href":"https:\/\/gadgettravellers.eu\/it\/wp-json\/wp\/v2\/comments?post=5300587"}],"wp:featuredmedia":[{"embeddable":true,"href":"https:\/\/gadgettravellers.eu\/it\/wp-json\/wp\/v2\/media\/5091689"}],"wp:attachment":[{"href":"https:\/\/gadgettravellers.eu\/it\/wp-json\/wp\/v2\/media?parent=5300587"}],"wp:term":[{"taxonomy":"product_brand","embeddable":true,"href":"https:\/\/gadgettravellers.eu\/it\/wp-json\/wp\/v2\/product_brand?post=5300587"},{"taxonomy":"product_cat","embeddable":true,"href":"https:\/\/gadgettravellers.eu\/it\/wp-json\/wp\/v2\/product_cat?post=5300587"},{"taxonomy":"product_tag","embeddable":true,"href":"https:\/\/gadgettravellers.eu\/it\/wp-json\/wp\/v2\/product_tag?post=5300587"}],"curies":[{"name":"wp","href":"https:\/\/api.w.org\/{rel}","templated":true}]}}