{"id":5300723,"date":"2026-01-19T11:47:33","date_gmt":"2026-01-19T09:47:33","guid":{"rendered":"https:\/\/gadgettravellers.eu\/shop\/cono-del-volante-staccabile-a-sgancio-rapido-quick-release-r-g11102-a1-120593\/"},"modified":"2026-04-10T20:43:25","modified_gmt":"2026-04-10T18:43:25","slug":"cono-del-volante-staccabile-a-sgancio-rapido-quick-release-r-g11102-a1-120593","status":"publish","type":"product","link":"https:\/\/gadgettravellers.eu\/it\/shop\/cono-del-volante-staccabile-a-sgancio-rapido-quick-release-r-g11102-a1-120593\/","title":{"rendered":"Cono del volante staccabile a sgancio rapido &#8211; Quick Release &#8211; R-G11102-A1 &#8211; 120593"},"content":{"rendered":"<p>Cono del volante staccabile per sistemi a sgancio rapido (quick release). Progettato per la rapida rimozione e reinstallazione del volante in applicazioni di tipo racing, sicurezza o ambienti dove \u00e8 richiesta un&#8217;accesso rapido. Adatto per installazioni bolt-on e compatibile con un&#8217;ampia gamma di mozzi\/base, offrendo un fissaggio stabile e un&#8217;installazione semplificata. Ideale per utenti che desiderano flessibilit\u00e0, velocit\u00e0 e affidabilit\u00e0 nel collegamento del volante.<\/p>\n","protected":false},"excerpt":{"rendered":"<p>Cono del manubrio staccabile per rilascio rapido: rimozione\/installazione del manubrio rapida e sicura, installazione con bullone e ampia compatibilit\u00e0.<\/p>\n","protected":false},"featured_media":5092326,"comment_status":"closed","ping_status":"open","template":"","meta":[],"product_brand":[],"product_cat":[],"product_tag":[15],"class_list":{"0":"post-5300723","1":"product","2":"type-product","3":"status-publish","4":"has-post-thumbnail","6":"product_tag-uncategorized","8":"first","9":"onbackorder","10":"purchasable","11":"product-type-simple"},"jetpack_sharing_enabled":true,"_links":{"self":[{"href":"https:\/\/gadgettravellers.eu\/it\/wp-json\/wp\/v2\/product\/5300723","targetHints":{"allow":["GET"]}}],"collection":[{"href":"https:\/\/gadgettravellers.eu\/it\/wp-json\/wp\/v2\/product"}],"about":[{"href":"https:\/\/gadgettravellers.eu\/it\/wp-json\/wp\/v2\/types\/product"}],"replies":[{"embeddable":true,"href":"https:\/\/gadgettravellers.eu\/it\/wp-json\/wp\/v2\/comments?post=5300723"}],"wp:featuredmedia":[{"embeddable":true,"href":"https:\/\/gadgettravellers.eu\/it\/wp-json\/wp\/v2\/media\/5092326"}],"wp:attachment":[{"href":"https:\/\/gadgettravellers.eu\/it\/wp-json\/wp\/v2\/media?parent=5300723"}],"wp:term":[{"taxonomy":"product_brand","embeddable":true,"href":"https:\/\/gadgettravellers.eu\/it\/wp-json\/wp\/v2\/product_brand?post=5300723"},{"taxonomy":"product_cat","embeddable":true,"href":"https:\/\/gadgettravellers.eu\/it\/wp-json\/wp\/v2\/product_cat?post=5300723"},{"taxonomy":"product_tag","embeddable":true,"href":"https:\/\/gadgettravellers.eu\/it\/wp-json\/wp\/v2\/product_tag?post=5300723"}],"curies":[{"name":"wp","href":"https:\/\/api.w.org\/{rel}","templated":true}]}}