{"id":5300767,"date":"2026-01-19T11:48:03","date_gmt":"2026-01-19T09:48:03","guid":{"rendered":"https:\/\/gadgettravellers.eu\/shop\/cono-stradale-pieghevole-di-segnalazione-1730503-a60h-170425\/"},"modified":"2026-04-13T00:59:52","modified_gmt":"2026-04-12T22:59:52","slug":"cono-stradale-pieghevole-di-segnalazione-1730503-a60h-170425","status":"publish","type":"product","link":"https:\/\/gadgettravellers.eu\/it\/shop\/cono-stradale-pieghevole-di-segnalazione-1730503-a60h-170425\/","title":{"rendered":"Cono stradale pieghevole di segnalazione &#8211; 1730503\/A60H &#8211; 170425"},"content":{"rendered":"<p>Il cono di sicurezza pieghevole pu\u00f2 essere utilizzato come barriera stradale poich\u00e9 \u00e8 progettato per essere facilmente visibile, facile da trasportare e occupare uno spazio minimo.<\/p>\n<p>Sulla sua sommit\u00e0 dispone di una piccola luce di avvertimento che lo rende ben visibile durante la notte. Pu\u00f2 inoltre essere equipaggiato con una speciale luce di avvertimento sulla sua cima.<\/p>\n<p>Viene utilizzato dove \u00e8 richiesta facilit\u00e0 di trasporto e solitamente per posizionamenti temporanei in incroci stradali, in lavori di manutenzione autostradale, in hotel in punti pericolosi, in aree residenziali, in complessi edilizi, in cantieri, in garage ecc.<\/p>\n<p>\u00c8 impermeabile, resistente al caldo e al freddo, non scolorisce. Il suo colore lo rende visibile durante il giorno e riconoscibile di notte grazie ai suoi riflettori. Ideale per l\u2019auto.<br \/>Altezza: 60cm<\/p>\n<p><span data-sheets-value=\"{\"1\":2,\"2\":\"\u039f \u03c0\u03c4\u03c5\u03c3\u03c3\u03cc\u03bc\u03b5\u03bd\u03bf\u03c2 \u03ba\u03ce\u03bd\u03bf\u03c2 \u03b1\u03c3\u03c6\u03b1\u03bb\u03b5\u03af\u03b1\u03c2 \u03bc\u03c0\u03bf\u03c1\u03b5\u03af \u03bd\u03b1 \u03c7\u03c1\u03b7\u03c3\u03b9\u03bc\u03bf\u03c0\u03bf\u03b9\u03b7\u03b8\u03b5\u03af \u03c3\u03b1\u03bd \u03bf\u03b4\u03cc\u03c6\u03c1\u03b1\u03b3\u03bc\u03b1 \u03ba\u03b1\u03b8\u03ce\u03c2 \u03b5\u03af\u03bd\u03b1\u03b9 \u03ba\u03b1\u03c4\u03b1\u03c3\u03ba\u03b5\u03c5\u03b1\u03c3\u03bc\u03ad\u03bd\u03bf\u03c2 \u03ce\u03c3\u03c4\u03b5 \u03bd\u03b1 \u03b5\u03af\u03bd\u03b1\u03b9 \u03b5\u03cd\u03ba\u03bf\u03bb\u03b1 \u03bf\u03c1\u03b1\u03c4\u03cc\u03c2, \u03bd\u03b1 \u03bc\u03b5\u03c4\u03b1\u03c6\u03ad\u03c1\u03b5\u03c4\u03b1\u03b9 \u03b5\u03cd\u03ba\u03bf\u03bb\u03b1 \u03ba\u03b1\u03b9 \u03bd\u03b1 \u03ba\u03b1\u03c4\u03b1\u03bb\u03b1\u03bc\u03b2\u03ac\u03bd\u03b5\u03b9 \u03b5\u03bb\u03ac\u03c7\u03b9\u03c3\u03c4\u03bf \u03c7\u03ce\u03c1\u03bf.nn\u03a7\u03c1\u03b7\u03c3\u03b9\u03bc\u03bf\u03c0\u03bf\u03b9\u03b5\u03af\u03c4\u03b1\u03b9 \u03cc\u03c0\u03bf\u03c5 \u03b1\u03c0\u03b1\u03b9\u03c4\u03b5\u03af\u03c4\u03b1\u03b9 \u03b5\u03c5\u03ba\u03bf\u03bb\u03af\u03b1 \u03c3\u03c4\u03b7 \u03bc\u03b5\u03c4\u03b1\u03c6\u03bf\u03c1\u03ac \u03ba\u03b1\u03b9 \u03c3\u03c5\u03bd\u03ae\u03b8\u03c9\u03c2 \u03b3\u03b9\u03b1 \u03c0\u03c1\u03bf\u03c3\u03c9\u03c1\u03b9\u03bd\u03ae \u03c4\u03bf\u03c0\u03bf\u03b8\u03ad\u03c4\u03b7\u03c3\u03b7 \u03c3\u03b5 \u03b4\u03b9\u03b1\u03c3\u03c4\u03b1\u03c5\u03c1\u03ce\u03c3\u03b5\u03b9\u03c2 \u03b4\u03c1\u03cc\u03bc\u03c9\u03bd, \u03c3\u03b5 \u03ad\u03c1\u03b3\u03b1 \u03c3\u03c5\u03bd\u03c4\u03ae\u03c1\u03b7\u03c3\u03b7\u03c2 \u03b1\u03c5\u03c4\u03bf\u03ba\u03b9\u03bd\u03b7\u03c4\u03cc\u03b4\u03c1\u03bf\u03bc\u03c9\u03bd, \u03c3\u03b5 \u03be\u03b5\u03bd\u03bf\u03b4\u03bf\u03c7\u03b5\u03af\u03b1 \u03c3\u03b5 \u03b5\u03c0\u03b9\u03ba\u03af\u03bd\u03b4\u03c5\u03bd\u03b1 \u03c3\u03b7\u03bc\u03b5\u03af\u03b1, \u03c3\u03b5 \u03ba\u03b1\u03c4\u03bf\u03b9\u03ba\u03b7\u03bc\u03ad\u03bd\u03b5\u03c2 \u03c0\u03b5\u03c1\u03b9\u03bf\u03c7\u03ad\u03c2, \u03c3\u03b5 \u03ba\u03c4\u03b9\u03c1\u03b9\u03b1\u03ba\u03ac \u03c3\u03c5\u03b3\u03ba\u03c1\u03bf\u03c4\u03ae\u03bc\u03b1\u03c4\u03b1, \u03c3\u03b5 \u03b5\u03c1\u03b3\u03bf\u03c4\u03ac\u03be\u03b9\u03b1, \u03c3\u03b5 \u03b3\u03ba\u03b1\u03c1\u03ac\u03b6 \u03ba\u03bb\u03c0.nn\u0395\u03af\u03bd\u03b1\u03b9 \u03b1\u03b4\u03b9\u03ac\u03b2\u03c1\u03bf\u03c7\u03bf\u03c2, \u03ad\u03c7\u03b5\u03b9 \u03b1\u03bd\u03c4\u03bf\u03c7\u03ae \u03c3\u03c4\u03b7 \u03b6\u03ad\u03c3\u03c4\u03b7 \u03ba\u03b1\u03b9 \u03c4\u03bf \u03ba\u03c1\u03cd\u03bf, \u03b4\u03b5\u03bd \u03be\u03b5\u03b8\u03c9\u03c1\u03b9\u03ac\u03b6\u03b5\u03b9. \u03a4\u03bf \u03c7\u03c1\u03ce\u03bc\u03b1 \u03c4\u03bf\u03c5 \u03c4\u03bf \u03ba\u03b1\u03b8\u03b9\u03c3\u03c4\u03ac \u03b5\u03bc\u03c6\u03b1\u03bd\u03ad\u03c2 \u03ba\u03b1\u03c4\u03ac \u03c4\u03b7\u03bd \u03b4\u03b9\u03ac\u03c1\u03ba\u03b5\u03b9\u03b1 \u03c4\u03b7\u03c2 \u03b7\u03bc\u03ad\u03c1\u03b1\u03c2 \u03ba\u03b1\u03b9 \u03bf\u03c1\u03b1\u03c4\u03cc \u03c4\u03b7\u03bd \u03bd\u03cd\u03c7\u03c4\u03b1 \u03c7\u03ac\u03c1\u03b7 \u03c3\u03c4\u03b1 \u03b1\u03bd\u03b1\u03ba\u03bb\u03b1\u03c3\u03c4\u03b9\u03ba\u03ac \u03c4\u03bf\u03c5.\"}\" data-sheets-userformat=\"{\"2\":1051137,\"3\":{\"1\":0},\"12\":0,\"14\":{\"1\":2,\"2\":0},\"23\":1}\">\u00a0<\/span><\/p>\n<div class='aiseo-faq-section' style='margin-top:30px; border-top:1px solid #eee; padding-top:20px;'>\n<h3>Domande Frequenti<\/h3>\n<details style='margin-bottom:10px; padding:10px; background:#f9f9f9; border-radius:5px;'>\n<summary style='font-weight:bold; cursor:pointer;'>Dove viene solitamente utilizzato il cono pieghevole?<\/summary>\n<div style='margin-top:10px; color:#555;'>Viene utilizzato per la segnalazione temporanea in incroci, lavori di manutenzione autostradale, hotel, aree residenziali, cantieri, garage e altre zone pericolose.<\/div>\n<\/details>\n<details style='margin-bottom:10px; padding:10px; background:#f9f9f9; border-radius:5px;'>\n<summary style='font-weight:bold; cursor:pointer;'>\u00c8 adatto per l&#8217;uso notturno?<\/summary>\n<div style='margin-top:10px; color:#555;'>S\u00ec, dispone di strisce riflettenti e pu\u00f2 essere equipaggiato con una luce di avvertimento sulla sommit\u00e0 per una maggiore visibilit\u00e0 notturna.<\/div>\n<\/details>\n<details style='margin-bottom:10px; padding:10px; background:#f9f9f9; border-radius:5px;'>\n<summary style='font-weight:bold; cursor:pointer;'>Resiste all&#8217;acqua e a temperature estreme?<\/summary>\n<div style='margin-top:10px; color:#555;'>S\u00ec, \u00e8 impermeabile, resiste al caldo e al freddo e non scolorisce.<\/div>\n<\/details>\n<details style='margin-bottom:10px; padding:10px; background:#f9f9f9; border-radius:5px;'>\n<summary style='font-weight:bold; cursor:pointer;'>Qual \u00e8 l&#8217;altezza del cono ed \u00e8 facile da trasportare?<\/summary>\n<div style='margin-top:10px; color:#555;'>Ha un&#8217;altezza di 60 cm ed \u00e8 pieghevole, offrendo un facile trasporto e stoccaggio.<\/div>\n<\/details>\n<\/div>\n","protected":false},"excerpt":{"rendered":"<p>Cono segnaletico pieghevole da 60 cm, resistente all&#8217;acqua, al caldo e al freddo, con strisce riflettenti e possibilit\u00e0 di montare una luce di avvertimento. Facile da trasportare e da conservare.<\/p>\n","protected":false},"featured_media":5092546,"comment_status":"closed","ping_status":"open","template":"","meta":[],"product_brand":[],"product_cat":[],"product_tag":[15],"class_list":{"0":"post-5300767","1":"product","2":"type-product","3":"status-publish","4":"has-post-thumbnail","6":"product_tag-uncategorized","8":"first","9":"onbackorder","10":"purchasable","11":"product-type-simple"},"jetpack_sharing_enabled":true,"_links":{"self":[{"href":"https:\/\/gadgettravellers.eu\/it\/wp-json\/wp\/v2\/product\/5300767","targetHints":{"allow":["GET"]}}],"collection":[{"href":"https:\/\/gadgettravellers.eu\/it\/wp-json\/wp\/v2\/product"}],"about":[{"href":"https:\/\/gadgettravellers.eu\/it\/wp-json\/wp\/v2\/types\/product"}],"replies":[{"embeddable":true,"href":"https:\/\/gadgettravellers.eu\/it\/wp-json\/wp\/v2\/comments?post=5300767"}],"wp:featuredmedia":[{"embeddable":true,"href":"https:\/\/gadgettravellers.eu\/it\/wp-json\/wp\/v2\/media\/5092546"}],"wp:attachment":[{"href":"https:\/\/gadgettravellers.eu\/it\/wp-json\/wp\/v2\/media?parent=5300767"}],"wp:term":[{"taxonomy":"product_brand","embeddable":true,"href":"https:\/\/gadgettravellers.eu\/it\/wp-json\/wp\/v2\/product_brand?post=5300767"},{"taxonomy":"product_cat","embeddable":true,"href":"https:\/\/gadgettravellers.eu\/it\/wp-json\/wp\/v2\/product_cat?post=5300767"},{"taxonomy":"product_tag","embeddable":true,"href":"https:\/\/gadgettravellers.eu\/it\/wp-json\/wp\/v2\/product_tag?post=5300767"}],"curies":[{"name":"wp","href":"https:\/\/api.w.org\/{rel}","templated":true}]}}