{"id":5300794,"date":"2026-01-19T11:48:21","date_gmt":"2026-01-19T09:48:21","guid":{"rendered":"https:\/\/gadgettravellers.eu\/shop\/faro-posteriore-veicoli-2102115a-a-210331\/"},"modified":"2026-04-10T20:43:47","modified_gmt":"2026-04-10T18:43:47","slug":"faro-posteriore-veicoli-2102115a-a-210331","status":"publish","type":"product","link":"https:\/\/gadgettravellers.eu\/it\/shop\/faro-posteriore-veicoli-2102115a-a-210331\/","title":{"rendered":"Faro posteriore veicoli &#8211; 2102115A\/A &#8211; 210331"},"content":{"rendered":"<p>Fanale posteriore per veicoli adatto per la sostituzione o l&#8217;aggiornamento dell&#8217;unit\u00e0 luminosa posteriore. Con tecnologia LED per alta luminosit\u00e0 e basso consumo, compatibile con sistemi a 12V, facile installazione plug-and-play e costruzione resistente con protezione dall&#8217;umidit\u00e0 per affidabilit\u00e0 in tutte le condizioni atmosferiche.<\/p>\n","protected":false},"excerpt":{"rendered":"<p>Fanale posteriore LED resistente 12V con installazione plug-and-play, alta luminosit\u00e0 e protezione dall&#8217;umidit\u00e0 per una visibilit\u00e0 sicura.<\/p>\n","protected":false},"featured_media":5092679,"comment_status":"closed","ping_status":"open","template":"","meta":[],"product_brand":[],"product_cat":[],"product_tag":[15],"class_list":{"0":"post-5300794","1":"product","2":"type-product","3":"status-publish","4":"has-post-thumbnail","6":"product_tag-uncategorized","8":"first","9":"onbackorder","10":"purchasable","11":"product-type-simple"},"jetpack_sharing_enabled":true,"_links":{"self":[{"href":"https:\/\/gadgettravellers.eu\/it\/wp-json\/wp\/v2\/product\/5300794","targetHints":{"allow":["GET"]}}],"collection":[{"href":"https:\/\/gadgettravellers.eu\/it\/wp-json\/wp\/v2\/product"}],"about":[{"href":"https:\/\/gadgettravellers.eu\/it\/wp-json\/wp\/v2\/types\/product"}],"replies":[{"embeddable":true,"href":"https:\/\/gadgettravellers.eu\/it\/wp-json\/wp\/v2\/comments?post=5300794"}],"wp:featuredmedia":[{"embeddable":true,"href":"https:\/\/gadgettravellers.eu\/it\/wp-json\/wp\/v2\/media\/5092679"}],"wp:attachment":[{"href":"https:\/\/gadgettravellers.eu\/it\/wp-json\/wp\/v2\/media?parent=5300794"}],"wp:term":[{"taxonomy":"product_brand","embeddable":true,"href":"https:\/\/gadgettravellers.eu\/it\/wp-json\/wp\/v2\/product_brand?post=5300794"},{"taxonomy":"product_cat","embeddable":true,"href":"https:\/\/gadgettravellers.eu\/it\/wp-json\/wp\/v2\/product_cat?post=5300794"},{"taxonomy":"product_tag","embeddable":true,"href":"https:\/\/gadgettravellers.eu\/it\/wp-json\/wp\/v2\/product_tag?post=5300794"}],"curies":[{"name":"wp","href":"https:\/\/api.w.org\/{rel}","templated":true}]}}