{"id":5300845,"date":"2026-01-19T11:48:51","date_gmt":"2026-01-19T09:48:51","guid":{"rendered":"https:\/\/gadgettravellers.eu\/shop\/contatore-della-pressione-dellolio-motore-1214103-03-120229\/"},"modified":"2026-04-13T01:00:19","modified_gmt":"2026-04-12T23:00:19","slug":"contatore-della-pressione-dellolio-motore-1214103-03-120229","status":"publish","type":"product","link":"https:\/\/gadgettravellers.eu\/it\/shop\/contatore-della-pressione-dellolio-motore-1214103-03-120229\/","title":{"rendered":"Contatore della pressione dell&#8217;olio motore &#8211; 1214103\/03 &#8211; 120229"},"content":{"rendered":"<p><span class=\"HwtZe\" lang=\"el\"><span class=\"jCAhz ChMk0b\"><span class=\"ryNqvb\">Manometro pressione olio<br \/>Campo di misura: 0 ~ 100 psi <br \/>Dimensione sensore: 1\/8NPT<\/span><\/span><\/span><\/p>\n<p><span class=\"HwtZe\" lang=\"el\"><span class=\"jCAhz ChMk0b\"><span class=\"ryNqvb\">Tensione: 12V<\/span><\/span> <br \/><span class=\"jCAhz ChMk0b\"><span class=\"ryNqvb\">Diametro: 57mm<br \/><\/span><\/span><span class=\"jCAhz ChMk0b\"><span class=\"ryNqvb\">Lunghezza cavo: 51cm<br \/>A<\/span><\/span><span class=\"jCAhz ChMk0b\"><span class=\"ryNqvb\">distanza viti: 45mm<br \/>Illuminazione <\/span><\/span><span class=\"jCAhz ChMk0b\"><span class=\"ryNqvb\">schermo LED.<\/span><\/span> <br \/><span class=\"jCAhz ChMk0b\"><span class=\"ryNqvb\">Accompagnato da manuale di installazione.<\/span><\/span> <br \/><span class=\"jCAhz ChMk0b\"><span class=\"ryNqvb\">Montaggio: Universale<br \/>Sensore incluso.<\/span><\/span><br \/><\/span><\/p>\n<div class='aiseo-faq-section' style='margin-top:30px; border-top:1px solid #eee; padding-top:20px;'>\n<h3>Domande Frequenti<\/h3>\n<details style='margin-bottom:10px; padding:10px; background:#f9f9f9; border-radius:5px;'>\n<summary style='font-weight:bold; cursor:pointer;'>Qual \u00e8 l&#8217;intervallo di misura del manometro?<\/summary>\n<div style='margin-top:10px; color:#555;'>La gamma di misurazione \u00e8 0 ~ 100 psi.<\/div>\n<\/details>\n<details style='margin-bottom:10px; padding:10px; background:#f9f9f9; border-radius:5px;'>\n<summary style='font-weight:bold; cursor:pointer;'>Che tipo e dimensione del sensore \u00e8 incluso?<\/summary>\n<div style='margin-top:10px; color:#555;'>\u00c8 dotato di un sensore integrato di dimensioni 1\/8NPT.<\/div>\n<\/details>\n<details style='margin-bottom:10px; padding:10px; background:#f9f9f9; border-radius:5px;'>\n<summary style='font-weight:bold; cursor:pointer;'>Qual \u00e8 l&#8217;alimentazione dello strumento?<\/summary>\n<div style='margin-top:10px; color:#555;'>L&#8217;alimentazione \u00e8 12V.<\/div>\n<\/details>\n<details style='margin-bottom:10px; padding:10px; background:#f9f9f9; border-radius:5px;'>\n<summary style='font-weight:bold; cursor:pointer;'>Quali sono le dimensioni e la lunghezza del cavo?<\/summary>\n<div style='margin-top:10px; color:#555;'>Il diametro \u00e8 di 57mm e la lunghezza del cavo \u00e8 di 51cm.<\/div>\n<\/details>\n<details style='margin-bottom:10px; padding:10px; background:#f9f9f9; border-radius:5px;'>\n<summary style='font-weight:bold; cursor:pointer;'>Esiste un manuale di installazione e quale tipo di montaggio supporta?<\/summary>\n<div style='margin-top:10px; color:#555;'>S\u00ec, \u00e8 accompagnato da un manuale di installazione ed \u00e8 destinato a un montaggio universale.<\/div>\n<\/details>\n<\/div>\n","protected":false},"excerpt":{"rendered":"<p>Manometro pressione olio 0-100 psi con sensore integrato 1\/8NPT e display LED. Diametro 57mm, alimentazione 12V, cavo 51cm e distanza viti 45mm per installazione universale.<\/p>\n","protected":false},"featured_media":5092939,"comment_status":"closed","ping_status":"open","template":"","meta":[],"product_brand":[],"product_cat":[],"product_tag":[15],"class_list":{"0":"post-5300845","1":"product","2":"type-product","3":"status-publish","4":"has-post-thumbnail","6":"product_tag-uncategorized","8":"first","9":"onbackorder","10":"purchasable","11":"product-type-simple"},"jetpack_sharing_enabled":true,"_links":{"self":[{"href":"https:\/\/gadgettravellers.eu\/it\/wp-json\/wp\/v2\/product\/5300845","targetHints":{"allow":["GET"]}}],"collection":[{"href":"https:\/\/gadgettravellers.eu\/it\/wp-json\/wp\/v2\/product"}],"about":[{"href":"https:\/\/gadgettravellers.eu\/it\/wp-json\/wp\/v2\/types\/product"}],"replies":[{"embeddable":true,"href":"https:\/\/gadgettravellers.eu\/it\/wp-json\/wp\/v2\/comments?post=5300845"}],"wp:featuredmedia":[{"embeddable":true,"href":"https:\/\/gadgettravellers.eu\/it\/wp-json\/wp\/v2\/media\/5092939"}],"wp:attachment":[{"href":"https:\/\/gadgettravellers.eu\/it\/wp-json\/wp\/v2\/media?parent=5300845"}],"wp:term":[{"taxonomy":"product_brand","embeddable":true,"href":"https:\/\/gadgettravellers.eu\/it\/wp-json\/wp\/v2\/product_brand?post=5300845"},{"taxonomy":"product_cat","embeddable":true,"href":"https:\/\/gadgettravellers.eu\/it\/wp-json\/wp\/v2\/product_cat?post=5300845"},{"taxonomy":"product_tag","embeddable":true,"href":"https:\/\/gadgettravellers.eu\/it\/wp-json\/wp\/v2\/product_tag?post=5300845"}],"curies":[{"name":"wp","href":"https:\/\/api.w.org\/{rel}","templated":true}]}}