{"id":5301158,"date":"2026-01-19T11:52:04","date_gmt":"2026-01-19T09:52:04","guid":{"rendered":"https:\/\/gadgettravellers.eu\/shop\/cavalletto-per-bicicletta-sj-30131-24-26-27-5-650455\/"},"modified":"2026-04-14T01:01:45","modified_gmt":"2026-04-13T23:01:45","slug":"cavalletto-per-bicicletta-sj-30131-24-26-27-5-650455","status":"publish","type":"product","link":"https:\/\/gadgettravellers.eu\/it\/shop\/cavalletto-per-bicicletta-sj-30131-24-26-27-5-650455\/","title":{"rendered":"Cavalletto per bicicletta &#8211; SJ-301:31 &#8211; 24\/26\/27.5&#8243; &#8211; 650455"},"content":{"rendered":"<p>Cavalletto per bicicletta SJ-301 compatibile con ruote da 24&#8243;, 26&#8243; e 27,5&#8243; (275in). Lunghezza regolabile per una corretta adattabilit\u00e0 a diversi telai, offrendo un supporto stabile durante la sosta. Facile da installare con vite di fissaggio e design che non influisce sul movimento della bicicletta. Ideale per l&#8217;uso quotidiano in giri in citt\u00e0 e percorsi MTB, garantendo affidabilit\u00e0 e praticit\u00e0.<\/p>\n","protected":false},"excerpt":{"rendered":"<p>Cavalletto per bicicletta SJ-301 per ruote 24\/26\/27.5, con lunghezza regolabile e facile da installare. Supporto stabile e affidabile per l&#8217;uso quotidiano.<\/p>\n","protected":false},"featured_media":5094491,"comment_status":"closed","ping_status":"open","template":"","meta":[],"product_brand":[],"product_cat":[],"product_tag":[15],"class_list":{"0":"post-5301158","1":"product","2":"type-product","3":"status-publish","4":"has-post-thumbnail","6":"product_tag-uncategorized","8":"first","9":"onbackorder","10":"purchasable","11":"product-type-simple"},"jetpack_sharing_enabled":true,"_links":{"self":[{"href":"https:\/\/gadgettravellers.eu\/it\/wp-json\/wp\/v2\/product\/5301158","targetHints":{"allow":["GET"]}}],"collection":[{"href":"https:\/\/gadgettravellers.eu\/it\/wp-json\/wp\/v2\/product"}],"about":[{"href":"https:\/\/gadgettravellers.eu\/it\/wp-json\/wp\/v2\/types\/product"}],"replies":[{"embeddable":true,"href":"https:\/\/gadgettravellers.eu\/it\/wp-json\/wp\/v2\/comments?post=5301158"}],"wp:featuredmedia":[{"embeddable":true,"href":"https:\/\/gadgettravellers.eu\/it\/wp-json\/wp\/v2\/media\/5094491"}],"wp:attachment":[{"href":"https:\/\/gadgettravellers.eu\/it\/wp-json\/wp\/v2\/media?parent=5301158"}],"wp:term":[{"taxonomy":"product_brand","embeddable":true,"href":"https:\/\/gadgettravellers.eu\/it\/wp-json\/wp\/v2\/product_brand?post=5301158"},{"taxonomy":"product_cat","embeddable":true,"href":"https:\/\/gadgettravellers.eu\/it\/wp-json\/wp\/v2\/product_cat?post=5301158"},{"taxonomy":"product_tag","embeddable":true,"href":"https:\/\/gadgettravellers.eu\/it\/wp-json\/wp\/v2\/product_tag?post=5301158"}],"curies":[{"name":"wp","href":"https:\/\/api.w.org\/{rel}","templated":true}]}}