{"id":5301411,"date":"2026-01-19T11:54:17","date_gmt":"2026-01-19T09:54:17","guid":{"rendered":"https:\/\/gadgettravellers.eu\/shop\/friggitrice-ad-aria-air-fryer-4-0l-kb2109a-dsp-614504\/"},"modified":"2026-04-22T20:54:07","modified_gmt":"2026-04-22T18:54:07","slug":"friggitrice-ad-aria-air-fryer-4-0l-kb2109a-dsp-614504","status":"publish","type":"product","link":"https:\/\/gadgettravellers.eu\/it\/shop\/friggitrice-ad-aria-air-fryer-4-0l-kb2109a-dsp-614504\/","title":{"rendered":"Friggitrice ad aria &#8211; Air fryer &#8211; 4.0L &#8211; KB2109A &#8211; DSP &#8211; 614504"},"content":{"rendered":"<p>La DSP porta la nuova tendenza culinaria nella tua cucina! Cucina rapidamente, economicamente e in modo assolutamente salutare con la friggitrice ad aria che diventer\u00e0 una parte integrante della tua cucina quotidiana. Cuoce perfettamente, grazie alla tecnologia di distribuzione uniforme e circolazione dell&#8217;aria a 360\u00b0, senza perdite e senza bruciare il cibo. La cottura \u00e8 molto pi\u00f9 salutare poich\u00e9 non \u00e8 necessario aggiungere olio o altri additivi, mentre il cibo eliminer\u00e0 i grassi in eccesso mantenendo l&#8217;umidit\u00e0 necessaria. Inoltre, cucinerai in modo molto pi\u00f9 economico rispetto al forno domestico ad alto consumo energetico. Scopri la nuova generazione di cucina con DSP!<\/p>\n<p>Caratteristiche: <br \/>Tensione: 220-240V~50\/60Hz, Potenza: 1350W, Capacit\u00e0: 4.0L, Controllo della temperatura: 80\u00b0C &#8211; 200\u00b0C, Timer fino a 30min, Rivestimento antiaderente della vasca, Maniglia con rivestimento termoisolante, Base rimovibile per la raccolta dei grassi, Vasca rimovibile per una facile pulizia, Protezione da surriscaldamento, Spegnimento automatico, Base antiscivolo, <br \/>Dimensioni della confezione: 29,2 x 29,2 x 34,2 cm<\/p>\n<p>Istruzioni incluse in inglese e cinese.<\/p>\n","protected":false},"excerpt":{"rendered":"<p>Friggitrice ad aria 4L con potenza di 1350W, temperatura regolabile da 80 a 200\u00b0C e timer di 30 minuti. Cestello antiaderente rimovibile e raccoglitore di grassi per una cucina sana e facile.<\/p>\n","protected":false},"featured_media":5095538,"comment_status":"closed","ping_status":"open","template":"","meta":[],"product_brand":[],"product_cat":[],"product_tag":[15],"class_list":{"0":"post-5301411","1":"product","2":"type-product","3":"status-publish","4":"has-post-thumbnail","6":"product_tag-uncategorized","8":"first","9":"onbackorder","10":"purchasable","11":"product-type-simple"},"jetpack_sharing_enabled":true,"_links":{"self":[{"href":"https:\/\/gadgettravellers.eu\/it\/wp-json\/wp\/v2\/product\/5301411","targetHints":{"allow":["GET"]}}],"collection":[{"href":"https:\/\/gadgettravellers.eu\/it\/wp-json\/wp\/v2\/product"}],"about":[{"href":"https:\/\/gadgettravellers.eu\/it\/wp-json\/wp\/v2\/types\/product"}],"replies":[{"embeddable":true,"href":"https:\/\/gadgettravellers.eu\/it\/wp-json\/wp\/v2\/comments?post=5301411"}],"wp:featuredmedia":[{"embeddable":true,"href":"https:\/\/gadgettravellers.eu\/it\/wp-json\/wp\/v2\/media\/5095538"}],"wp:attachment":[{"href":"https:\/\/gadgettravellers.eu\/it\/wp-json\/wp\/v2\/media?parent=5301411"}],"wp:term":[{"taxonomy":"product_brand","embeddable":true,"href":"https:\/\/gadgettravellers.eu\/it\/wp-json\/wp\/v2\/product_brand?post=5301411"},{"taxonomy":"product_cat","embeddable":true,"href":"https:\/\/gadgettravellers.eu\/it\/wp-json\/wp\/v2\/product_cat?post=5301411"},{"taxonomy":"product_tag","embeddable":true,"href":"https:\/\/gadgettravellers.eu\/it\/wp-json\/wp\/v2\/product_tag?post=5301411"}],"curies":[{"name":"wp","href":"https:\/\/api.w.org\/{rel}","templated":true}]}}