{"id":5301413,"date":"2026-01-19T11:54:18","date_gmt":"2026-01-19T09:54:18","guid":{"rendered":"https:\/\/gadgettravellers.eu\/shop\/friggitrice-ad-aria-air-fryer-5-5l-kb2122-dsp-613347\/"},"modified":"2026-04-14T01:03:16","modified_gmt":"2026-04-13T23:03:16","slug":"friggitrice-ad-aria-air-fryer-5-5l-kb2122-dsp-613347","status":"publish","type":"product","link":"https:\/\/gadgettravellers.eu\/it\/shop\/friggitrice-ad-aria-air-fryer-5-5l-kb2122-dsp-613347\/","title":{"rendered":"Friggitrice ad aria &#8211; Air fryer &#8211; 5.5L &#8211; KB2122 &#8211; DSP &#8211; 613347"},"content":{"rendered":"<p>La DSP porta la nuova tendenza culinaria nella tua cucina! Cucina rapidamente, economicamente e in modo assolutamente salutare con la friggitrice ad aria che diventer\u00e0 una parte integrante della tua cucina quotidiana. Cuoce perfettamente, grazie alla tecnologia di distribuzione uniforme e circolazione dell&#8217;aria a 360\u00b0, senza perdite e senza bruciare. La cottura \u00e8 molto pi\u00f9 salutare poich\u00e9 non \u00e8 necessario aggiungere olio o altri additivi, mentre il cibo eliminer\u00e0 i grassi in eccesso mantenendo l&#8217;umidit\u00e0 necessaria. Inoltre, cucinerai in modo molto pi\u00f9 economico rispetto al forno domestico ad alto consumo energetico. Scopri la nuova generazione di cucina con DSP!<\/p>\n<p>Caratteristiche: Tensione: 220-240V~50\/60Hz, Potenza: 1350W, Capacit\u00e0: 5,5L, Controllo della temperatura: 80\u00b0C &#8211; 200\u00b0C, Timer fino a 30min, 6 impostazioni di cottura predefinite, Rivestimento antiaderente della vasca, Coperchio trasparente, Maniglia con rivestimento termoisolante, Base rimovibile per la raccolta dei grassi, Vasca rimovibile per una facile pulizia, Protezione da surriscaldamento, Spegnimento automatico, Base antiscivolo, <br \/>Dimensioni: 36 x 33 x 33 cm, <br \/>Peso: 6kg.<\/p>\n<p>Istruzioni incluse in inglese e cinese.<\/p>\n","protected":false},"excerpt":{"rendered":"<p>Friggitrice ad aria 5,5L con potenza di 1350W, 6 programmi preimpostati, temperatura regolabile da 80 a 200\u00b0C e timer di 30 minuti. Cestello rimovibile e rivestimento antiaderente per una cottura sana e facile.<\/p>\n","protected":false},"featured_media":5095551,"comment_status":"closed","ping_status":"open","template":"","meta":[],"product_brand":[],"product_cat":[],"product_tag":[15],"class_list":{"0":"post-5301413","1":"product","2":"type-product","3":"status-publish","4":"has-post-thumbnail","6":"product_tag-uncategorized","8":"first","9":"onbackorder","10":"purchasable","11":"product-type-simple"},"jetpack_sharing_enabled":true,"_links":{"self":[{"href":"https:\/\/gadgettravellers.eu\/it\/wp-json\/wp\/v2\/product\/5301413","targetHints":{"allow":["GET"]}}],"collection":[{"href":"https:\/\/gadgettravellers.eu\/it\/wp-json\/wp\/v2\/product"}],"about":[{"href":"https:\/\/gadgettravellers.eu\/it\/wp-json\/wp\/v2\/types\/product"}],"replies":[{"embeddable":true,"href":"https:\/\/gadgettravellers.eu\/it\/wp-json\/wp\/v2\/comments?post=5301413"}],"wp:featuredmedia":[{"embeddable":true,"href":"https:\/\/gadgettravellers.eu\/it\/wp-json\/wp\/v2\/media\/5095551"}],"wp:attachment":[{"href":"https:\/\/gadgettravellers.eu\/it\/wp-json\/wp\/v2\/media?parent=5301413"}],"wp:term":[{"taxonomy":"product_brand","embeddable":true,"href":"https:\/\/gadgettravellers.eu\/it\/wp-json\/wp\/v2\/product_brand?post=5301413"},{"taxonomy":"product_cat","embeddable":true,"href":"https:\/\/gadgettravellers.eu\/it\/wp-json\/wp\/v2\/product_cat?post=5301413"},{"taxonomy":"product_tag","embeddable":true,"href":"https:\/\/gadgettravellers.eu\/it\/wp-json\/wp\/v2\/product_tag?post=5301413"}],"curies":[{"name":"wp","href":"https:\/\/api.w.org\/{rel}","templated":true}]}}