{"id":5301416,"date":"2026-01-19T11:54:19","date_gmt":"2026-01-19T09:54:19","guid":{"rendered":"https:\/\/gadgettravellers.eu\/shop\/macchina-espresso-ka3090-dsp-613842\/"},"modified":"2026-04-22T20:54:09","modified_gmt":"2026-04-22T18:54:09","slug":"macchina-espresso-ka3090-dsp-613842","status":"publish","type":"product","link":"https:\/\/gadgettravellers.eu\/it\/shop\/macchina-espresso-ka3090-dsp-613842\/","title":{"rendered":"Macchina Espresso &#8211; KA3090 &#8211; DSP &#8211; 613842"},"content":{"rendered":"<p>Macchina da caff\u00e8 Espresso DSP, di alta qualit\u00e0 nella costruzione e nelle prestazioni, ideale per caff\u00e8 espresso professionale e bevande a casa tua. Con gruppo doppia dose e ugello aria da cui puoi facilmente preparare schiuma di latte calda, cioccolata calda o riscaldare immediatamente latte e bevande.<\/p>\n<p>Caratteristiche: <br \/>Tensione: 220-240V~50\/60Hz, <br \/>Potenza: 850W, <br \/>Pompa ad alta pressione 15 Bar, <br \/>Serbatoio acqua trasparente rimovibile con capacit\u00e0 di 1,6L, <br \/>Gruppo doppia dose diametro 56mm, <br \/>Scocca lucida in acciaio inox, <br \/>Ugello aria in lega di alluminio con pressione aria regolabile e manico termoisolante, <br \/>Protezione da surriscaldamento e sovrapressione, <br \/>Base per posizionamento accessori nella parte superiore, <br \/>Gruppo e base rimovibili per facile pulizia, <br \/>Cucchiaio dosatore, <br \/>Dimensioni dispositivo: 21,5*25*28,8cm.<\/p>\n<p>Istruzioni incluse in inglese e cinese.<\/p>\n","protected":false},"excerpt":{"rendered":"<p>Potente macchina per espresso da 850W con pompa da 15 bar, gruppo doppia dose da 56mm e serbatoio estraibile da 1,6L. Ugello per vapore, rivestimento in acciaio inox e protezione da surriscaldamento per risultati professionali.<\/p>\n","protected":false},"featured_media":5095610,"comment_status":"closed","ping_status":"open","template":"","meta":[],"product_brand":[],"product_cat":[],"product_tag":[15],"class_list":{"0":"post-5301416","1":"product","2":"type-product","3":"status-publish","4":"has-post-thumbnail","6":"product_tag-uncategorized","8":"first","9":"onbackorder","10":"purchasable","11":"product-type-simple"},"jetpack_sharing_enabled":true,"_links":{"self":[{"href":"https:\/\/gadgettravellers.eu\/it\/wp-json\/wp\/v2\/product\/5301416","targetHints":{"allow":["GET"]}}],"collection":[{"href":"https:\/\/gadgettravellers.eu\/it\/wp-json\/wp\/v2\/product"}],"about":[{"href":"https:\/\/gadgettravellers.eu\/it\/wp-json\/wp\/v2\/types\/product"}],"replies":[{"embeddable":true,"href":"https:\/\/gadgettravellers.eu\/it\/wp-json\/wp\/v2\/comments?post=5301416"}],"wp:featuredmedia":[{"embeddable":true,"href":"https:\/\/gadgettravellers.eu\/it\/wp-json\/wp\/v2\/media\/5095610"}],"wp:attachment":[{"href":"https:\/\/gadgettravellers.eu\/it\/wp-json\/wp\/v2\/media?parent=5301416"}],"wp:term":[{"taxonomy":"product_brand","embeddable":true,"href":"https:\/\/gadgettravellers.eu\/it\/wp-json\/wp\/v2\/product_brand?post=5301416"},{"taxonomy":"product_cat","embeddable":true,"href":"https:\/\/gadgettravellers.eu\/it\/wp-json\/wp\/v2\/product_cat?post=5301416"},{"taxonomy":"product_tag","embeddable":true,"href":"https:\/\/gadgettravellers.eu\/it\/wp-json\/wp\/v2\/product_tag?post=5301416"}],"curies":[{"name":"wp","href":"https:\/\/api.w.org\/{rel}","templated":true}]}}