{"id":5301436,"date":"2026-01-19T11:54:32","date_gmt":"2026-01-19T09:54:32","guid":{"rendered":"https:\/\/gadgettravellers.eu\/shop\/radio-retro-ricaricabile-k326-830067\/"},"modified":"2026-04-14T01:03:25","modified_gmt":"2026-04-13T23:03:25","slug":"radio-retro-ricaricabile-k326-830067","status":"publish","type":"product","link":"https:\/\/gadgettravellers.eu\/it\/shop\/radio-retro-ricaricabile-k326-830067\/","title":{"rendered":"Radio retr\u00f2 ricaricabile &#8211; K326 &#8211; 830067"},"content":{"rendered":"<p>Radio portatile dal bellissimo design retr\u00f2 per gli amanti dello stile vintage. Offre un&#8217;alta qualit\u00e0 del suono grazie agli altoparlanti stereo, mentre l&#8217;antenna pieghevole garantisce un segnale radio stabile. Puoi portare la tua musica preferita ovunque, poich\u00e9 \u00e8 pratico e facile da trasportare. Batteria ricaricabile integrata, bande radio: AM, FM, SW, Sintonizzatore: Analogico, Supporta: USB\/SD\/Jack 3.5mm, Dotato di: Bluetooth 4.1, Alimentazione: DC 5V, Torcia LED laterale, Maniglia per il trasporto.<\/p>\n","protected":false},"excerpt":{"rendered":"<p>Radio portatile retr\u00f2 con batteria ricaricabile integrata, bluetooth 4.1 e altoparlanti stereo. Supporta AM\/FM\/SW, USB\/SD e jack da 3,5 mm, con antenna pieghevole e torcia LED laterale.<\/p>\n","protected":false},"featured_media":5095767,"comment_status":"closed","ping_status":"open","template":"","meta":[],"product_brand":[],"product_cat":[],"product_tag":[15],"class_list":{"0":"post-5301436","1":"product","2":"type-product","3":"status-publish","4":"has-post-thumbnail","6":"product_tag-uncategorized","8":"first","9":"onbackorder","10":"purchasable","11":"product-type-simple"},"jetpack_sharing_enabled":true,"_links":{"self":[{"href":"https:\/\/gadgettravellers.eu\/it\/wp-json\/wp\/v2\/product\/5301436","targetHints":{"allow":["GET"]}}],"collection":[{"href":"https:\/\/gadgettravellers.eu\/it\/wp-json\/wp\/v2\/product"}],"about":[{"href":"https:\/\/gadgettravellers.eu\/it\/wp-json\/wp\/v2\/types\/product"}],"replies":[{"embeddable":true,"href":"https:\/\/gadgettravellers.eu\/it\/wp-json\/wp\/v2\/comments?post=5301436"}],"wp:featuredmedia":[{"embeddable":true,"href":"https:\/\/gadgettravellers.eu\/it\/wp-json\/wp\/v2\/media\/5095767"}],"wp:attachment":[{"href":"https:\/\/gadgettravellers.eu\/it\/wp-json\/wp\/v2\/media?parent=5301436"}],"wp:term":[{"taxonomy":"product_brand","embeddable":true,"href":"https:\/\/gadgettravellers.eu\/it\/wp-json\/wp\/v2\/product_brand?post=5301436"},{"taxonomy":"product_cat","embeddable":true,"href":"https:\/\/gadgettravellers.eu\/it\/wp-json\/wp\/v2\/product_cat?post=5301436"},{"taxonomy":"product_tag","embeddable":true,"href":"https:\/\/gadgettravellers.eu\/it\/wp-json\/wp\/v2\/product_tag?post=5301436"}],"curies":[{"name":"wp","href":"https:\/\/api.w.org\/{rel}","templated":true}]}}