{"id":5301438,"date":"2026-01-19T11:54:33","date_gmt":"2026-01-19T09:54:33","guid":{"rendered":"https:\/\/gadgettravellers.eu\/shop\/radio-retro-ricaricabile-px-931bt-617101\/"},"modified":"2026-04-14T01:03:25","modified_gmt":"2026-04-13T23:03:25","slug":"radio-retro-ricaricabile-px-931bt-617101","status":"publish","type":"product","link":"https:\/\/gadgettravellers.eu\/it\/shop\/radio-retro-ricaricabile-px-931bt-617101\/","title":{"rendered":"Radio retr\u00f2 ricaricabile &#8211; PX-931BT &#8211; 617101"},"content":{"rendered":"<p>Radio portatile dal bellissimo design retr\u00f2 per gli amanti dello stile vintage. Offre un&#8217;alta qualit\u00e0 del suono grazie agli altoparlanti stereo mentre l&#8217;antenna pieghevole fornisce un segnale radio stabile.<br \/>\nPuoi portare la tua musica preferita ovunque, poich\u00e9 \u00e8 pratico e facile da trasportare.<\/p>\n<p>Batteria ricaricabile integrata: 1200MAH 18650 Li-Battery,<br \/>\nAltoparlante: 3 pollici, 4\u03a9, 5W,<br \/>\nBande radio: AM, FM, SW,<br \/>\nSintonizzatore: Analogico,<br \/>\nSupporta: USB\/SD\/Jack 3.5mm,<br \/>\nDotato di: Bluetooth 4.1,<br \/>\nTorcia LED laterale,<br \/>\nAlimentazione: DC 5V,<br \/>\nManiglia per il trasporto.<\/p>\n","protected":false},"excerpt":{"rendered":"<p>Radio portatile dal design retr\u00f2 con batteria ricaricabile integrata da 1200mAh, Bluetooth 4.1, AM\/FM\/SW e ingressi USB\/SD\/AUX. Ideale per la portabilit\u00e0 con maniglia e torcia LED integrata.<\/p>\n","protected":false},"featured_media":5095771,"comment_status":"closed","ping_status":"open","template":"","meta":[],"product_brand":[],"product_cat":[],"product_tag":[15],"class_list":{"0":"post-5301438","1":"product","2":"type-product","3":"status-publish","4":"has-post-thumbnail","6":"product_tag-uncategorized","8":"first","9":"onbackorder","10":"purchasable","11":"product-type-simple"},"jetpack_sharing_enabled":true,"_links":{"self":[{"href":"https:\/\/gadgettravellers.eu\/it\/wp-json\/wp\/v2\/product\/5301438","targetHints":{"allow":["GET"]}}],"collection":[{"href":"https:\/\/gadgettravellers.eu\/it\/wp-json\/wp\/v2\/product"}],"about":[{"href":"https:\/\/gadgettravellers.eu\/it\/wp-json\/wp\/v2\/types\/product"}],"replies":[{"embeddable":true,"href":"https:\/\/gadgettravellers.eu\/it\/wp-json\/wp\/v2\/comments?post=5301438"}],"wp:featuredmedia":[{"embeddable":true,"href":"https:\/\/gadgettravellers.eu\/it\/wp-json\/wp\/v2\/media\/5095771"}],"wp:attachment":[{"href":"https:\/\/gadgettravellers.eu\/it\/wp-json\/wp\/v2\/media?parent=5301438"}],"wp:term":[{"taxonomy":"product_brand","embeddable":true,"href":"https:\/\/gadgettravellers.eu\/it\/wp-json\/wp\/v2\/product_brand?post=5301438"},{"taxonomy":"product_cat","embeddable":true,"href":"https:\/\/gadgettravellers.eu\/it\/wp-json\/wp\/v2\/product_cat?post=5301438"},{"taxonomy":"product_tag","embeddable":true,"href":"https:\/\/gadgettravellers.eu\/it\/wp-json\/wp\/v2\/product_tag?post=5301438"}],"curies":[{"name":"wp","href":"https:\/\/api.w.org\/{rel}","templated":true}]}}