{"id":5301777,"date":"2026-01-19T11:57:46","date_gmt":"2026-01-19T09:57:46","guid":{"rendered":"https:\/\/gadgettravellers.eu\/shop\/cono-stradale-pieghevole-di-segnalazione-1730502-a60h-170423\/"},"modified":"2026-03-09T22:03:40","modified_gmt":"2026-03-09T20:03:40","slug":"cono-stradale-pieghevole-di-segnalazione-1730502-a60h-170423","status":"publish","type":"product","link":"https:\/\/gadgettravellers.eu\/it\/shop\/cono-stradale-pieghevole-di-segnalazione-1730502-a60h-170423\/","title":{"rendered":"Cono stradale pieghevole di segnalazione &#8211; 1730502\/A60H &#8211; 170423"},"content":{"rendered":"<p>Il cono di sicurezza pieghevole pu\u00f2 essere utilizzato come barriera stradale poich\u00e9 \u00e8 progettato per essere facilmente visibile, facile da trasportare e occupare uno spazio minimo. Viene utilizzato dove \u00e8 richiesta facilit\u00e0 di trasporto e solitamente per posizionamenti temporanei in incroci stradali, in lavori di manutenzione autostradale, in hotel in punti pericolosi, in aree residenziali, in complessi edilizi, in cantieri, in garage, ecc. \u00c8 impermeabile, resistente al caldo e al freddo, non scolorisce. Il suo colore lo rende evidente durante il giorno e visibile di notte grazie ai suoi riflettori.<br \/>Altezza: 60cm<\/p>\n<div class='aiseo-faq-section' style='margin-top:30px; border-top:1px solid #eee; padding-top:20px;'>\n<h3>Domande Frequenti<\/h3>\n<details style='margin-bottom:10px; padding:10px; background:#f9f9f9; border-radius:5px;'>\n<summary style='font-weight:bold; cursor:pointer;'>Dove pu\u00f2 essere utilizzato questo cono pieghevole?<\/summary>\n<div style='margin-top:10px; color:#555;'>Viene utilizzato in incroci, lavori di manutenzione autostradale, hotel, aree residenziali, cantieri, garage e spazi simili.<\/div>\n<\/details>\n<details style='margin-bottom:10px; padding:10px; background:#f9f9f9; border-radius:5px;'>\n<summary style='font-weight:bold; cursor:pointer;'>Qual \u00e8 l&#8217;altezza del cono?<\/summary>\n<div style='margin-top:10px; color:#555;'>L&#8217;altezza del cono \u00e8 60 cm.<\/div>\n<\/details>\n<details style='margin-bottom:10px; padding:10px; background:#f9f9f9; border-radius:5px;'>\n<summary style='font-weight:bold; cursor:pointer;'>\u00c8 resistente alle intemperie?<\/summary>\n<div style='margin-top:10px; color:#555;'>S\u00ec, \u00e8 impermeabile, resiste al caldo e al freddo e non scolorisce.<\/div>\n<\/details>\n<details style='margin-bottom:10px; padding:10px; background:#f9f9f9; border-radius:5px;'>\n<summary style='font-weight:bold; cursor:pointer;'>Ha visione notturna?<\/summary>\n<div style='margin-top:10px; color:#555;'>S\u00ec, dispone di strisce riflettenti che migliorano la visibilit\u00e0 di notte.<\/div>\n<\/details>\n<\/div>\n","protected":false},"excerpt":{"rendered":"<p>Cono segnaletico pieghevole alto 60 cm, resistente all&#8217;acqua, al caldo e al freddo, con strisce riflettenti per una migliore visibilit\u00e0. Facile da trasportare e conservare, ideale per la segnalazione temporanea su strade, cantieri e g<\/p>\n","protected":false},"featured_media":5097578,"comment_status":"closed","ping_status":"open","template":"","meta":[],"product_brand":[],"product_cat":[],"product_tag":[15],"class_list":{"0":"post-5301777","1":"product","2":"type-product","3":"status-publish","4":"has-post-thumbnail","6":"product_tag-uncategorized","8":"first","9":"onbackorder","10":"purchasable","11":"product-type-simple"},"jetpack_sharing_enabled":true,"_links":{"self":[{"href":"https:\/\/gadgettravellers.eu\/it\/wp-json\/wp\/v2\/product\/5301777","targetHints":{"allow":["GET"]}}],"collection":[{"href":"https:\/\/gadgettravellers.eu\/it\/wp-json\/wp\/v2\/product"}],"about":[{"href":"https:\/\/gadgettravellers.eu\/it\/wp-json\/wp\/v2\/types\/product"}],"replies":[{"embeddable":true,"href":"https:\/\/gadgettravellers.eu\/it\/wp-json\/wp\/v2\/comments?post=5301777"}],"wp:featuredmedia":[{"embeddable":true,"href":"https:\/\/gadgettravellers.eu\/it\/wp-json\/wp\/v2\/media\/5097578"}],"wp:attachment":[{"href":"https:\/\/gadgettravellers.eu\/it\/wp-json\/wp\/v2\/media?parent=5301777"}],"wp:term":[{"taxonomy":"product_brand","embeddable":true,"href":"https:\/\/gadgettravellers.eu\/it\/wp-json\/wp\/v2\/product_brand?post=5301777"},{"taxonomy":"product_cat","embeddable":true,"href":"https:\/\/gadgettravellers.eu\/it\/wp-json\/wp\/v2\/product_cat?post=5301777"},{"taxonomy":"product_tag","embeddable":true,"href":"https:\/\/gadgettravellers.eu\/it\/wp-json\/wp\/v2\/product_tag?post=5301777"}],"curies":[{"name":"wp","href":"https:\/\/api.w.org\/{rel}","templated":true}]}}