{"id":5301820,"date":"2026-01-19T11:58:14","date_gmt":"2026-01-19T09:58:14","guid":{"rendered":"https:\/\/gadgettravellers.eu\/shop\/frullatore-3in1-kj2020-dsp-564599-bianco\/"},"modified":"2026-04-14T01:05:40","modified_gmt":"2026-04-13T23:05:40","slug":"frullatore-3in1-kj2020-dsp-564599-bianco","status":"publish","type":"product","link":"https:\/\/gadgettravellers.eu\/it\/shop\/frullatore-3in1-kj2020-dsp-564599-bianco\/","title":{"rendered":"Frullatore &#8211; 3in1 &#8211; KJ2020 &#8211; DSP &#8211; 564599 &#8211; Bianco"},"content":{"rendered":"<p>Frullatore ad alta potenza, con 3 diversi tipi di contenitori e accessori, multifunzionale e facile da usare, che soddisfer\u00e0 ogni vostra esigenza. Include un contenitore-brocca, un contenitore-bicchiere che pu\u00f2 essere utilizzato anche come borraccia portatile per le vostre attivit\u00e0 sportive e un mini contenitore grinder.<\/p>\n<p>Caratteristiche: <br \/>Tensione: 220-240V,50\/60HZ, <br \/>Potenza: 250W, <br \/>Lame tipo S, <br \/>2 velocit\u00e0 con funzione a impulsi <br \/>Capacit\u00e0 brocca 1,5L con dosatore, <br \/>Capacit\u00e0 contenitore-bicchiere 500ml, <br \/>Componenti rimovibili e lavabili, <br \/>Dimensioni dispositivo: 15x38cm, <br \/>Dimensioni confezione: 40x20x27,5cm<\/p>\n<p>Include istruzioni in inglese e cinese.<\/p>\n","protected":false},"excerpt":{"rendered":"<p>Frullatore multifunzione 3-in-1 con potenza di 250W, caraffa da 1,5L, contenitore portatile da 500ml e mini tritatutto. Componenti rimovibili e lavabili, 2 velocit\u00e0 con funzione pulse per un uso facile.<\/p>\n","protected":false},"featured_media":5097763,"comment_status":"closed","ping_status":"open","template":"","meta":[],"product_brand":[],"product_cat":[],"product_tag":[15],"class_list":{"0":"post-5301820","1":"product","2":"type-product","3":"status-publish","4":"has-post-thumbnail","6":"product_tag-uncategorized","8":"first","9":"onbackorder","10":"purchasable","11":"product-type-simple"},"jetpack_sharing_enabled":true,"_links":{"self":[{"href":"https:\/\/gadgettravellers.eu\/it\/wp-json\/wp\/v2\/product\/5301820","targetHints":{"allow":["GET"]}}],"collection":[{"href":"https:\/\/gadgettravellers.eu\/it\/wp-json\/wp\/v2\/product"}],"about":[{"href":"https:\/\/gadgettravellers.eu\/it\/wp-json\/wp\/v2\/types\/product"}],"replies":[{"embeddable":true,"href":"https:\/\/gadgettravellers.eu\/it\/wp-json\/wp\/v2\/comments?post=5301820"}],"wp:featuredmedia":[{"embeddable":true,"href":"https:\/\/gadgettravellers.eu\/it\/wp-json\/wp\/v2\/media\/5097763"}],"wp:attachment":[{"href":"https:\/\/gadgettravellers.eu\/it\/wp-json\/wp\/v2\/media?parent=5301820"}],"wp:term":[{"taxonomy":"product_brand","embeddable":true,"href":"https:\/\/gadgettravellers.eu\/it\/wp-json\/wp\/v2\/product_brand?post=5301820"},{"taxonomy":"product_cat","embeddable":true,"href":"https:\/\/gadgettravellers.eu\/it\/wp-json\/wp\/v2\/product_cat?post=5301820"},{"taxonomy":"product_tag","embeddable":true,"href":"https:\/\/gadgettravellers.eu\/it\/wp-json\/wp\/v2\/product_tag?post=5301820"}],"curies":[{"name":"wp","href":"https:\/\/api.w.org\/{rel}","templated":true}]}}