{"id":5302223,"date":"2026-01-19T12:01:40","date_gmt":"2026-01-19T10:01:40","guid":{"rendered":"https:\/\/gadgettravellers.eu\/shop\/babbo-natale-decorativo-con-musica-e-movimento-12-m-259281\/"},"modified":"2026-04-13T01:08:37","modified_gmt":"2026-04-12T23:08:37","slug":"babbo-natale-decorativo-con-musica-e-movimento-12-m-259281","status":"publish","type":"product","link":"https:\/\/gadgettravellers.eu\/it\/shop\/babbo-natale-decorativo-con-musica-e-movimento-12-m-259281\/","title":{"rendered":"Babbo Natale decorativo con musica e movimento &#8211; 1,2 m &#8211; 259281"},"content":{"rendered":"<p>Grande figura decorativa Babbo Natale, alta 1,2 m, con musica e movimento danzante, con design particolarmente realistico e dettagli impressionanti.<br \/>Ideale per decorare il soggiorno, la camera o anche il balcone. <br \/>Struttura leggera per un facile trasporto e base robusta e stabile.<\/p>\n<div class='aiseo-faq-section' style='margin-top:30px; border-top:1px solid #eee; padding-top:20px;'>\n<h3>Domande Frequenti<\/h3>\n<details style='margin-bottom:10px; padding:10px; background:#f9f9f9; border-radius:5px;'>\n<summary style='font-weight:bold; cursor:pointer;'>Qual \u00e8 l&#8217;altezza della figura?<\/summary>\n<div style='margin-top:10px; color:#555;'>La figura ha un&#8217;altezza di 1,2 metri.<\/div>\n<\/details>\n<details style='margin-bottom:10px; padding:10px; background:#f9f9f9; border-radius:5px;'>\n<summary style='font-weight:bold; cursor:pointer;'>Ha musica e coreografia animata?<\/summary>\n<div style='margin-top:10px; color:#555;'>S\u00ec, include musica e movimento motorio (di danza).<\/div>\n<\/details>\n<details style='margin-bottom:10px; padding:10px; background:#f9f9f9; border-radius:5px;'>\n<summary style='font-weight:bold; cursor:pointer;'>Pu\u00f2 essere posizionato su un balcone?<\/summary>\n<div style='margin-top:10px; color:#555;'>S\u00ec, \u00e8 ideale per il soggiorno, la camera o il balcone secondo la descrizione.<\/div>\n<\/details>\n<details style='margin-bottom:10px; padding:10px; background:#f9f9f9; border-radius:5px;'>\n<summary style='font-weight:bold; cursor:pointer;'>\u00c8 facile da trasportare?<\/summary>\n<div style='margin-top:10px; color:#555;'>S\u00ec, la costruzione leggera consente un facile trasporto e la base \u00e8 robusta per la stabilit\u00e0.<\/div>\n<\/details>\n<\/div>\n","protected":false},"excerpt":{"rendered":"<p>Babbo Natale decorativo 1,2 m con musica e coreografia animata, struttura leggera e base robusta \u2014 ideale per soggiorno, camera o balcone.<\/p>\n","protected":false},"featured_media":5100166,"comment_status":"closed","ping_status":"open","template":"","meta":[],"product_brand":[],"product_cat":[],"product_tag":[15],"class_list":{"0":"post-5302223","1":"product","2":"type-product","3":"status-publish","4":"has-post-thumbnail","6":"product_tag-uncategorized","8":"first","9":"onbackorder","10":"purchasable","11":"product-type-simple"},"jetpack_sharing_enabled":true,"_links":{"self":[{"href":"https:\/\/gadgettravellers.eu\/it\/wp-json\/wp\/v2\/product\/5302223","targetHints":{"allow":["GET"]}}],"collection":[{"href":"https:\/\/gadgettravellers.eu\/it\/wp-json\/wp\/v2\/product"}],"about":[{"href":"https:\/\/gadgettravellers.eu\/it\/wp-json\/wp\/v2\/types\/product"}],"replies":[{"embeddable":true,"href":"https:\/\/gadgettravellers.eu\/it\/wp-json\/wp\/v2\/comments?post=5302223"}],"wp:featuredmedia":[{"embeddable":true,"href":"https:\/\/gadgettravellers.eu\/it\/wp-json\/wp\/v2\/media\/5100166"}],"wp:attachment":[{"href":"https:\/\/gadgettravellers.eu\/it\/wp-json\/wp\/v2\/media?parent=5302223"}],"wp:term":[{"taxonomy":"product_brand","embeddable":true,"href":"https:\/\/gadgettravellers.eu\/it\/wp-json\/wp\/v2\/product_brand?post=5302223"},{"taxonomy":"product_cat","embeddable":true,"href":"https:\/\/gadgettravellers.eu\/it\/wp-json\/wp\/v2\/product_cat?post=5302223"},{"taxonomy":"product_tag","embeddable":true,"href":"https:\/\/gadgettravellers.eu\/it\/wp-json\/wp\/v2\/product_tag?post=5302223"}],"curies":[{"name":"wp","href":"https:\/\/api.w.org\/{rel}","templated":true}]}}