{"id":5302240,"date":"2026-01-19T12:01:51","date_gmt":"2026-01-19T10:01:51","guid":{"rendered":"https:\/\/gadgettravellers.eu\/shop\/collegamento-3-connettori-rapidi-1052-699739\/"},"modified":"2026-04-14T01:06:46","modified_gmt":"2026-04-13T23:06:46","slug":"collegamento-3-connettori-rapidi-1052-699739","status":"publish","type":"product","link":"https:\/\/gadgettravellers.eu\/it\/shop\/collegamento-3-connettori-rapidi-1052-699739\/","title":{"rendered":"Collegamento 3 connettori rapidi &#8211; 1052 &#8211; 699739"},"content":{"rendered":"<p>Lo sdoppiatore per l&#8217;erogazione dell&#8217;acqua \u00e8 un accessorio da giardino indispensabile per distribuire l&#8217;acqua da un&#8217;unica presa a 2 uscite. Questo distributore offre la possibilit\u00e0 di un collegamento rapido, utilizzando gli accessori necessari, con un sistema di irrigazione, tubo, irrigazione automatica, ecc. L&#8217;ingresso dell&#8217;acqua avviene collegando la presa di ingresso di dimensione 1\/2&#8243;. Su ogni uscita del distributore \u00e8 integrato un raccordo di collegamento. \u00c8 realizzato in plastica di alta qualit\u00e0 ed \u00e8 di eccellente qualit\u00e0 e resistenza.<\/p>\n<p>Collegate semplicemente lo sdoppiatore al rubinetto utilizzando gli accessori appropriati come raccordi rapidi, ecc. e unite immediatamente il sistema di irrigazione che utilizzate, come il tubo da irrigazione.<\/p>\n<p>Caratteristiche:<br \/>\nAttacchi: 1\/2&#8243;,<br \/>\nColore: verde,<br \/>\nConfezione: 1 pezzo.<\/p>\n","protected":false},"excerpt":{"rendered":"<p>Raccordo a T 1\/2 per una facile distribuzione dell&#8217;acqua in 2 uscite. Connessione rapida, plastica resistente, ideale per tubo da giardino e sistemi di irrigazione automatici.<\/p>\n","protected":false},"featured_media":5100263,"comment_status":"closed","ping_status":"open","template":"","meta":[],"product_brand":[],"product_cat":[],"product_tag":[15],"class_list":{"0":"post-5302240","1":"product","2":"type-product","3":"status-publish","4":"has-post-thumbnail","6":"product_tag-uncategorized","8":"first","9":"onbackorder","10":"purchasable","11":"product-type-simple"},"jetpack_sharing_enabled":true,"_links":{"self":[{"href":"https:\/\/gadgettravellers.eu\/it\/wp-json\/wp\/v2\/product\/5302240","targetHints":{"allow":["GET"]}}],"collection":[{"href":"https:\/\/gadgettravellers.eu\/it\/wp-json\/wp\/v2\/product"}],"about":[{"href":"https:\/\/gadgettravellers.eu\/it\/wp-json\/wp\/v2\/types\/product"}],"replies":[{"embeddable":true,"href":"https:\/\/gadgettravellers.eu\/it\/wp-json\/wp\/v2\/comments?post=5302240"}],"wp:featuredmedia":[{"embeddable":true,"href":"https:\/\/gadgettravellers.eu\/it\/wp-json\/wp\/v2\/media\/5100263"}],"wp:attachment":[{"href":"https:\/\/gadgettravellers.eu\/it\/wp-json\/wp\/v2\/media?parent=5302240"}],"wp:term":[{"taxonomy":"product_brand","embeddable":true,"href":"https:\/\/gadgettravellers.eu\/it\/wp-json\/wp\/v2\/product_brand?post=5302240"},{"taxonomy":"product_cat","embeddable":true,"href":"https:\/\/gadgettravellers.eu\/it\/wp-json\/wp\/v2\/product_cat?post=5302240"},{"taxonomy":"product_tag","embeddable":true,"href":"https:\/\/gadgettravellers.eu\/it\/wp-json\/wp\/v2\/product_tag?post=5302240"}],"curies":[{"name":"wp","href":"https:\/\/api.w.org\/{rel}","templated":true}]}}