{"id":5302416,"date":"2026-01-19T12:03:15","date_gmt":"2026-01-19T10:03:15","guid":{"rendered":"https:\/\/gadgettravellers.eu\/shop\/orologio-da-polso-analogico-skmei-2057-bianco\/"},"modified":"2026-04-14T01:07:50","modified_gmt":"2026-04-13T23:07:50","slug":"orologio-da-polso-analogico-skmei-2057-bianco","status":"publish","type":"product","link":"https:\/\/gadgettravellers.eu\/it\/shop\/orologio-da-polso-analogico-skmei-2057-bianco\/","title":{"rendered":"Orologio da polso analogico \u2013 Skmei &#8211; 2057 &#8211; Bianco"},"content":{"rendered":"<p>Orologio da polso analogico Skmei con design eccezionale e stile che si adatta a ogni gusto e umore.<\/p>\n<p>Caratteristiche:<br \/>\nVestibilit\u00e0 comoda, Resistenza all&#8217;umidit\u00e0, Coperchio della batteria in acciaio inossidabile, Cinturino in silicone, Lunghezza cinturino: 23cm, Diametro quadrante: 37,3mm.<\/p>\n<div class='aiseo-faq-section' style='margin-top:30px; border-top:1px solid #eee; padding-top:20px;'>\n<h3>Domande Frequenti<\/h3>\n<details style='margin-bottom:10px; padding:10px; background:#f9f9f9; border-radius:5px;'>\n<summary style='font-weight:bold; cursor:pointer;'>Di che materiale \u00e8 il cinturino?<\/summary>\n<div style='margin-top:10px; color:#555;'>Il cinturino \u00e8 in silicone.<\/div>\n<\/details>\n<details style='margin-bottom:10px; padding:10px; background:#f9f9f9; border-radius:5px;'>\n<summary style='font-weight:bold; cursor:pointer;'>Qual \u00e8 il diametro del quadrante?<\/summary>\n<div style='margin-top:10px; color:#555;'>Il diametro del quadrante \u00e8 37,3 mm.<\/div>\n<\/details>\n<details style='margin-bottom:10px; padding:10px; background:#f9f9f9; border-radius:5px;'>\n<summary style='font-weight:bold; cursor:pointer;'>Qual \u00e8 la lunghezza del cinturino?<\/summary>\n<div style='margin-top:10px; color:#555;'>La lunghezza del cinturino \u00e8 di 23 cm.<\/div>\n<\/details>\n<details style='margin-bottom:10px; padding:10px; background:#f9f9f9; border-radius:5px;'>\n<summary style='font-weight:bold; cursor:pointer;'>Ha protezione dall&#8217;umidit\u00e0?<\/summary>\n<div style='margin-top:10px; color:#555;'>S\u00ec, ha resistenza all&#8217;umidit\u00e0 secondo la descrizione, senza che venga specificato un grado preciso di impermeabilit\u00e0.<\/div>\n<\/details>\n<\/div>\n","protected":false},"excerpt":{"rendered":"<p>Orologio da polso analogico con cinturino in silicone, costruzione impermeabile e coperchio della batteria in acciaio inossidabile. Diametro del quadrante 37,3 mm e lunghezza del cinturino 23 cm per un uso comodo e quotidiano.<\/p>\n","protected":false},"featured_media":5101249,"comment_status":"closed","ping_status":"open","template":"","meta":[],"product_brand":[],"product_cat":[],"product_tag":[15],"class_list":{"0":"post-5302416","1":"product","2":"type-product","3":"status-publish","4":"has-post-thumbnail","6":"product_tag-uncategorized","8":"first","9":"onbackorder","10":"purchasable","11":"product-type-simple"},"jetpack_sharing_enabled":true,"_links":{"self":[{"href":"https:\/\/gadgettravellers.eu\/it\/wp-json\/wp\/v2\/product\/5302416","targetHints":{"allow":["GET"]}}],"collection":[{"href":"https:\/\/gadgettravellers.eu\/it\/wp-json\/wp\/v2\/product"}],"about":[{"href":"https:\/\/gadgettravellers.eu\/it\/wp-json\/wp\/v2\/types\/product"}],"replies":[{"embeddable":true,"href":"https:\/\/gadgettravellers.eu\/it\/wp-json\/wp\/v2\/comments?post=5302416"}],"wp:featuredmedia":[{"embeddable":true,"href":"https:\/\/gadgettravellers.eu\/it\/wp-json\/wp\/v2\/media\/5101249"}],"wp:attachment":[{"href":"https:\/\/gadgettravellers.eu\/it\/wp-json\/wp\/v2\/media?parent=5302416"}],"wp:term":[{"taxonomy":"product_brand","embeddable":true,"href":"https:\/\/gadgettravellers.eu\/it\/wp-json\/wp\/v2\/product_brand?post=5302416"},{"taxonomy":"product_cat","embeddable":true,"href":"https:\/\/gadgettravellers.eu\/it\/wp-json\/wp\/v2\/product_cat?post=5302416"},{"taxonomy":"product_tag","embeddable":true,"href":"https:\/\/gadgettravellers.eu\/it\/wp-json\/wp\/v2\/product_tag?post=5302416"}],"curies":[{"name":"wp","href":"https:\/\/api.w.org\/{rel}","templated":true}]}}