{"id":5302418,"date":"2026-01-19T12:03:16","date_gmt":"2026-01-19T10:03:16","guid":{"rendered":"https:\/\/gadgettravellers.eu\/shop\/orologio-da-polso-analogico-skmei-2057-azzurro-chiaro\/"},"modified":"2026-04-14T01:07:51","modified_gmt":"2026-04-13T23:07:51","slug":"orologio-da-polso-analogico-skmei-2057-azzurro-chiaro","status":"publish","type":"product","link":"https:\/\/gadgettravellers.eu\/it\/shop\/orologio-da-polso-analogico-skmei-2057-azzurro-chiaro\/","title":{"rendered":"Orologio da polso analogico \u2013 Skmei &#8211; 2057 &#8211; Azzurro chiaro"},"content":{"rendered":"<p>Orologio da polso analogico Skmei con design eccezionale e stile che si adatta a ogni gusto e umore.<\/p>\n<p>Caratteristiche:<br \/>\nVestibilit\u00e0 comoda, Resistenza all&#8217;umidit\u00e0, Coperchio della batteria in acciaio inossidabile, Cinturino in silicone, Lunghezza cinturino: 23cm, Diametro quadrante: 37,3mm.<\/p>\n<div class='aiseo-faq-section' style='margin-top:30px; border-top:1px solid #eee; padding-top:20px;'>\n<h3>Domande Frequenti<\/h3>\n<details style='margin-bottom:10px; padding:10px; background:#f9f9f9; border-radius:5px;'>\n<summary style='font-weight:bold; cursor:pointer;'>Di che materiale \u00e8 il cinturino?<\/summary>\n<div style='margin-top:10px; color:#555;'>Il cinturino \u00e8 in silicone.<\/div>\n<\/details>\n<details style='margin-bottom:10px; padding:10px; background:#f9f9f9; border-radius:5px;'>\n<summary style='font-weight:bold; cursor:pointer;'>Qual \u00e8 il diametro del quadrante?<\/summary>\n<div style='margin-top:10px; color:#555;'>Il diametro del quadrante \u00e8 di 37,3 mm.<\/div>\n<\/details>\n<details style='margin-bottom:10px; padding:10px; background:#f9f9f9; border-radius:5px;'>\n<summary style='font-weight:bold; cursor:pointer;'>Quanto \u00e8 lungo il cinturino?<\/summary>\n<div style='margin-top:10px; color:#555;'>Il cinturino ha una lunghezza di 23 cm.<\/div>\n<\/details>\n<details style='margin-bottom:10px; padding:10px; background:#f9f9f9; border-radius:5px;'>\n<summary style='font-weight:bold; cursor:pointer;'>C&#8217;\u00e8 resistenza all&#8217;umidit\u00e0?<\/summary>\n<div style='margin-top:10px; color:#555;'>S\u00ec, l&#8217;orologio \u00e8 resistente all&#8217;umidit\u00e0.<\/div>\n<\/details>\n<\/div>\n","protected":false},"excerpt":{"rendered":"<p>Orologio analogico con quadrante da 37,3 mm e cinturino in silicone da 23 cm. Coperchio della batteria in acciaio inossidabile, resistente all&#8217;umidit\u00e0 e comodo per l&#8217;uso quotidiano.<\/p>\n","protected":false},"featured_media":5101257,"comment_status":"closed","ping_status":"open","template":"","meta":[],"product_brand":[],"product_cat":[],"product_tag":[15],"class_list":{"0":"post-5302418","1":"product","2":"type-product","3":"status-publish","4":"has-post-thumbnail","6":"product_tag-uncategorized","8":"first","9":"onbackorder","10":"purchasable","11":"product-type-simple"},"jetpack_sharing_enabled":true,"_links":{"self":[{"href":"https:\/\/gadgettravellers.eu\/it\/wp-json\/wp\/v2\/product\/5302418","targetHints":{"allow":["GET"]}}],"collection":[{"href":"https:\/\/gadgettravellers.eu\/it\/wp-json\/wp\/v2\/product"}],"about":[{"href":"https:\/\/gadgettravellers.eu\/it\/wp-json\/wp\/v2\/types\/product"}],"replies":[{"embeddable":true,"href":"https:\/\/gadgettravellers.eu\/it\/wp-json\/wp\/v2\/comments?post=5302418"}],"wp:featuredmedia":[{"embeddable":true,"href":"https:\/\/gadgettravellers.eu\/it\/wp-json\/wp\/v2\/media\/5101257"}],"wp:attachment":[{"href":"https:\/\/gadgettravellers.eu\/it\/wp-json\/wp\/v2\/media?parent=5302418"}],"wp:term":[{"taxonomy":"product_brand","embeddable":true,"href":"https:\/\/gadgettravellers.eu\/it\/wp-json\/wp\/v2\/product_brand?post=5302418"},{"taxonomy":"product_cat","embeddable":true,"href":"https:\/\/gadgettravellers.eu\/it\/wp-json\/wp\/v2\/product_cat?post=5302418"},{"taxonomy":"product_tag","embeddable":true,"href":"https:\/\/gadgettravellers.eu\/it\/wp-json\/wp\/v2\/product_tag?post=5302418"}],"curies":[{"name":"wp","href":"https:\/\/api.w.org\/{rel}","templated":true}]}}