{"id":5302462,"date":"2026-01-19T12:03:41","date_gmt":"2026-01-19T10:03:41","guid":{"rendered":"https:\/\/gadgettravellers.eu\/shop\/gioco-per-neonati-polpo-6033-161114-blu\/"},"modified":"2026-04-14T01:08:08","modified_gmt":"2026-04-13T23:08:08","slug":"gioco-per-neonati-polpo-6033-161114-blu","status":"publish","type":"product","link":"https:\/\/gadgettravellers.eu\/it\/shop\/gioco-per-neonati-polpo-6033-161114-blu\/","title":{"rendered":"Gioco per neonati polpo &#8211; 6033 &#8211; 161114 &#8211; Blu"},"content":{"rendered":"<p>Gioco per neonati polpo con gambe mobili e suoni. <br \/>Realizzato in materiale plastico morbido, non tossico e sicuro. Pu\u00f2 essere utilizzato in bagno poich\u00e9 \u00e8 completamente impermeabile. Pu\u00f2 eseguire molteplici movimenti come rotazione della testa, movimento e pressione delle gambe, estensione manuale della stella marina e tirare il naso, ecc. <br \/>Un gioco eccellente con molte funzionalit\u00e0 che eserciter\u00e0 la motricit\u00e0 fine del bambino e manterr\u00e0 il suo interesse per ore.<\/p>\n<p>Dimensioni: 12 x 13 cm.<\/p>\n<p>Soddisfa tutti gli standard di sicurezza. <br \/>Adatto per bambini di et\u00e0 superiore a 10 mesi.<\/p>\n","protected":false},"excerpt":{"rendered":"<p>Giocattolo da bagno impermeabile per neonati a forma di polpo con parti mobili ed effetti sonori, adatto dai 10 mesi. Plastica morbida e non tossica per giocare in bagno e per esercitare la motricit\u00e0 fine.<\/p>\n","protected":false},"featured_media":5101526,"comment_status":"closed","ping_status":"open","template":"","meta":[],"product_brand":[],"product_cat":[],"product_tag":[15],"class_list":{"0":"post-5302462","1":"product","2":"type-product","3":"status-publish","4":"has-post-thumbnail","6":"product_tag-uncategorized","8":"first","9":"onbackorder","10":"purchasable","11":"product-type-simple"},"jetpack_sharing_enabled":true,"_links":{"self":[{"href":"https:\/\/gadgettravellers.eu\/it\/wp-json\/wp\/v2\/product\/5302462","targetHints":{"allow":["GET"]}}],"collection":[{"href":"https:\/\/gadgettravellers.eu\/it\/wp-json\/wp\/v2\/product"}],"about":[{"href":"https:\/\/gadgettravellers.eu\/it\/wp-json\/wp\/v2\/types\/product"}],"replies":[{"embeddable":true,"href":"https:\/\/gadgettravellers.eu\/it\/wp-json\/wp\/v2\/comments?post=5302462"}],"wp:featuredmedia":[{"embeddable":true,"href":"https:\/\/gadgettravellers.eu\/it\/wp-json\/wp\/v2\/media\/5101526"}],"wp:attachment":[{"href":"https:\/\/gadgettravellers.eu\/it\/wp-json\/wp\/v2\/media?parent=5302462"}],"wp:term":[{"taxonomy":"product_brand","embeddable":true,"href":"https:\/\/gadgettravellers.eu\/it\/wp-json\/wp\/v2\/product_brand?post=5302462"},{"taxonomy":"product_cat","embeddable":true,"href":"https:\/\/gadgettravellers.eu\/it\/wp-json\/wp\/v2\/product_cat?post=5302462"},{"taxonomy":"product_tag","embeddable":true,"href":"https:\/\/gadgettravellers.eu\/it\/wp-json\/wp\/v2\/product_tag?post=5302462"}],"curies":[{"name":"wp","href":"https:\/\/api.w.org\/{rel}","templated":true}]}}