{"id":5302491,"date":"2026-01-19T12:03:57","date_gmt":"2026-01-19T10:03:57","guid":{"rendered":"https:\/\/gadgettravellers.eu\/shop\/radio-retro-ricaricabile-rx722bt-027221\/"},"modified":"2026-04-14T01:08:18","modified_gmt":"2026-04-13T23:08:18","slug":"radio-retro-ricaricabile-rx722bt-027221","status":"publish","type":"product","link":"https:\/\/gadgettravellers.eu\/it\/shop\/radio-retro-ricaricabile-rx722bt-027221\/","title":{"rendered":"Radio retr\u00f2 ricaricabile &#8211; RX722BT &#8211; 027221"},"content":{"rendered":"<p>Radio portatile dal bellissimo design retr\u00f2 per gli amanti dello stile vintage. Offre un&#8217;alta qualit\u00e0 del suono grazie agli altoparlanti stereo, mentre l&#8217;antenna pieghevole garantisce un segnale radio stabile. Puoi portare la tua musica preferita ovunque, poich\u00e9 \u00e8 pratico e facile da trasportare.<\/p>\n<p>Caratteristiche: <br \/>Batteria ricaricabile integrata, <br \/>Bande radio: AM, FM, SW, <br \/>Sintonizzatore: Analogico, <br \/>Porte: USB\/SD\/Jack 3.5mm, <br \/>Dotato di: Bluetooth 4.1, <br \/>Alimentazione: DC 5V, <br \/>Maniglia per il trasporto, <br \/>Dimensioni: 19.5 x 11.5 x 8.5cm.<\/p>\n","protected":false},"excerpt":{"rendered":"<p>Radio portatile con design retr\u00f2, altoparlanti stereo e Bluetooth 4.1. Dispone di batteria ricaricabile, ingressi USB\/SD\/AUX, sintonizzatore analogico (AM\/FM\/SW) e antenna pieghevole \u2014 ideale per l&#8217;ascolto portatile.<\/p>\n","protected":false},"featured_media":5101673,"comment_status":"closed","ping_status":"open","template":"","meta":[],"product_brand":[],"product_cat":[],"product_tag":[15],"class_list":{"0":"post-5302491","1":"product","2":"type-product","3":"status-publish","4":"has-post-thumbnail","6":"product_tag-uncategorized","8":"first","9":"onbackorder","10":"purchasable","11":"product-type-simple"},"jetpack_sharing_enabled":true,"_links":{"self":[{"href":"https:\/\/gadgettravellers.eu\/it\/wp-json\/wp\/v2\/product\/5302491","targetHints":{"allow":["GET"]}}],"collection":[{"href":"https:\/\/gadgettravellers.eu\/it\/wp-json\/wp\/v2\/product"}],"about":[{"href":"https:\/\/gadgettravellers.eu\/it\/wp-json\/wp\/v2\/types\/product"}],"replies":[{"embeddable":true,"href":"https:\/\/gadgettravellers.eu\/it\/wp-json\/wp\/v2\/comments?post=5302491"}],"wp:featuredmedia":[{"embeddable":true,"href":"https:\/\/gadgettravellers.eu\/it\/wp-json\/wp\/v2\/media\/5101673"}],"wp:attachment":[{"href":"https:\/\/gadgettravellers.eu\/it\/wp-json\/wp\/v2\/media?parent=5302491"}],"wp:term":[{"taxonomy":"product_brand","embeddable":true,"href":"https:\/\/gadgettravellers.eu\/it\/wp-json\/wp\/v2\/product_brand?post=5302491"},{"taxonomy":"product_cat","embeddable":true,"href":"https:\/\/gadgettravellers.eu\/it\/wp-json\/wp\/v2\/product_cat?post=5302491"},{"taxonomy":"product_tag","embeddable":true,"href":"https:\/\/gadgettravellers.eu\/it\/wp-json\/wp\/v2\/product_tag?post=5302491"}],"curies":[{"name":"wp","href":"https:\/\/api.w.org\/{rel}","templated":true}]}}