{"id":5302503,"date":"2026-01-19T12:04:04","date_gmt":"2026-01-19T10:04:04","guid":{"rendered":"https:\/\/gadgettravellers.eu\/shop\/torcia-da-lavoro-led-ricaricabile-con-pannello-solare-r05-272512\/"},"modified":"2026-04-14T01:08:21","modified_gmt":"2026-04-13T23:08:21","slug":"torcia-da-lavoro-led-ricaricabile-con-pannello-solare-r05-272512","status":"publish","type":"product","link":"https:\/\/gadgettravellers.eu\/it\/shop\/torcia-da-lavoro-led-ricaricabile-con-pannello-solare-r05-272512\/","title":{"rendered":"Torcia da lavoro LED ricaricabile con pannello solare &#8211; R05 &#8211; 272512"},"content":{"rendered":"<p>Proiettore da lavoro LED ricaricabile con pannello solare che offre autonomia extra della batteria e con supporto pieghevole. Caratteristiche: 3 modalit\u00e0, Spia di carica, Tempo di ricarica solare: 8 ore in pieno sole, Autonomia: 4-8 ore a seconda dell&#8217;intensit\u00e0, Impermeabilit\u00e0: IP65, Temperatura-colore della luce: Bianco freddo 6500K.<\/p>\n","protected":false},"excerpt":{"rendered":"<p>Torcia da lavoro LED ricaricabile con pannello solare integrato e supporto pieghevole. IP65, 3 modalit\u00e0, bianco freddo 6500K, autonomia 4\u20138 ore e ricarica solare circa 8 ore.<\/p>\n","protected":false},"featured_media":5101772,"comment_status":"closed","ping_status":"open","template":"","meta":[],"product_brand":[],"product_cat":[],"product_tag":[15],"class_list":{"0":"post-5302503","1":"product","2":"type-product","3":"status-publish","4":"has-post-thumbnail","6":"product_tag-uncategorized","8":"first","9":"onbackorder","10":"purchasable","11":"product-type-simple"},"jetpack_sharing_enabled":true,"_links":{"self":[{"href":"https:\/\/gadgettravellers.eu\/it\/wp-json\/wp\/v2\/product\/5302503","targetHints":{"allow":["GET"]}}],"collection":[{"href":"https:\/\/gadgettravellers.eu\/it\/wp-json\/wp\/v2\/product"}],"about":[{"href":"https:\/\/gadgettravellers.eu\/it\/wp-json\/wp\/v2\/types\/product"}],"replies":[{"embeddable":true,"href":"https:\/\/gadgettravellers.eu\/it\/wp-json\/wp\/v2\/comments?post=5302503"}],"wp:featuredmedia":[{"embeddable":true,"href":"https:\/\/gadgettravellers.eu\/it\/wp-json\/wp\/v2\/media\/5101772"}],"wp:attachment":[{"href":"https:\/\/gadgettravellers.eu\/it\/wp-json\/wp\/v2\/media?parent=5302503"}],"wp:term":[{"taxonomy":"product_brand","embeddable":true,"href":"https:\/\/gadgettravellers.eu\/it\/wp-json\/wp\/v2\/product_brand?post=5302503"},{"taxonomy":"product_cat","embeddable":true,"href":"https:\/\/gadgettravellers.eu\/it\/wp-json\/wp\/v2\/product_cat?post=5302503"},{"taxonomy":"product_tag","embeddable":true,"href":"https:\/\/gadgettravellers.eu\/it\/wp-json\/wp\/v2\/product_tag?post=5302503"}],"curies":[{"name":"wp","href":"https:\/\/api.w.org\/{rel}","templated":true}]}}