{"id":5302546,"date":"2026-01-19T12:04:31","date_gmt":"2026-01-19T10:04:31","guid":{"rendered":"https:\/\/gadgettravellers.eu\/shop\/altoparlanti-per-auto-ts-1085-4-004208\/"},"modified":"2026-04-13T01:10:34","modified_gmt":"2026-04-12T23:10:34","slug":"altoparlanti-per-auto-ts-1085-4-004208","status":"publish","type":"product","link":"https:\/\/gadgettravellers.eu\/it\/shop\/altoparlanti-per-auto-ts-1085-4-004208\/","title":{"rendered":"Altoparlanti per auto \u2013 TS-1085 &#8211; 4&#8221; &#8211; 004208"},"content":{"rendered":"<p>Dimensione: 4&#8221;- 10cm,<br \/>\nPotenza RMS: 30W,<br \/>\nPotenza massima: 300W,<br \/>\nImpedenza: 4\u03a9,<br \/>\nSensibilit\u00e0: 92db,<br \/>\nRisposta in frequenza: 80HZ-20KHZ,<br \/>\nInclusi 2 pezzi.<\/p>\n<div class='aiseo-faq-section' style='margin-top:30px; border-top:1px solid #eee; padding-top:20px;'>\n<h3>Domande Frequenti<\/h3>\n<details style='margin-bottom:10px; padding:10px; background:#f9f9f9; border-radius:5px;'>\n<summary style='font-weight:bold; cursor:pointer;'>Qual \u00e8 la dimensione degli altoparlanti?<\/summary>\n<div style='margin-top:10px; color:#555;'>La dimensione \u00e8 4&#8221; (10 cm).<\/div>\n<\/details>\n<details style='margin-bottom:10px; padding:10px; background:#f9f9f9; border-radius:5px;'>\n<summary style='font-weight:bold; cursor:pointer;'>Qual \u00e8 la potenza RMS e la potenza massima?<\/summary>\n<div style='margin-top:10px; color:#555;'>La potenza RMS \u00e8 di 30W e la potenza massima \u00e8 di 300W.<\/div>\n<\/details>\n<details style='margin-bottom:10px; padding:10px; background:#f9f9f9; border-radius:5px;'>\n<summary style='font-weight:bold; cursor:pointer;'>Qual \u00e8 la resistenza degli altoparlanti?<\/summary>\n<div style='margin-top:10px; color:#555;'>La resistenza \u00e8 4\u03a9.<\/div>\n<\/details>\n<details style='margin-bottom:10px; padding:10px; background:#f9f9f9; border-radius:5px;'>\n<summary style='font-weight:bold; cursor:pointer;'>Qual \u00e8 la sensibilit\u00e0 e la risposta in frequenza?<\/summary>\n<div style='margin-top:10px; color:#555;'>La sensibilit\u00e0 \u00e8 di 92 dB e la risposta in frequenza \u00e8 80Hz\u201320kHz.<\/div>\n<\/details>\n<details style='margin-bottom:10px; padding:10px; background:#f9f9f9; border-radius:5px;'>\n<summary style='font-weight:bold; cursor:pointer;'>Quanti pezzi sono inclusi nel set?<\/summary>\n<div style='margin-top:10px; color:#555;'>Il set include 2 pezzi.<\/div>\n<\/details>\n<\/div>\n","protected":false},"excerpt":{"rendered":"<p>Altoparlanti per auto 4&#8221; (10cm) \u2014 30W RMS (300W max), 4\u03a9, sensibilit\u00e0 92dB e risposta 80Hz\u201320kHz. Forniti in set da 2, ideali per l&#8217;aggiornamento del sistema audio dell&#8217;auto con un suono chiaro e potente.<\/p>\n","protected":false},"featured_media":5102048,"comment_status":"closed","ping_status":"open","template":"","meta":[],"product_brand":[],"product_cat":[],"product_tag":[15],"class_list":{"0":"post-5302546","1":"product","2":"type-product","3":"status-publish","4":"has-post-thumbnail","6":"product_tag-uncategorized","8":"first","9":"onbackorder","10":"purchasable","11":"product-type-simple"},"jetpack_sharing_enabled":true,"_links":{"self":[{"href":"https:\/\/gadgettravellers.eu\/it\/wp-json\/wp\/v2\/product\/5302546","targetHints":{"allow":["GET"]}}],"collection":[{"href":"https:\/\/gadgettravellers.eu\/it\/wp-json\/wp\/v2\/product"}],"about":[{"href":"https:\/\/gadgettravellers.eu\/it\/wp-json\/wp\/v2\/types\/product"}],"replies":[{"embeddable":true,"href":"https:\/\/gadgettravellers.eu\/it\/wp-json\/wp\/v2\/comments?post=5302546"}],"wp:featuredmedia":[{"embeddable":true,"href":"https:\/\/gadgettravellers.eu\/it\/wp-json\/wp\/v2\/media\/5102048"}],"wp:attachment":[{"href":"https:\/\/gadgettravellers.eu\/it\/wp-json\/wp\/v2\/media?parent=5302546"}],"wp:term":[{"taxonomy":"product_brand","embeddable":true,"href":"https:\/\/gadgettravellers.eu\/it\/wp-json\/wp\/v2\/product_brand?post=5302546"},{"taxonomy":"product_cat","embeddable":true,"href":"https:\/\/gadgettravellers.eu\/it\/wp-json\/wp\/v2\/product_cat?post=5302546"},{"taxonomy":"product_tag","embeddable":true,"href":"https:\/\/gadgettravellers.eu\/it\/wp-json\/wp\/v2\/product_tag?post=5302546"}],"curies":[{"name":"wp","href":"https:\/\/api.w.org\/{rel}","templated":true}]}}