{"id":5302639,"date":"2026-01-19T12:05:22","date_gmt":"2026-01-19T10:05:22","guid":{"rendered":"https:\/\/gadgettravellers.eu\/shop\/gioco-di-costruzioni-fai-da-te-con-mattoncini-in-gomma-6643-345243\/"},"modified":"2026-04-14T01:09:11","modified_gmt":"2026-04-13T23:09:11","slug":"gioco-di-costruzioni-fai-da-te-con-mattoncini-in-gomma-6643-345243","status":"publish","type":"product","link":"https:\/\/gadgettravellers.eu\/it\/shop\/gioco-di-costruzioni-fai-da-te-con-mattoncini-in-gomma-6643-345243\/","title":{"rendered":"Gioco di costruzioni fai-da-te con mattoncini in gomma &#8211; 6643 &#8211; 345243"},"content":{"rendered":"<p>Gioco di costruzioni fai-da-te con mattoncini colorati in gomma morbida speciale, non tossica, in varie forme geometriche per creazioni incredibili.<\/p>\n<p>Dimensioni della confezione: 27,5 x 20,5 x 5,5 cm<\/p>\n<p>Include 13 pezzi. <\/p>\n<p>Conforme a tutte le norme di sicurezza. <br \/>Adatto a bambini di et\u00e0 superiore a 3 anni.<\/p>\n","protected":false},"excerpt":{"rendered":"<p>Set di costruzioni con 13 mattoncini morbidi colorati in gomma non tossica, adatto a bambini di et\u00e0 superiore a 3 anni. Stimola la creativit\u00e0 e le abilit\u00e0 motorie fini.<\/p>\n","protected":false},"featured_media":5102548,"comment_status":"closed","ping_status":"open","template":"","meta":[],"product_brand":[],"product_cat":[],"product_tag":[15],"class_list":{"0":"post-5302639","1":"product","2":"type-product","3":"status-publish","4":"has-post-thumbnail","6":"product_tag-uncategorized","8":"first","9":"onbackorder","10":"purchasable","11":"product-type-simple"},"jetpack_sharing_enabled":true,"_links":{"self":[{"href":"https:\/\/gadgettravellers.eu\/it\/wp-json\/wp\/v2\/product\/5302639","targetHints":{"allow":["GET"]}}],"collection":[{"href":"https:\/\/gadgettravellers.eu\/it\/wp-json\/wp\/v2\/product"}],"about":[{"href":"https:\/\/gadgettravellers.eu\/it\/wp-json\/wp\/v2\/types\/product"}],"replies":[{"embeddable":true,"href":"https:\/\/gadgettravellers.eu\/it\/wp-json\/wp\/v2\/comments?post=5302639"}],"wp:featuredmedia":[{"embeddable":true,"href":"https:\/\/gadgettravellers.eu\/it\/wp-json\/wp\/v2\/media\/5102548"}],"wp:attachment":[{"href":"https:\/\/gadgettravellers.eu\/it\/wp-json\/wp\/v2\/media?parent=5302639"}],"wp:term":[{"taxonomy":"product_brand","embeddable":true,"href":"https:\/\/gadgettravellers.eu\/it\/wp-json\/wp\/v2\/product_brand?post=5302639"},{"taxonomy":"product_cat","embeddable":true,"href":"https:\/\/gadgettravellers.eu\/it\/wp-json\/wp\/v2\/product_cat?post=5302639"},{"taxonomy":"product_tag","embeddable":true,"href":"https:\/\/gadgettravellers.eu\/it\/wp-json\/wp\/v2\/product_tag?post=5302639"}],"curies":[{"name":"wp","href":"https:\/\/api.w.org\/{rel}","templated":true}]}}