{"id":5302647,"date":"2026-01-19T12:05:27","date_gmt":"2026-01-19T10:05:27","guid":{"rendered":"https:\/\/gadgettravellers.eu\/shop\/veicolo-giocattolo-telecomandato-cartoon-car-815-6-345276\/"},"modified":"2026-04-14T01:09:13","modified_gmt":"2026-04-13T23:09:13","slug":"veicolo-giocattolo-telecomandato-cartoon-car-815-6-345276","status":"publish","type":"product","link":"https:\/\/gadgettravellers.eu\/it\/shop\/veicolo-giocattolo-telecomandato-cartoon-car-815-6-345276\/","title":{"rendered":"Veicolo giocattolo telecomandato &#8211; Cartoon Car &#8211; 815-6 &#8211; 345276"},"content":{"rendered":"<p>Veicolo giocattolo telecomandato &#8211; Cartoon Car con suoni, in un design carino e colorato e con molteplici funzioni che entusiasmeranno il tuo bambino. La parte superiore \u00e8 realizzata in gomma morbida, elastica e non tossica e pu\u00f2 essere rimossa per essere utilizzata anche come giocattolo separato o giocattolo da bagno.<\/p>\n<p><span class=\"HwtZe\" lang=\"el\"><span class=\"jCAhz ChMk0b\"><span class=\"ryNqvb\">Dimensioni della confezione: 25 x 13 x 14 cm<\/span><\/span><\/span><\/p>\n<p>Il veicolo funziona con 3 batterie AA da 1,5V (non incluse).<br \/>Il telecomando funziona con 2 batterie AA da 1,5V (non incluse).<\/p>\n<p>Conforme a tutte le norme di sicurezza. <br \/>Adatto a bambini di et\u00e0 superiore ai 3 anni.<\/p>\n","protected":false},"excerpt":{"rendered":"<p>Veicolo giocattolo telecomandato con suoni e parte morbida in gomma non tossica rimovibile che pu\u00f2 essere utilizzata anche come gioco da bagno. Funziona con batterie AA ed \u00e8 adatto a bambini di et\u00e0 superiore ai 3 anni.<\/p>\n","protected":false},"featured_media":5102613,"comment_status":"closed","ping_status":"open","template":"","meta":[],"product_brand":[],"product_cat":[],"product_tag":[15],"class_list":{"0":"post-5302647","1":"product","2":"type-product","3":"status-publish","4":"has-post-thumbnail","6":"product_tag-uncategorized","8":"first","9":"onbackorder","10":"purchasable","11":"product-type-simple"},"jetpack_sharing_enabled":true,"_links":{"self":[{"href":"https:\/\/gadgettravellers.eu\/it\/wp-json\/wp\/v2\/product\/5302647","targetHints":{"allow":["GET"]}}],"collection":[{"href":"https:\/\/gadgettravellers.eu\/it\/wp-json\/wp\/v2\/product"}],"about":[{"href":"https:\/\/gadgettravellers.eu\/it\/wp-json\/wp\/v2\/types\/product"}],"replies":[{"embeddable":true,"href":"https:\/\/gadgettravellers.eu\/it\/wp-json\/wp\/v2\/comments?post=5302647"}],"wp:featuredmedia":[{"embeddable":true,"href":"https:\/\/gadgettravellers.eu\/it\/wp-json\/wp\/v2\/media\/5102613"}],"wp:attachment":[{"href":"https:\/\/gadgettravellers.eu\/it\/wp-json\/wp\/v2\/media?parent=5302647"}],"wp:term":[{"taxonomy":"product_brand","embeddable":true,"href":"https:\/\/gadgettravellers.eu\/it\/wp-json\/wp\/v2\/product_brand?post=5302647"},{"taxonomy":"product_cat","embeddable":true,"href":"https:\/\/gadgettravellers.eu\/it\/wp-json\/wp\/v2\/product_cat?post=5302647"},{"taxonomy":"product_tag","embeddable":true,"href":"https:\/\/gadgettravellers.eu\/it\/wp-json\/wp\/v2\/product_tag?post=5302647"}],"curies":[{"name":"wp","href":"https:\/\/api.w.org\/{rel}","templated":true}]}}