{"id":5302694,"date":"2026-01-19T12:05:51","date_gmt":"2026-01-19T10:05:51","guid":{"rendered":"https:\/\/gadgettravellers.eu\/shop\/bambola-baby-con-passeggino-e-accessori-per-la-cura-3358-1k-345375\/"},"modified":"2026-04-13T01:11:29","modified_gmt":"2026-04-12T23:11:29","slug":"bambola-baby-con-passeggino-e-accessori-per-la-cura-3358-1k-345375","status":"publish","type":"product","link":"https:\/\/gadgettravellers.eu\/it\/shop\/bambola-baby-con-passeggino-e-accessori-per-la-cura-3358-1k-345375\/","title":{"rendered":"Bambola baby con passeggino e accessori per la cura &#8211; 3358-1K &#8211; 345375"},"content":{"rendered":"<p><span data-sheets-root=\"1\" data-sheets-value=\"{\"1\":2,\"2\":\"\u0394\u03b9\u03b1\u03c3\u03c4\u03ac\u03c3\u03b5\u03b9\u03c2 \u03c3\u03c5\u03c3\u03ba\u03b5\u03c5\u03b1\u03c3\u03af\u03b1\u03c2: 56 x 35 x 10.5cm\"}\" data-sheets-userformat=\"{\"2\":6657,\"3\":{\"1\":0},\"12\":0,\"14\":{\"1\":3,\"3\":1},\"15\":\"Calibri\"}\">Bambola bambina con set completo di lettino, seggiolone e passeggino per prenderti cura della tua bambola come un vero bambino!<\/span><\/p>\n<p><span data-sheets-root=\"1\" data-sheets-value=\"{\"1\":2,\"2\":\"\u0394\u03b9\u03b1\u03c3\u03c4\u03ac\u03c3\u03b5\u03b9\u03c2 \u03c3\u03c5\u03c3\u03ba\u03b5\u03c5\u03b1\u03c3\u03af\u03b1\u03c2: 56 x 35 x 10.5cm\"}\" data-sheets-userformat=\"{\"2\":6657,\"3\":{\"1\":0},\"12\":0,\"14\":{\"1\":3,\"3\":1},\"15\":\"Calibri\"}\">Dimensioni della confezione: 56 x 35 x 10,5 cm<\/span><\/p>\n<p>Conforme a tutte le norme di sicurezza. <br \/>Adatto a bambini di et\u00e0 superiore ai 3 anni.<\/p>\n<div class='aiseo-faq-section' style='margin-top:30px; border-top:1px solid #eee; padding-top:20px;'>\n<h3>Domande Frequenti<\/h3>\n<details style='margin-bottom:10px; padding:10px; background:#f9f9f9; border-radius:5px;'>\n<summary style='font-weight:bold; cursor:pointer;'>Per quale et\u00e0 \u00e8 adatta questa bambola?<\/summary>\n<div style='margin-top:10px; color:#555;'>Adatto per bambini di et\u00e0 superiore ai 3 anni.<\/div>\n<\/details>\n<details style='margin-bottom:10px; padding:10px; background:#f9f9f9; border-radius:5px;'>\n<summary style='font-weight:bold; cursor:pointer;'>Cosa include il set?<\/summary>\n<div style='margin-top:10px; color:#555;'>Include bambola beb\u00e9, lettino, seggiolone, passeggino e accessori per la cura.<\/div>\n<\/details>\n<details style='margin-bottom:10px; padding:10px; background:#f9f9f9; border-radius:5px;'>\n<summary style='font-weight:bold; cursor:pointer;'>Quali sono le dimensioni della confezione?<\/summary>\n<div style='margin-top:10px; color:#555;'>Le dimensioni della confezione sono 56 x 35 x 10,5 cm.<\/div>\n<\/details>\n<details style='margin-bottom:10px; padding:10px; background:#f9f9f9; border-radius:5px;'>\n<summary style='font-weight:bold; cursor:pointer;'>Il gioco \u00e8 sicuro?<\/summary>\n<div style='margin-top:10px; color:#555;'>S\u00ec, soddisfa tutti gli standard di sicurezza ed \u00e8 adatto ai bambini di et\u00e0 superiore ai 3 anni.<\/div>\n<\/details>\n<details style='margin-bottom:10px; padding:10px; background:#f9f9f9; border-radius:5px;'>\n<summary style='font-weight:bold; cursor:pointer;'>Richiede montaggio?<\/summary>\n<div style='margin-top:10px; color:#555;'>\u00c8 pronto per giocare, senza necessit\u00e0 di un montaggio complesso.<\/div>\n<\/details>\n<\/div>\n","protected":false},"excerpt":{"rendered":"<p>Bambola baby con set completo: lettino, seggiolone, passeggino e accessori per la cura. Gioco di ruolo per bambini dai 3 anni in su, sicuro e pronto per giocare.<\/p>\n","protected":false},"featured_media":5102911,"comment_status":"closed","ping_status":"open","template":"","meta":[],"product_brand":[],"product_cat":[],"product_tag":[15],"class_list":{"0":"post-5302694","1":"product","2":"type-product","3":"status-publish","4":"has-post-thumbnail","6":"product_tag-uncategorized","8":"first","9":"onbackorder","10":"purchasable","11":"product-type-simple"},"jetpack_sharing_enabled":true,"_links":{"self":[{"href":"https:\/\/gadgettravellers.eu\/it\/wp-json\/wp\/v2\/product\/5302694","targetHints":{"allow":["GET"]}}],"collection":[{"href":"https:\/\/gadgettravellers.eu\/it\/wp-json\/wp\/v2\/product"}],"about":[{"href":"https:\/\/gadgettravellers.eu\/it\/wp-json\/wp\/v2\/types\/product"}],"replies":[{"embeddable":true,"href":"https:\/\/gadgettravellers.eu\/it\/wp-json\/wp\/v2\/comments?post=5302694"}],"wp:featuredmedia":[{"embeddable":true,"href":"https:\/\/gadgettravellers.eu\/it\/wp-json\/wp\/v2\/media\/5102911"}],"wp:attachment":[{"href":"https:\/\/gadgettravellers.eu\/it\/wp-json\/wp\/v2\/media?parent=5302694"}],"wp:term":[{"taxonomy":"product_brand","embeddable":true,"href":"https:\/\/gadgettravellers.eu\/it\/wp-json\/wp\/v2\/product_brand?post=5302694"},{"taxonomy":"product_cat","embeddable":true,"href":"https:\/\/gadgettravellers.eu\/it\/wp-json\/wp\/v2\/product_cat?post=5302694"},{"taxonomy":"product_tag","embeddable":true,"href":"https:\/\/gadgettravellers.eu\/it\/wp-json\/wp\/v2\/product_tag?post=5302694"}],"curies":[{"name":"wp","href":"https:\/\/api.w.org\/{rel}","templated":true}]}}