{"id":5302716,"date":"2026-01-19T12:06:03","date_gmt":"2026-01-19T10:06:03","guid":{"rendered":"https:\/\/gadgettravellers.eu\/shop\/auto-telecomandata-jeep-uj99-t183-1-345109\/"},"modified":"2026-04-19T20:23:43","modified_gmt":"2026-04-19T18:23:43","slug":"auto-telecomandata-jeep-uj99-t183-1-345109","status":"publish","type":"product","link":"https:\/\/gadgettravellers.eu\/it\/shop\/auto-telecomandata-jeep-uj99-t183-1-345109\/","title":{"rendered":"Auto telecomandata Jeep &#8211; UJ99-T183-1 &#8211; 345109"},"content":{"rendered":"<p>Dimensioni della confezione: 27 x 21 x 18cm.<br \/>Dimensioni dell&#8217;auto: 24 x 20 x 16cm.<\/p>\n<p><span data-v-a200a7db=\"\">Funziona con 3 batterie<\/span> 1.5V AA (non incluse).<\/p>\n<p>Conforme a tutte le norme di sicurezza.<br \/>Adatto a bambini di et\u00e0 superiore a 3 anni.<\/p>\n","protected":false},"excerpt":{"rendered":"<p>Jeep telecomandato adatto per bambini di 3 anni e oltre. Funziona con 3\u00d7AA (1,5V), dimensioni dell&#8217;auto 24\u00d720\u00d716 cm, sicuro e pronto per giocare.<\/p>\n","protected":false},"featured_media":5103051,"comment_status":"closed","ping_status":"open","template":"","meta":[],"product_brand":[],"product_cat":[],"product_tag":[15],"class_list":{"0":"post-5302716","1":"product","2":"type-product","3":"status-publish","4":"has-post-thumbnail","6":"product_tag-uncategorized","8":"first","9":"onbackorder","10":"purchasable","11":"product-type-simple"},"jetpack_sharing_enabled":true,"_links":{"self":[{"href":"https:\/\/gadgettravellers.eu\/it\/wp-json\/wp\/v2\/product\/5302716","targetHints":{"allow":["GET"]}}],"collection":[{"href":"https:\/\/gadgettravellers.eu\/it\/wp-json\/wp\/v2\/product"}],"about":[{"href":"https:\/\/gadgettravellers.eu\/it\/wp-json\/wp\/v2\/types\/product"}],"replies":[{"embeddable":true,"href":"https:\/\/gadgettravellers.eu\/it\/wp-json\/wp\/v2\/comments?post=5302716"}],"wp:featuredmedia":[{"embeddable":true,"href":"https:\/\/gadgettravellers.eu\/it\/wp-json\/wp\/v2\/media\/5103051"}],"wp:attachment":[{"href":"https:\/\/gadgettravellers.eu\/it\/wp-json\/wp\/v2\/media?parent=5302716"}],"wp:term":[{"taxonomy":"product_brand","embeddable":true,"href":"https:\/\/gadgettravellers.eu\/it\/wp-json\/wp\/v2\/product_brand?post=5302716"},{"taxonomy":"product_cat","embeddable":true,"href":"https:\/\/gadgettravellers.eu\/it\/wp-json\/wp\/v2\/product_cat?post=5302716"},{"taxonomy":"product_tag","embeddable":true,"href":"https:\/\/gadgettravellers.eu\/it\/wp-json\/wp\/v2\/product_tag?post=5302716"}],"curies":[{"name":"wp","href":"https:\/\/api.w.org\/{rel}","templated":true}]}}