{"id":5302810,"date":"2026-01-19T12:07:00","date_gmt":"2026-01-19T10:07:00","guid":{"rendered":"https:\/\/gadgettravellers.eu\/shop\/dispositivo-per-la-preparazione-di-popcorn-jmk9001-jamaky-001014\/"},"modified":"2026-04-13T01:12:12","modified_gmt":"2026-04-12T23:12:12","slug":"dispositivo-per-la-preparazione-di-popcorn-jmk9001-jamaky-001014","status":"publish","type":"product","link":"https:\/\/gadgettravellers.eu\/it\/shop\/dispositivo-per-la-preparazione-di-popcorn-jmk9001-jamaky-001014\/","title":{"rendered":"Dispositivo per la preparazione di popcorn &#8211; JMK9001 &#8211; Jamaky &#8211; 001014"},"content":{"rendered":"<p><span data-sheets-root=\"1\" data-sheets-value=\"{\"1\":2,\"2\":\"\u03a5\u03bb\u03b9\u03ba\u03cc: \u03a0\u03bb\u03b1\u03c3\u03c4\u03b9\u03ba\u03ccn\u039c\u03ae\u03ba\u03bf\u03c2 \u03c0\u03c1\u03bf\u03ca\u03cc\u03bd\u03c4\u03bf\u03c2: 27 cmn\u038e\u03c8\u03bf\u03c2 \u03c0\u03c1\u03bf\u03ca\u03cc\u03bd\u03c4\u03bf\u03c2: 17,5 cmn\u03a0\u03bb\u03ac\u03c4\u03bf\u03c2\/\u0392\u03ac\u03b8\u03bf\u03c2 \u03c0\u03c1\u03bf\u03ca\u03cc\u03bd\u03c4\u03bf\u03c2: 12,6 cmn\u03a7\u03c9\u03c1\u03b7\u03c4\u03b9\u03ba\u03cc\u03c4\u03b7\u03c4\u03b1: 1,8 Ln\u0399\u03c3\u03c7\u03cd\u03c2: 1200 Wn\u0391\u03a5\u03a4\u039f\u039c\u0391\u03a4\u039f \u03a3\u03a5\u03a3\u03a4\u0397\u039c\u0391 \u0398\u0395\u03a1\u039c\u039f\u03a5 \u0391\u0395\u03a1\u0391 \u2013 \u0388\u03bd\u03b1 \u03b1\u03bd\u03b1\u03b2\u03b1\u03b8\u03bc\u03b9\u03c3\u03bc\u03ad\u03bd\u03bf \u03c3\u03cd\u03c3\u03c4\u03b7\u03bc\u03b1 \u03b6\u03b5\u03c3\u03c4\u03bf\u03cd \u03b1\u03ad\u03c1\u03b1 \u03c0\u03bf\u03c5 \u03b8\u03b5\u03c1\u03bc\u03b1\u03af\u03bd\u03b5\u03b9 \u03c4\u03bf\u03c5\u03c2 \u03ba\u03cc\u03ba\u03ba\u03bf\u03c5\u03c2 \u03c4\u03bf\u03c5 \u03ba\u03b1\u03bb\u03b1\u03bc\u03c0\u03bf\u03ba\u03b9\u03bf\u03cd \u03b3\u03c1\u03ae\u03b3\u03bf\u03c1\u03b1 \u03ba\u03b1\u03b9 \u03bf\u03bc\u03bf\u03b9\u03cc\u03bc\u03bf\u03c1\u03c6\u03b1. \u0391\u03c5\u03be\u03ae\u03c3\u03c4\u03b5 \u03c4\u03bf \u03c0\u03bf\u03c3\u03bf\u03c3\u03c4\u03cc \u03c0\u03bf\u03c0 \u03ba\u03bf\u03c1\u03bd \u03ba\u03b1\u03c4\u03ac 96%. \u039c\u03c0\u03bf\u03c1\u03b5\u03af\u03c4\u03b5 \u03bd\u03b1 \u03c0\u03ac\u03c1\u03b5\u03c4\u03b5 18 \u03c6\u03bb\u03b9\u03c4\u03b6\u03ac\u03bd\u03b9\u03b1 \u03c0\u03bf\u03c0 \u03ba\u03bf\u03c1\u03bd \u03bc\u03ad\u03c3\u03b1 \u03c3\u03b5 150.n\u03a5\u0393\u0395\u0399\u0391 \u03a7\u03a9\u03a1\u0399\u03a3 \u039b\u0391\u0394\u0399 \u2013 \u0391\u03c5\u03c4\u03cc \u03c4\u03bf \u03b1\u03b5\u03c1\u03b9\u03c3\u03bc\u03cc \u03b5\u03af\u03bd\u03b1\u03b9 \u03c0\u03b9\u03bf \u03c5\u03b3\u03b9\u03b5\u03b9\u03bd\u03cc \u03ba\u03b1\u03b9 \u03bb\u03b9\u03b3\u03cc\u03c4\u03b5\u03c1\u03bf \u03c3\u03b5 \u03b8\u03b5\u03c1\u03bc\u03af\u03b4\u03b5\u03c2. \u039a\u03b1\u03c4\u03b1\u03c3\u03ba\u03b5\u03c5\u03b1\u03c3\u03bc\u03ad\u03bd\u03bf \u03b1\u03c0\u03cc \u03c5\u03b3\u03b9\u03b5\u03b9\u03bd\u03cc \u03c5\u03bb\u03b9\u03ba\u03cc \u03c4\u03bf\u03c5 FDA, \u03c4\u03bf \u03c0\u03bf\u03c0 \u03ba\u03bf\u03c1\u03bd \u03b5\u03c0\u03af\u03c3\u03b7\u03c2 \u03b4\u03b5\u03bd \u03c7\u03c1\u03b5\u03b9\u03ac\u03b6\u03b5\u03c4\u03b1\u03b9 \u03bb\u03ac\u03b4\u03b9. \u0391\u03c5\u03c4\u03cc \u03b5\u03af\u03bd\u03b1\u03b9 \u03c4\u03bf \u03ba\u03b1\u03bb\u03cd\u03c4\u03b5\u03c1\u03bf \u03c3\u03c4\u03bf\u03af\u03c7\u03b7\u03bc\u03ac \u03c3\u03b1\u03c2 \u03b5\u03ac\u03bd \u03b4\u03b9\u03b1\u03c4\u03b7\u03c1\u03b5\u03af\u03c4\u03b5 \u03c4\u03b7 \u03c6\u03cc\u03c1\u03bc\u03b1 \u03c3\u03b1\u03c2 \u03ba\u03b1\u03b9 \u03b8\u03ad\u03bb\u03b5\u03c4\u03b5 \u03bd\u03b1 \u03b1\u03c0\u03bf\u03c6\u03cd\u03b3\u03b5\u03c4\u03b5 \u03c4\u03b1 \u03bb\u03b9\u03c0\u03b1\u03c1\u03ac \u03c4\u03c1\u03cc\u03c6\u03b9\u03bc\u03b1 \u03b3\u03b9\u03b1 \u03c4\u03b7\u03bd \u03bf\u03b9\u03ba\u03bf\u03b3\u03ad\u03bd\u03b5\u03b9\u03ac \u03c3\u03b1\u03c2.n\u03a0\u039f\u039b\u03a5\u039b\u0395\u0399\u03a4\u039f\u03a5\u03a1\u0393\u0399\u039a\u039f \u2013 \u03a4\u03bf \u03c0\u03b5\u03c1\u03b9\u03bb\u03b1\u03bc\u03b2\u03b1\u03bd\u03cc\u03bc\u03b5\u03bd\u03bf \u03ba\u03cd\u03c0\u03b5\u03bb\u03bb\u03bf \u03bc\u03ad\u03c4\u03c1\u03b7\u03c3\u03b7\u03c2 \u03bb\u03b5\u03b9\u03c4\u03bf\u03c5\u03c1\u03b3\u03b5\u03af \u03c9\u03c2 \u03b4\u03af\u03c3\u03ba\u03bf\u03c2 \u03c4\u03ae\u03be\u03b7\u03c2 \u03b2\u03bf\u03c5\u03c4\u03cd\u03c1\u03bf\u03c5 \u03c3\u03c4\u03bf \u03b5\u03c0\u03ac\u03bd\u03c9 \u03bc\u03ad\u03c1\u03bf\u03c2 \u03c4\u03b7\u03c2 \u03bc\u03b7\u03c7\u03b1\u03bd\u03ae\u03c2. \u03a0\u03c1\u03bf\u03c3\u03b8\u03ad\u03c3\u03c4\u03b5 \u03b2\u03bf\u03cd\u03c4\u03c5\u03c1\u03bf \u03ae \u03ba\u03b1\u03c1\u03c5\u03ba\u03b5\u03cd\u03bc\u03b1\u03c4\u03b1 \u03cc\u03c3\u03bf \u03c4\u03b5\u03bb\u03b5\u03b9\u03ce\u03bd\u03b5\u03b9 \u03c4\u03bf \u03c0\u03bf\u03c0 \u03ba\u03bf\u03c1\u03bd \u03c3\u03b1\u03c2 \u03c3\u03c4\u03bf \u03bc\u03c0\u03bf\u03bb \u03ba\u03b1\u03b9 \u03c1\u03af\u03be\u03c4\u03b5 \u03bc\u03cc\u03bb\u03b9\u03c2 \u03bb\u03b9\u03ce\u03c3\u03b5\u03b9 \u03b3\u03b9\u03b1 \u03c6\u03c1\u03ad\u03c3\u03ba\u03bf \u03c0\u03bf\u03c0 \u03ba\u03bf\u03c1\u03bd \u03c3\u03b5 \u03c3\u03c4\u03c5\u03bb \u03ba\u03b9\u03bd\u03b7\u03bc\u03b1\u03c4\u03bf\u03b3\u03c1\u03ac\u03c6\u03bf\u03c5.n\u0395\u03a5\u039a\u039f\u039b\u039f \u039a\u0391\u0398\u0391\u03a1\u0399\u03a3\u039c\u039f &#038; \u0395\u039d\u0394\u0399\u0391\u03a6\u0395\u03a1\u039f\u039d \u2013 \u03a4\u03bf \u03b1\u03bd\u03c4\u03b9\u03ba\u03bf\u03bb\u03bb\u03b7\u03c4\u03b9\u03ba\u03cc \u03b4\u03c9\u03bc\u03ac\u03c4\u03b9\u03bf \u03ba\u03b1\u03bb\u03b1\u03bc\u03c0\u03bf\u03ba\u03b9\u03bf\u03cd \u03ba\u03ac\u03bd\u03b5\u03b9 \u03c4\u03bf\u03bd \u03ba\u03b1\u03b8\u03b1\u03c1\u03b9\u03c3\u03bc\u03cc \u03b5\u03cd\u03ba\u03bf\u03bb\u03bf, \u03b1\u03c0\u03bb\u03ce\u03c2 \u03c3\u03ba\u03bf\u03c5\u03c0\u03af\u03c3\u03c4\u03b5 \u03c4\u03bf. \u03a0\u03c1\u03bf\u03c3\u03b8\u03ad\u03c3\u03c4\u03b5 \u03b5\u03cd\u03ba\u03bf\u03bb\u03b1 \u03c4\u03b7 \u03c3\u03c9\u03c3\u03c4\u03ae \u03c0\u03bf\u03c3\u03cc\u03c4\u03b7\u03c4\u03b1 \u03ba\u03cc\u03ba\u03ba\u03c9\u03bd \u03ba\u03b1\u03bb\u03b1\u03bc\u03c0\u03bf\u03ba\u03b9\u03bf\u03cd, \u03c0\u03b1\u03c4\u03ae\u03c3\u03c4\u03b5 \u03c4\u03bf \u03ba\u03bf\u03c5\u03bc\u03c0\u03af \u03b3\u03b9\u03b1 \u03bd\u03b1 \u03ba\u03ac\u03bd\u03b5\u03c4\u03b5 \u03c4\u03bf \u03c0\u03bf\u03c0 \u03ba\u03bf\u03c1\u03bd \u03b4\u03b9\u03b1\u03c3\u03ba\u03b5\u03b4\u03b1\u03c3\u03c4\u03b9\u03ba\u03cc \u03ba\u03b1\u03b9 \u03bd\u03b1 \u03b1\u03c5\u03be\u03ae\u03c3\u03b5\u03c4\u03b5 \u03c4\u03b7 \u03b4\u03b9\u03b1\u03c3\u03ba\u03ad\u03b4\u03b1\u03c3\u03b7 \u03c4\u03c9\u03bd \u03c0\u03b1\u03b9\u03b4\u03b9\u03ce\u03bd \u03ba\u03b1\u03b9 \u03c4\u03c9\u03bd \u03bf\u03b9\u03ba\u03bf\u03b3\u03b5\u03bd\u03b5\u03b9\u03ce\u03bd.\"}\" data-sheets-userformat=\"{\"2\":1051137,\"3\":{\"1\":0},\"12\":0,\"14\":{\"1\":2,\"2\":16711680},\"23\":1}\">Macchina per popcorn con design innovativo e tecnologia di nuova generazione con flusso uniforme di aria calda, che prepara i tuoi popcorn preferiti in pochi minuti, croccanti e senza perdite o bruciature. Non necessita di aggiunta di olio e cos\u00ec puoi preparare e gustare il tuo snack preferito senza sensi di colpa! <br \/>Dotata di misurino. <br \/>Facile da pulire. <br \/>Materiale: Plastica<br \/>Dimensioni:<br \/>Lunghezza: 27 cm<br \/>Altezza: 17,5 cm<br \/>Larghezza\/Profondit\u00e0 prodotto: 12,6 cm<br \/>Capacit\u00e0: 1,8 L<br \/>Potenza: 1200W<br \/><\/span><\/p>\n<div class='aiseo-faq-section' style='margin-top:30px; border-top:1px solid #eee; padding-top:20px;'>\n<h3>Domande Frequenti<\/h3>\n<details style='margin-bottom:10px; padding:10px; background:#f9f9f9; border-radius:5px;'>\n<summary style='font-weight:bold; cursor:pointer;'>\u00c8 necessario aggiungere olio per preparare i popcorn?<\/summary>\n<div style='margin-top:10px; color:#555;'>No, il dispositivo funziona con flusso d&#8217;aria calda e non richiede l&#8217;aggiunta di olio.<\/div>\n<\/details>\n<details style='margin-bottom:10px; padding:10px; background:#f9f9f9; border-radius:5px;'>\n<summary style='font-weight:bold; cursor:pointer;'>Qual \u00e8 la potenza e la capacit\u00e0 del dispositivo?<\/summary>\n<div style='margin-top:10px; color:#555;'>La potenza \u00e8 di 1200W e la capacit\u00e0 \u00e8 di 1,8 L.<\/div>\n<\/details>\n<details style='margin-bottom:10px; padding:10px; background:#f9f9f9; border-radius:5px;'>\n<summary style='font-weight:bold; cursor:pointer;'>\u00c8 facile pulire la macchina?<\/summary>\n<div style='margin-top:10px; color:#555;'>S\u00ec, \u00e8 descritto come facile da pulire e dispone di un misurino per facilitare l&#8217;uso.<\/div>\n<\/details>\n<details style='margin-bottom:10px; padding:10px; background:#f9f9f9; border-radius:5px;'>\n<summary style='font-weight:bold; cursor:pointer;'>Di quale materiale \u00e8 realizzato l&#8217;involucro?<\/summary>\n<div style='margin-top:10px; color:#555;'>Il materiale del dispositivo \u00e8 plastica.<\/div>\n<\/details>\n<\/div>\n","protected":false},"excerpt":{"rendered":"<p>Macchina per popcorn con flusso d&#8217;aria calda per popcorn croccanti senza bisogno di olio. Potenza 1200W, capacit\u00e0 1,8L, tazza-misurino e facile da pulire \u2014 ideale per uno spuntino veloce e salutare.<\/p>\n","protected":false},"featured_media":5103721,"comment_status":"closed","ping_status":"open","template":"","meta":[],"product_brand":[],"product_cat":[],"product_tag":[15],"class_list":{"0":"post-5302810","1":"product","2":"type-product","3":"status-publish","4":"has-post-thumbnail","6":"product_tag-uncategorized","8":"first","9":"onbackorder","10":"purchasable","11":"product-type-simple"},"jetpack_sharing_enabled":true,"_links":{"self":[{"href":"https:\/\/gadgettravellers.eu\/it\/wp-json\/wp\/v2\/product\/5302810","targetHints":{"allow":["GET"]}}],"collection":[{"href":"https:\/\/gadgettravellers.eu\/it\/wp-json\/wp\/v2\/product"}],"about":[{"href":"https:\/\/gadgettravellers.eu\/it\/wp-json\/wp\/v2\/types\/product"}],"replies":[{"embeddable":true,"href":"https:\/\/gadgettravellers.eu\/it\/wp-json\/wp\/v2\/comments?post=5302810"}],"wp:featuredmedia":[{"embeddable":true,"href":"https:\/\/gadgettravellers.eu\/it\/wp-json\/wp\/v2\/media\/5103721"}],"wp:attachment":[{"href":"https:\/\/gadgettravellers.eu\/it\/wp-json\/wp\/v2\/media?parent=5302810"}],"wp:term":[{"taxonomy":"product_brand","embeddable":true,"href":"https:\/\/gadgettravellers.eu\/it\/wp-json\/wp\/v2\/product_brand?post=5302810"},{"taxonomy":"product_cat","embeddable":true,"href":"https:\/\/gadgettravellers.eu\/it\/wp-json\/wp\/v2\/product_cat?post=5302810"},{"taxonomy":"product_tag","embeddable":true,"href":"https:\/\/gadgettravellers.eu\/it\/wp-json\/wp\/v2\/product_tag?post=5302810"}],"curies":[{"name":"wp","href":"https:\/\/api.w.org\/{rel}","templated":true}]}}