{"id":5302875,"date":"2026-01-19T12:07:41","date_gmt":"2026-01-19T10:07:41","guid":{"rendered":"https:\/\/gadgettravellers.eu\/shop\/radio-retro-ricaricabile-m1939bt-819390\/"},"modified":"2026-04-22T21:01:53","modified_gmt":"2026-04-22T19:01:53","slug":"radio-retro-ricaricabile-m1939bt-819390","status":"publish","type":"product","link":"https:\/\/gadgettravellers.eu\/it\/shop\/radio-retro-ricaricabile-m1939bt-819390\/","title":{"rendered":"Radio retr\u00f2 ricaricabile &#8211; M1939BT &#8211; 819390"},"content":{"rendered":"<p>Radio portatile dal bellissimo design retr\u00f2 per gli amanti dello stile vintage. Offre un&#8217;alta qualit\u00e0 del suono grazie agli altoparlanti stereo, mentre l&#8217;antenna garantisce un segnale radio stabile. Puoi portare la tua musica preferita ovunque, poich\u00e9 \u00e8 pratico e facile da trasportare.<\/p>\n<p>Caratteristiche: Batteria ricaricabile integrata, bande radio: AM, FM, SW, Sintonizzatore: Analogico, Dotato di Bluetooth 4.1, Porte: USB\/SD\/Jack 3.5mm, Potenza: 5W, Dimensioni: 16.5 x 10 x 9cm.<\/p>\n","protected":false},"excerpt":{"rendered":"<p>Radio portatile Retro con batteria ricaricabile integrata e Bluetooth 4.1 per la riproduzione wireless. Supporta AM\/FM\/SW con sintonizzatore analogico, ingressi USB\/SD\/AUX, altoparlanti stereo da 5W e antenna telescopica.<\/p>\n","protected":false},"featured_media":5104266,"comment_status":"closed","ping_status":"open","template":"","meta":[],"product_brand":[],"product_cat":[],"product_tag":[15],"class_list":{"0":"post-5302875","1":"product","2":"type-product","3":"status-publish","4":"has-post-thumbnail","6":"product_tag-uncategorized","8":"first","9":"onbackorder","10":"purchasable","11":"product-type-simple"},"jetpack_sharing_enabled":true,"_links":{"self":[{"href":"https:\/\/gadgettravellers.eu\/it\/wp-json\/wp\/v2\/product\/5302875","targetHints":{"allow":["GET"]}}],"collection":[{"href":"https:\/\/gadgettravellers.eu\/it\/wp-json\/wp\/v2\/product"}],"about":[{"href":"https:\/\/gadgettravellers.eu\/it\/wp-json\/wp\/v2\/types\/product"}],"replies":[{"embeddable":true,"href":"https:\/\/gadgettravellers.eu\/it\/wp-json\/wp\/v2\/comments?post=5302875"}],"wp:featuredmedia":[{"embeddable":true,"href":"https:\/\/gadgettravellers.eu\/it\/wp-json\/wp\/v2\/media\/5104266"}],"wp:attachment":[{"href":"https:\/\/gadgettravellers.eu\/it\/wp-json\/wp\/v2\/media?parent=5302875"}],"wp:term":[{"taxonomy":"product_brand","embeddable":true,"href":"https:\/\/gadgettravellers.eu\/it\/wp-json\/wp\/v2\/product_brand?post=5302875"},{"taxonomy":"product_cat","embeddable":true,"href":"https:\/\/gadgettravellers.eu\/it\/wp-json\/wp\/v2\/product_cat?post=5302875"},{"taxonomy":"product_tag","embeddable":true,"href":"https:\/\/gadgettravellers.eu\/it\/wp-json\/wp\/v2\/product_tag?post=5302875"}],"curies":[{"name":"wp","href":"https:\/\/api.w.org\/{rel}","templated":true}]}}