{"id":5302973,"date":"2026-01-19T12:08:37","date_gmt":"2026-01-19T10:08:37","guid":{"rendered":"https:\/\/gadgettravellers.eu\/shop\/adattatore-usb-a-a-type-c-cl-13-awei-888094\/"},"modified":"2026-04-22T21:02:31","modified_gmt":"2026-04-22T19:02:31","slug":"adattatore-usb-a-a-type-c-cl-13-awei-888094","status":"publish","type":"product","link":"https:\/\/gadgettravellers.eu\/it\/shop\/adattatore-usb-a-a-type-c-cl-13-awei-888094\/","title":{"rendered":"Adattatore USB-A a Type-C &#8211; CL-13 &#8211; AWEI &#8211; 888094"},"content":{"rendered":"<div class=\"large-10 col pb-0 mb-0\">\n<div class=\"panel entry-content\">\n<p>Il <span data-sheets-root=\"1\" data-sheets-value=\"{\"1\":2,\"2\":\"Awei CL-13 \u039c\u03b5\u03c4\u03b1\u03c4\u03c1\u03bf\u03c0\u03ad\u03b1\u03c2 USB-A male \u03c3\u03b5 USB-C female\"}\" data-sheets-userformat=\"{\"2\":513,\"3\":{\"1\":0},\"12\":0}\">Awei CL-13 Convertitore USB-A maschio a USB-C femmina<\/span> \u00e8 un adattatore di altissima qualit\u00e0 di Awei realizzato secondo le specifiche tecniche pi\u00f9 elevate.<\/p>\n<p>Offre un funzionamento affidabile e una lunga durata. <br \/>Dispone di una spina USB 3.0 maschio e di una presa USB Type-C femmina e la velocit\u00e0 di trasmissione \u00e8 di 5Gbps.<\/p>\n<p><strong>Caratteristiche:<\/strong><\/p>\n<ul>\n<li>Spina 1: USB 3.0 maschio<\/li>\n<li>Spina 2: USB Type-C femmina<\/li>\n<li>Velocit\u00e0 di trasferimento dati: 5Gbps<\/li>\n<li>Colore: Nero<\/li>\n<\/ul>\n<\/div>\n<\/div>\n","protected":false},"excerpt":{"rendered":"<p>Piccolo adattatore USB-A maschio a USB-C femmina per trasferimento dati veloce con velocit\u00e0 di 5gbps. Compatibile con porte USB 3.0, plug-and-play e design compatto in colore nero.<\/p>\n","protected":false},"featured_media":5105090,"comment_status":"closed","ping_status":"open","template":"","meta":[],"product_brand":[],"product_cat":[],"product_tag":[15],"class_list":{"0":"post-5302973","1":"product","2":"type-product","3":"status-publish","4":"has-post-thumbnail","6":"product_tag-uncategorized","8":"first","9":"onbackorder","10":"purchasable","11":"product-type-simple"},"jetpack_sharing_enabled":true,"_links":{"self":[{"href":"https:\/\/gadgettravellers.eu\/it\/wp-json\/wp\/v2\/product\/5302973","targetHints":{"allow":["GET"]}}],"collection":[{"href":"https:\/\/gadgettravellers.eu\/it\/wp-json\/wp\/v2\/product"}],"about":[{"href":"https:\/\/gadgettravellers.eu\/it\/wp-json\/wp\/v2\/types\/product"}],"replies":[{"embeddable":true,"href":"https:\/\/gadgettravellers.eu\/it\/wp-json\/wp\/v2\/comments?post=5302973"}],"wp:featuredmedia":[{"embeddable":true,"href":"https:\/\/gadgettravellers.eu\/it\/wp-json\/wp\/v2\/media\/5105090"}],"wp:attachment":[{"href":"https:\/\/gadgettravellers.eu\/it\/wp-json\/wp\/v2\/media?parent=5302973"}],"wp:term":[{"taxonomy":"product_brand","embeddable":true,"href":"https:\/\/gadgettravellers.eu\/it\/wp-json\/wp\/v2\/product_brand?post=5302973"},{"taxonomy":"product_cat","embeddable":true,"href":"https:\/\/gadgettravellers.eu\/it\/wp-json\/wp\/v2\/product_cat?post=5302973"},{"taxonomy":"product_tag","embeddable":true,"href":"https:\/\/gadgettravellers.eu\/it\/wp-json\/wp\/v2\/product_tag?post=5302973"}],"curies":[{"name":"wp","href":"https:\/\/api.w.org\/{rel}","templated":true}]}}