{"id":5303010,"date":"2026-01-19T12:08:58","date_gmt":"2026-01-19T10:08:58","guid":{"rendered":"https:\/\/gadgettravellers.eu\/shop\/cuffie-cablate-ear-hook-l3-awei-889107\/"},"modified":"2026-04-22T21:02:43","modified_gmt":"2026-04-22T19:02:43","slug":"cuffie-cablate-ear-hook-l3-awei-889107","status":"publish","type":"product","link":"https:\/\/gadgettravellers.eu\/it\/shop\/cuffie-cablate-ear-hook-l3-awei-889107\/","title":{"rendered":"Cuffie cablate &#8211; Ear-Hook &#8211; L3 &#8211; AWEI &#8211; 889107"},"content":{"rendered":"<p>Cuffie cablate AWEI L3 Ear-Hook con suono surround di alta qualit\u00e0 e design ergonomico con cavo che passa dietro l&#8217;orecchio per una vestibilit\u00e0 comoda e stabilit\u00e0 assoluta.<\/p>\n<p><strong>Caratteristiche<\/strong>:<\/p>\n<ul>\n<li>Microfono<\/li>\n<li>Lunghezza cavo: 1.2m<\/li>\n<li>Spina: 3.5mm<\/li>\n<li>Unit\u00e0 driver: 13mm<\/li>\n<li>Sensibilit\u00e0: 93dB\u00b13dB<\/li>\n<li>Impedenza: 16\u03a9<\/li>\n<li>Frequenza: 20-20000HZ<\/li>\n<li>Peso: 21g<\/li>\n<li>Colore: Nero<\/li>\n<\/ul>\n<p>\u00a0<\/p>\n","protected":false},"excerpt":{"rendered":"<p>Cuffie cablate ear-hook con vestibilit\u00e0 ergonomica dietro l&#8217;orecchio, driver da 13mm per suono surround, microfono integrato e jack da 3,5mm. Cavo da 1,2m per comfort e presa stabile.<\/p>\n","protected":false},"featured_media":5105401,"comment_status":"closed","ping_status":"open","template":"","meta":[],"product_brand":[],"product_cat":[],"product_tag":[15],"class_list":{"0":"post-5303010","1":"product","2":"type-product","3":"status-publish","4":"has-post-thumbnail","6":"product_tag-uncategorized","8":"first","9":"onbackorder","10":"purchasable","11":"product-type-simple"},"jetpack_sharing_enabled":true,"_links":{"self":[{"href":"https:\/\/gadgettravellers.eu\/it\/wp-json\/wp\/v2\/product\/5303010","targetHints":{"allow":["GET"]}}],"collection":[{"href":"https:\/\/gadgettravellers.eu\/it\/wp-json\/wp\/v2\/product"}],"about":[{"href":"https:\/\/gadgettravellers.eu\/it\/wp-json\/wp\/v2\/types\/product"}],"replies":[{"embeddable":true,"href":"https:\/\/gadgettravellers.eu\/it\/wp-json\/wp\/v2\/comments?post=5303010"}],"wp:featuredmedia":[{"embeddable":true,"href":"https:\/\/gadgettravellers.eu\/it\/wp-json\/wp\/v2\/media\/5105401"}],"wp:attachment":[{"href":"https:\/\/gadgettravellers.eu\/it\/wp-json\/wp\/v2\/media?parent=5303010"}],"wp:term":[{"taxonomy":"product_brand","embeddable":true,"href":"https:\/\/gadgettravellers.eu\/it\/wp-json\/wp\/v2\/product_brand?post=5303010"},{"taxonomy":"product_cat","embeddable":true,"href":"https:\/\/gadgettravellers.eu\/it\/wp-json\/wp\/v2\/product_cat?post=5303010"},{"taxonomy":"product_tag","embeddable":true,"href":"https:\/\/gadgettravellers.eu\/it\/wp-json\/wp\/v2\/product_tag?post=5303010"}],"curies":[{"name":"wp","href":"https:\/\/api.w.org\/{rel}","templated":true}]}}