{"id":5303057,"date":"2026-01-19T12:09:31","date_gmt":"2026-01-19T10:09:31","guid":{"rendered":"https:\/\/gadgettravellers.eu\/shop\/gaming-mousepad-s3000-651541-yellow-red-blue-3\/"},"modified":"2026-05-05T04:19:31","modified_gmt":"2026-05-05T02:19:31","slug":"gaming-mousepad-s3000-651541-yellow-red-blue-3","status":"publish","type":"product","link":"https:\/\/gadgettravellers.eu\/it\/shop\/gaming-mousepad-s3000-651541-yellow-red-blue-3\/","title":{"rendered":"Gaming Mousepad &#8211; S3000 &#8211; 651541 &#8211; Yellow\/Red\/Blue"},"content":{"rendered":"<p>Tappetino da gioco S3000 di dimensioni XLarge, realizzato in materiale sintetico morbido di alta qualit\u00e0 con base antiscivolo.<\/p>\n<p>Lunghezza: 800 mm, Larghezza: 300 mm, Altezza: 3 mm<\/p>\n<p><strong>*Spedizione del design soggetta a disponibilit\u00e0.<\/strong><\/p>\n","protected":false},"excerpt":{"rendered":"<p>Gaming mousepad S3000 XLarge (800\u00d7300\u00d73 mm) con superficie sintetica morbida e base antiscivolo per stabilit\u00e0. Possibilit\u00e0 di invio del design in base alla disponibilit\u00e0.<\/p>\n","protected":false},"featured_media":5105766,"comment_status":"closed","ping_status":"open","template":"","meta":[],"product_brand":[],"product_cat":[],"product_tag":[15],"class_list":{"0":"post-5303057","1":"product","2":"type-product","3":"status-publish","4":"has-post-thumbnail","6":"product_tag-uncategorized","8":"first","9":"onbackorder","10":"purchasable","11":"product-type-simple"},"jetpack_sharing_enabled":true,"_links":{"self":[{"href":"https:\/\/gadgettravellers.eu\/it\/wp-json\/wp\/v2\/product\/5303057","targetHints":{"allow":["GET"]}}],"collection":[{"href":"https:\/\/gadgettravellers.eu\/it\/wp-json\/wp\/v2\/product"}],"about":[{"href":"https:\/\/gadgettravellers.eu\/it\/wp-json\/wp\/v2\/types\/product"}],"replies":[{"embeddable":true,"href":"https:\/\/gadgettravellers.eu\/it\/wp-json\/wp\/v2\/comments?post=5303057"}],"wp:featuredmedia":[{"embeddable":true,"href":"https:\/\/gadgettravellers.eu\/it\/wp-json\/wp\/v2\/media\/5105766"}],"wp:attachment":[{"href":"https:\/\/gadgettravellers.eu\/it\/wp-json\/wp\/v2\/media?parent=5303057"}],"wp:term":[{"taxonomy":"product_brand","embeddable":true,"href":"https:\/\/gadgettravellers.eu\/it\/wp-json\/wp\/v2\/product_brand?post=5303057"},{"taxonomy":"product_cat","embeddable":true,"href":"https:\/\/gadgettravellers.eu\/it\/wp-json\/wp\/v2\/product_cat?post=5303057"},{"taxonomy":"product_tag","embeddable":true,"href":"https:\/\/gadgettravellers.eu\/it\/wp-json\/wp\/v2\/product_tag?post=5303057"}],"curies":[{"name":"wp","href":"https:\/\/api.w.org\/{rel}","templated":true}]}}