{"id":5303065,"date":"2026-01-19T12:09:36","date_gmt":"2026-01-19T10:09:36","guid":{"rendered":"https:\/\/gadgettravellers.eu\/shop\/guanti-operativi-s01-270553-beige\/"},"modified":"2026-04-22T21:03:03","modified_gmt":"2026-04-22T19:03:03","slug":"guanti-operativi-s01-270553-beige","status":"publish","type":"product","link":"https:\/\/gadgettravellers.eu\/it\/shop\/guanti-operativi-s01-270553-beige\/","title":{"rendered":"Guanti operativi &#8211; S01 &#8211; 270553 &#8211; Beige"},"content":{"rendered":"<p>Guanto operativo da azione, tagliato, con rinforzo. Il guanto \u00e8 realizzato in spandex resistente per flessibilit\u00e0 e pelle sintetica rinforzata nel palmo. Offre una vestibilit\u00e0 sicura al polso con facile flessibilit\u00e0 e rinforzo protettivo extra sulle articolazioni. Taglia unica.<\/p>\n","protected":false},"excerpt":{"rendered":"<p>Guanto da lavoro corto in spandex resistente con palmo rinforzato in pelle sintetica e rinforzo protettivo sulle articolazioni. Taglia unica, vestibilit\u00e0 sicura al polso.<\/p>\n","protected":false},"featured_media":5105816,"comment_status":"closed","ping_status":"open","template":"","meta":[],"product_brand":[],"product_cat":[],"product_tag":[15],"class_list":{"0":"post-5303065","1":"product","2":"type-product","3":"status-publish","4":"has-post-thumbnail","6":"product_tag-uncategorized","8":"first","9":"onbackorder","10":"purchasable","11":"product-type-simple"},"jetpack_sharing_enabled":true,"_links":{"self":[{"href":"https:\/\/gadgettravellers.eu\/it\/wp-json\/wp\/v2\/product\/5303065","targetHints":{"allow":["GET"]}}],"collection":[{"href":"https:\/\/gadgettravellers.eu\/it\/wp-json\/wp\/v2\/product"}],"about":[{"href":"https:\/\/gadgettravellers.eu\/it\/wp-json\/wp\/v2\/types\/product"}],"replies":[{"embeddable":true,"href":"https:\/\/gadgettravellers.eu\/it\/wp-json\/wp\/v2\/comments?post=5303065"}],"wp:featuredmedia":[{"embeddable":true,"href":"https:\/\/gadgettravellers.eu\/it\/wp-json\/wp\/v2\/media\/5105816"}],"wp:attachment":[{"href":"https:\/\/gadgettravellers.eu\/it\/wp-json\/wp\/v2\/media?parent=5303065"}],"wp:term":[{"taxonomy":"product_brand","embeddable":true,"href":"https:\/\/gadgettravellers.eu\/it\/wp-json\/wp\/v2\/product_brand?post=5303065"},{"taxonomy":"product_cat","embeddable":true,"href":"https:\/\/gadgettravellers.eu\/it\/wp-json\/wp\/v2\/product_cat?post=5303065"},{"taxonomy":"product_tag","embeddable":true,"href":"https:\/\/gadgettravellers.eu\/it\/wp-json\/wp\/v2\/product_tag?post=5303065"}],"curies":[{"name":"wp","href":"https:\/\/api.w.org\/{rel}","templated":true}]}}