{"id":5303067,"date":"2026-01-19T12:09:37","date_gmt":"2026-01-19T10:09:37","guid":{"rendered":"https:\/\/gadgettravellers.eu\/shop\/giocattolo-di-peluche-per-neonati-animale-550761\/"},"modified":"2026-04-13T01:13:47","modified_gmt":"2026-04-12T23:13:47","slug":"giocattolo-di-peluche-per-neonati-animale-550761","status":"publish","type":"product","link":"https:\/\/gadgettravellers.eu\/it\/shop\/giocattolo-di-peluche-per-neonati-animale-550761\/","title":{"rendered":"Giocattolo di peluche per neonati animale &#8211; 550761"},"content":{"rendered":"<p>Giocattolo di peluche per neonati a forma di animale, in vari modelli, con sonaglio. <br \/>Realizzato in materiale morbido e non tossico. <br \/>Diventer\u00e0 il gioco quotidiano preferito che il vostro bambino adorer\u00e0.<br \/>Dimensioni: 17x9cm.<\/p>\n<p>*Spedizione del modello in base alla disponibilit\u00e0.<\/p>\n<div class='aiseo-faq-section' style='margin-top:30px; border-top:1px solid #eee; padding-top:20px;'>\n<h3>Domande Frequenti<\/h3>\n<details style='margin-bottom:10px; padding:10px; background:#f9f9f9; border-radius:5px;'>\n<summary style='font-weight:bold; cursor:pointer;'>Di che materiale \u00e8 fatto il giocattolo?<\/summary>\n<div style='margin-top:10px; color:#555;'>\u00c8 realizzato in materiale morbido e non tossico secondo la descrizione.<\/div>\n<\/details>\n<details style='margin-bottom:10px; padding:10px; background:#f9f9f9; border-radius:5px;'>\n<summary style='font-weight:bold; cursor:pointer;'>Quali sono le sue dimensioni?<\/summary>\n<div style='margin-top:10px; color:#555;'>Il peluche ha dimensioni 17x9cm.<\/div>\n<\/details>\n<details style='margin-bottom:10px; padding:10px; background:#f9f9f9; border-radius:5px;'>\n<summary style='font-weight:bold; cursor:pointer;'>Disponibile in diversi modelli?<\/summary>\n<div style='margin-top:10px; color:#555;'>S\u00ec, \u00e8 disponibile in diversi modelli e il modello viene spedito in base alla disponibilit\u00e0.<\/div>\n<\/details>\n<details style='margin-bottom:10px; padding:10px; background:#f9f9f9; border-radius:5px;'>\n<summary style='font-weight:bold; cursor:pointer;'>\u00c8 adatto per neonati?<\/summary>\n<div style='margin-top:10px; color:#555;'>S\u00ec, si tratta di un peluche per neonati progettato per l&#8217;uso quotidiano da parte dei bambini.<\/div>\n<\/details>\n<\/div>\n","protected":false},"excerpt":{"rendered":"<p>Giocattolo di peluche per neonati (animale) 17x9cm in materiale morbido e non tossico con sonaglio incorporato. Disponibile in vari modelli \u2014 invio del modello in base alla disponibilit\u00e0.<\/p>\n","protected":false},"featured_media":5105820,"comment_status":"closed","ping_status":"open","template":"","meta":[],"product_brand":[],"product_cat":[],"product_tag":[15],"class_list":{"0":"post-5303067","1":"product","2":"type-product","3":"status-publish","4":"has-post-thumbnail","6":"product_tag-uncategorized","8":"first","9":"onbackorder","10":"purchasable","11":"product-type-simple"},"jetpack_sharing_enabled":true,"_links":{"self":[{"href":"https:\/\/gadgettravellers.eu\/it\/wp-json\/wp\/v2\/product\/5303067","targetHints":{"allow":["GET"]}}],"collection":[{"href":"https:\/\/gadgettravellers.eu\/it\/wp-json\/wp\/v2\/product"}],"about":[{"href":"https:\/\/gadgettravellers.eu\/it\/wp-json\/wp\/v2\/types\/product"}],"replies":[{"embeddable":true,"href":"https:\/\/gadgettravellers.eu\/it\/wp-json\/wp\/v2\/comments?post=5303067"}],"wp:featuredmedia":[{"embeddable":true,"href":"https:\/\/gadgettravellers.eu\/it\/wp-json\/wp\/v2\/media\/5105820"}],"wp:attachment":[{"href":"https:\/\/gadgettravellers.eu\/it\/wp-json\/wp\/v2\/media?parent=5303067"}],"wp:term":[{"taxonomy":"product_brand","embeddable":true,"href":"https:\/\/gadgettravellers.eu\/it\/wp-json\/wp\/v2\/product_brand?post=5303067"},{"taxonomy":"product_cat","embeddable":true,"href":"https:\/\/gadgettravellers.eu\/it\/wp-json\/wp\/v2\/product_cat?post=5303067"},{"taxonomy":"product_tag","embeddable":true,"href":"https:\/\/gadgettravellers.eu\/it\/wp-json\/wp\/v2\/product_tag?post=5303067"}],"curies":[{"name":"wp","href":"https:\/\/api.w.org\/{rel}","templated":true}]}}