{"id":5303194,"date":"2026-01-19T12:11:01","date_gmt":"2026-01-19T10:11:01","guid":{"rendered":"https:\/\/gadgettravellers.eu\/shop\/distributore-elettrico-di-acqua-calda-kk1259-dsp-615624\/"},"modified":"2026-04-21T19:47:36","modified_gmt":"2026-04-21T17:47:36","slug":"distributore-elettrico-di-acqua-calda-kk1259-dsp-615624","status":"publish","type":"product","link":"https:\/\/gadgettravellers.eu\/it\/shop\/distributore-elettrico-di-acqua-calda-kk1259-dsp-615624\/","title":{"rendered":"Distributore elettrico di acqua calda &#8211; KK1259 &#8211; DSP &#8211; 615624"},"content":{"rendered":"<p>Distributore di acqua calda DSP ideale per la preparazione rapida e facile di acqua calda e bevande calde che richiedono acqua calda, come il t\u00e8. Con display digitale LED e pulsanti touch intelligenti con pi\u00f9 impostazioni per ottenere immediatamente la quantit\u00e0 d&#8217;acqua desiderata alla temperatura voluta con la pressione di un solo pulsante.<\/p>\n<p>Caratteristiche: <br \/>Temperatura regolabile da 45 a 95\u00b0C, serbatoio dell&#8217;acqua in acciaio inox, capacit\u00e0: 5L, potenza: 750-890W, impostazione della manutenzione della temperatura dell&#8217;acqua da 1 a 12 ore, tecnologia di protezione del dispositivo dal surriscaldamento, componenti rimovibili per una facile pulizia. Dimensioni: 41,5 x 35 x 23,5 cm.<\/p>\n<p>Istruzioni per l&#8217;uso incluse in inglese e cinese.<\/p>\n","protected":false},"excerpt":{"rendered":"<p>Distributore elettrico di acqua calda da 5L con display digitale LED e tasti touch. Temperatura regolabile da 45 a 95\u00b0C, mantenimento della temperatura da 1 a 12 ore e protezione da surriscaldamento, ideale per acqua calda rapida.<\/p>\n","protected":false},"featured_media":5106738,"comment_status":"closed","ping_status":"open","template":"","meta":[],"product_brand":[],"product_cat":[],"product_tag":[15],"class_list":{"0":"post-5303194","1":"product","2":"type-product","3":"status-publish","4":"has-post-thumbnail","6":"product_tag-uncategorized","8":"first","9":"onbackorder","10":"purchasable","11":"product-type-simple"},"jetpack_sharing_enabled":true,"_links":{"self":[{"href":"https:\/\/gadgettravellers.eu\/it\/wp-json\/wp\/v2\/product\/5303194","targetHints":{"allow":["GET"]}}],"collection":[{"href":"https:\/\/gadgettravellers.eu\/it\/wp-json\/wp\/v2\/product"}],"about":[{"href":"https:\/\/gadgettravellers.eu\/it\/wp-json\/wp\/v2\/types\/product"}],"replies":[{"embeddable":true,"href":"https:\/\/gadgettravellers.eu\/it\/wp-json\/wp\/v2\/comments?post=5303194"}],"wp:featuredmedia":[{"embeddable":true,"href":"https:\/\/gadgettravellers.eu\/it\/wp-json\/wp\/v2\/media\/5106738"}],"wp:attachment":[{"href":"https:\/\/gadgettravellers.eu\/it\/wp-json\/wp\/v2\/media?parent=5303194"}],"wp:term":[{"taxonomy":"product_brand","embeddable":true,"href":"https:\/\/gadgettravellers.eu\/it\/wp-json\/wp\/v2\/product_brand?post=5303194"},{"taxonomy":"product_cat","embeddable":true,"href":"https:\/\/gadgettravellers.eu\/it\/wp-json\/wp\/v2\/product_cat?post=5303194"},{"taxonomy":"product_tag","embeddable":true,"href":"https:\/\/gadgettravellers.eu\/it\/wp-json\/wp\/v2\/product_tag?post=5303194"}],"curies":[{"name":"wp","href":"https:\/\/api.w.org\/{rel}","templated":true}]}}