{"id":5303298,"date":"2026-01-19T12:12:14","date_gmt":"2026-01-19T10:12:14","guid":{"rendered":"https:\/\/gadgettravellers.eu\/shop\/animale-di-peluche-28x10cm-550746\/"},"modified":"2026-04-13T01:15:15","modified_gmt":"2026-04-12T23:15:15","slug":"animale-di-peluche-28x10cm-550746","status":"publish","type":"product","link":"https:\/\/gadgettravellers.eu\/it\/shop\/animale-di-peluche-28x10cm-550746\/","title":{"rendered":"Animale di peluche &#8211; 28x10cm &#8211; 550746"},"content":{"rendered":"<p>Peluche per bambini di 28 cm, con rivestimento morbido e ipoallergenico, completamente amico della pelle. Un giocattolo che ogni bambino adorer\u00e0 e che diventer\u00e0 il suo amico preferito che lo accompagner\u00e0 ovunque.<\/p>\n<div class='aiseo-faq-section' style='margin-top:30px; border-top:1px solid #eee; padding-top:20px;'>\n<h3>Domande Frequenti<\/h3>\n<details style='margin-bottom:10px; padding:10px; background:#f9f9f9; border-radius:5px;'>\n<summary style='font-weight:bold; cursor:pointer;'>Quali sono le dimensioni del gioco?<\/summary>\n<div style='margin-top:10px; color:#555;'>Ha dimensioni di circa 28&#215;10 cm (lunghezza 28 cm).<\/div>\n<\/details>\n<details style='margin-bottom:10px; padding:10px; background:#f9f9f9; border-radius:5px;'>\n<summary style='font-weight:bold; cursor:pointer;'>Di che materiale \u00e8 la fodera?<\/summary>\n<div style='margin-top:10px; color:#555;'>L&#8217;imbottitura \u00e8 morbida e ipoallergenica, completamente amica della pelle.<\/div>\n<\/details>\n<details style='margin-bottom:10px; padding:10px; background:#f9f9f9; border-radius:5px;'>\n<summary style='font-weight:bold; cursor:pointer;'>\u00c8 adatto per coccole e gioco?<\/summary>\n<div style='margin-top:10px; color:#555;'>S\u00ec, \u00e8 morbido e ideale per coccole, gioco quotidiano e come regalo.<\/div>\n<\/details>\n<details style='margin-bottom:10px; padding:10px; background:#f9f9f9; border-radius:5px;'>\n<summary style='font-weight:bold; cursor:pointer;'>\u00c8 adatto ai bambini?<\/summary>\n<div style='margin-top:10px; color:#555;'>S\u00ec, si tratta di un pupazzo per bambini destinato all&#8217;uso da parte dei bambini e pu\u00f2 diventare il loro amico preferito.<\/div>\n<\/details>\n<\/div>\n","protected":false},"excerpt":{"rendered":"<p>Morbido peluche di 28 cm con rivestimento ipoallergenico e morbido, amico della pelle. Ideale per coccole, gioco e come regalo per bambini.<\/p>\n","protected":false},"featured_media":5107246,"comment_status":"closed","ping_status":"open","template":"","meta":[],"product_brand":[],"product_cat":[],"product_tag":[15],"class_list":{"0":"post-5303298","1":"product","2":"type-product","3":"status-publish","4":"has-post-thumbnail","6":"product_tag-uncategorized","8":"first","9":"onbackorder","10":"purchasable","11":"product-type-simple"},"jetpack_sharing_enabled":true,"_links":{"self":[{"href":"https:\/\/gadgettravellers.eu\/it\/wp-json\/wp\/v2\/product\/5303298","targetHints":{"allow":["GET"]}}],"collection":[{"href":"https:\/\/gadgettravellers.eu\/it\/wp-json\/wp\/v2\/product"}],"about":[{"href":"https:\/\/gadgettravellers.eu\/it\/wp-json\/wp\/v2\/types\/product"}],"replies":[{"embeddable":true,"href":"https:\/\/gadgettravellers.eu\/it\/wp-json\/wp\/v2\/comments?post=5303298"}],"wp:featuredmedia":[{"embeddable":true,"href":"https:\/\/gadgettravellers.eu\/it\/wp-json\/wp\/v2\/media\/5107246"}],"wp:attachment":[{"href":"https:\/\/gadgettravellers.eu\/it\/wp-json\/wp\/v2\/media?parent=5303298"}],"wp:term":[{"taxonomy":"product_brand","embeddable":true,"href":"https:\/\/gadgettravellers.eu\/it\/wp-json\/wp\/v2\/product_brand?post=5303298"},{"taxonomy":"product_cat","embeddable":true,"href":"https:\/\/gadgettravellers.eu\/it\/wp-json\/wp\/v2\/product_cat?post=5303298"},{"taxonomy":"product_tag","embeddable":true,"href":"https:\/\/gadgettravellers.eu\/it\/wp-json\/wp\/v2\/product_tag?post=5303298"}],"curies":[{"name":"wp","href":"https:\/\/api.w.org\/{rel}","templated":true}]}}