{"id":5303311,"date":"2026-01-19T12:12:23","date_gmt":"2026-01-19T10:12:23","guid":{"rendered":"https:\/\/gadgettravellers.eu\/shop\/animale-di-peluche-papero-23x10cm-550858\/"},"modified":"2026-04-13T01:15:20","modified_gmt":"2026-04-12T23:15:20","slug":"animale-di-peluche-papero-23x10cm-550858","status":"publish","type":"product","link":"https:\/\/gadgettravellers.eu\/it\/shop\/animale-di-peluche-papero-23x10cm-550858\/","title":{"rendered":"Animale di peluche Papero &#8211; 23x10cm &#8211; 550858"},"content":{"rendered":"<p>Pupazzo di peluche per bambini 23cm, con rivestimento morbido e ipoallergenico, completamente amico della pelle. <br \/>Un giocattolo che ogni bambino adorer\u00e0 e che diventer\u00e0 il suo amico preferito che lo accompagner\u00e0 ovunque.<br \/>*Spedizione del modello in base alla disponibilit\u00e0.<\/p>\n<div class='aiseo-faq-section' style='margin-top:30px; border-top:1px solid #eee; padding-top:20px;'>\n<h3>Domande Frequenti<\/h3>\n<details style='margin-bottom:10px; padding:10px; background:#f9f9f9; border-radius:5px;'>\n<summary style='font-weight:bold; cursor:pointer;'>Di che materiale \u00e8 fatto il peluche?<\/summary>\n<div style='margin-top:10px; color:#555;'>Ha una fodera morbida, ipoallergenica ed \u00e8 delicato sulla pelle.<\/div>\n<\/details>\n<details style='margin-bottom:10px; padding:10px; background:#f9f9f9; border-radius:5px;'>\n<summary style='font-weight:bold; cursor:pointer;'>Quali sono le dimensioni del prodotto?<\/summary>\n<div style='margin-top:10px; color:#555;'>Le dimensioni sono circa 23 x 10 cm.<\/div>\n<\/details>\n<details style='margin-bottom:10px; padding:10px; background:#f9f9f9; border-radius:5px;'>\n<summary style='font-weight:bold; cursor:pointer;'>\u00c8 adatto ai bambini?<\/summary>\n<div style='margin-top:10px; color:#555;'>S\u00ec, \u00e8 progettato come un peluche per bambini ed \u00e8 un giocattolo o un regalo ideale per i bambini.<\/div>\n<\/details>\n<details style='margin-bottom:10px; padding:10px; background:#f9f9f9; border-radius:5px;'>\n<summary style='font-weight:bold; cursor:pointer;'>Cosa significa \u00abspedizione del progetto in base alla disponibilit\u00e0\u00bb?<\/summary>\n<div style='margin-top:10px; color:#555;'>Il design esatto pu\u00f2 variare e sar\u00e0 inviato in base alla disponibilit\u00e0 attuale.<\/div>\n<\/details>\n<\/div>\n","protected":false},"excerpt":{"rendered":"<p>Morbido paperotto di peluche 23x10cm con rivestimento ipoallergenico, delicato sulla pelle. Ideale per bambini e come regalo, invio del modello in base alla disponibilit\u00e0.<\/p>\n","protected":false},"featured_media":5107328,"comment_status":"closed","ping_status":"open","template":"","meta":[],"product_brand":[],"product_cat":[],"product_tag":[15],"class_list":{"0":"post-5303311","1":"product","2":"type-product","3":"status-publish","4":"has-post-thumbnail","6":"product_tag-uncategorized","8":"first","9":"onbackorder","10":"purchasable","11":"product-type-simple"},"jetpack_sharing_enabled":true,"_links":{"self":[{"href":"https:\/\/gadgettravellers.eu\/it\/wp-json\/wp\/v2\/product\/5303311","targetHints":{"allow":["GET"]}}],"collection":[{"href":"https:\/\/gadgettravellers.eu\/it\/wp-json\/wp\/v2\/product"}],"about":[{"href":"https:\/\/gadgettravellers.eu\/it\/wp-json\/wp\/v2\/types\/product"}],"replies":[{"embeddable":true,"href":"https:\/\/gadgettravellers.eu\/it\/wp-json\/wp\/v2\/comments?post=5303311"}],"wp:featuredmedia":[{"embeddable":true,"href":"https:\/\/gadgettravellers.eu\/it\/wp-json\/wp\/v2\/media\/5107328"}],"wp:attachment":[{"href":"https:\/\/gadgettravellers.eu\/it\/wp-json\/wp\/v2\/media?parent=5303311"}],"wp:term":[{"taxonomy":"product_brand","embeddable":true,"href":"https:\/\/gadgettravellers.eu\/it\/wp-json\/wp\/v2\/product_brand?post=5303311"},{"taxonomy":"product_cat","embeddable":true,"href":"https:\/\/gadgettravellers.eu\/it\/wp-json\/wp\/v2\/product_cat?post=5303311"},{"taxonomy":"product_tag","embeddable":true,"href":"https:\/\/gadgettravellers.eu\/it\/wp-json\/wp\/v2\/product_tag?post=5303311"}],"curies":[{"name":"wp","href":"https:\/\/api.w.org\/{rel}","templated":true}]}}