{"id":5303326,"date":"2026-01-19T12:12:29","date_gmt":"2026-01-19T10:12:29","guid":{"rendered":"https:\/\/gadgettravellers.eu\/shop\/animale-di-peluche-16x14cm-550714\/"},"modified":"2026-04-14T01:12:58","modified_gmt":"2026-04-13T23:12:58","slug":"animale-di-peluche-16x14cm-550714","status":"publish","type":"product","link":"https:\/\/gadgettravellers.eu\/it\/shop\/animale-di-peluche-16x14cm-550714\/","title":{"rendered":"Animale di peluche &#8211; 16x14cm &#8211; 550714"},"content":{"rendered":"<p>Pupazzo di peluche per bambini 16cm, con rivestimento morbido e ipoallergenico, completamente amico della pelle. <br \/>Un giocattolo che ogni bambino adorer\u00e0 e che diventer\u00e0 il suo amico preferito che lo accompagner\u00e0 ovunque.<br \/>*Spedizione del modello in base alla disponibilit\u00e0.<\/p>\n","protected":false},"excerpt":{"rendered":"<p>Animale di peluche 16x14cm con rivestimento morbido e ipoallergenico, delicato sulla pelle. Ideale per coccole e come regalo \u2014 invio del modello in base alla disponibilit\u00e0.<\/p>\n","protected":false},"featured_media":5107395,"comment_status":"closed","ping_status":"open","template":"","meta":[],"product_brand":[],"product_cat":[],"product_tag":[15],"class_list":{"0":"post-5303326","1":"product","2":"type-product","3":"status-publish","4":"has-post-thumbnail","6":"product_tag-uncategorized","8":"first","9":"onbackorder","10":"purchasable","11":"product-type-simple"},"jetpack_sharing_enabled":true,"_links":{"self":[{"href":"https:\/\/gadgettravellers.eu\/it\/wp-json\/wp\/v2\/product\/5303326","targetHints":{"allow":["GET"]}}],"collection":[{"href":"https:\/\/gadgettravellers.eu\/it\/wp-json\/wp\/v2\/product"}],"about":[{"href":"https:\/\/gadgettravellers.eu\/it\/wp-json\/wp\/v2\/types\/product"}],"replies":[{"embeddable":true,"href":"https:\/\/gadgettravellers.eu\/it\/wp-json\/wp\/v2\/comments?post=5303326"}],"wp:featuredmedia":[{"embeddable":true,"href":"https:\/\/gadgettravellers.eu\/it\/wp-json\/wp\/v2\/media\/5107395"}],"wp:attachment":[{"href":"https:\/\/gadgettravellers.eu\/it\/wp-json\/wp\/v2\/media?parent=5303326"}],"wp:term":[{"taxonomy":"product_brand","embeddable":true,"href":"https:\/\/gadgettravellers.eu\/it\/wp-json\/wp\/v2\/product_brand?post=5303326"},{"taxonomy":"product_cat","embeddable":true,"href":"https:\/\/gadgettravellers.eu\/it\/wp-json\/wp\/v2\/product_cat?post=5303326"},{"taxonomy":"product_tag","embeddable":true,"href":"https:\/\/gadgettravellers.eu\/it\/wp-json\/wp\/v2\/product_tag?post=5303326"}],"curies":[{"name":"wp","href":"https:\/\/api.w.org\/{rel}","templated":true}]}}