{"id":5303327,"date":"2026-01-19T12:12:29","date_gmt":"2026-01-19T10:12:29","guid":{"rendered":"https:\/\/gadgettravellers.eu\/shop\/animale-di-peluche-30cm-550848\/"},"modified":"2026-04-13T01:15:26","modified_gmt":"2026-04-12T23:15:26","slug":"animale-di-peluche-30cm-550848","status":"publish","type":"product","link":"https:\/\/gadgettravellers.eu\/it\/shop\/animale-di-peluche-30cm-550848\/","title":{"rendered":"Animale di peluche &#8211; 30cm &#8211; 550848"},"content":{"rendered":"<p>Peluche per bambini di 30 cm, con rivestimento morbido e ipoallergenico, completamente amico della pelle. <br \/>Un giocattolo che ogni bambino adorer\u00e0 e che diventer\u00e0 il suo amico preferito che lo accompagner\u00e0 ovunque.<br \/>*Spedizione del modello in base alla disponibilit\u00e0.<\/p>\n<div class='aiseo-faq-section' style='margin-top:30px; border-top:1px solid #eee; padding-top:20px;'>\n<h3>Domande Frequenti<\/h3>\n<details style='margin-bottom:10px; padding:10px; background:#f9f9f9; border-radius:5px;'>\n<summary style='font-weight:bold; cursor:pointer;'>Qual \u00e8 la dimensione del peluche?<\/summary>\n<div style='margin-top:10px; color:#555;'>Ha una lunghezza di circa 30 cm.<\/div>\n<\/details>\n<details style='margin-bottom:10px; padding:10px; background:#f9f9f9; border-radius:5px;'>\n<summary style='font-weight:bold; cursor:pointer;'>Di che materiale \u00e8 la fodera?<\/summary>\n<div style='margin-top:10px; color:#555;'>L&#8217;imbottitura \u00e8 morbida e ipoallergenica, completamente amica della pelle.<\/div>\n<\/details>\n<details style='margin-bottom:10px; padding:10px; background:#f9f9f9; border-radius:5px;'>\n<summary style='font-weight:bold; cursor:pointer;'>\u00c8 adatto per bambini con pelle sensibile?<\/summary>\n<div style='margin-top:10px; color:#555;'>S\u00ec \u2014 la fodera ipoallergenica lo rende delicato sulla pelle e adatto ai bambini.<\/div>\n<\/details>\n<details style='margin-bottom:10px; padding:10px; background:#f9f9f9; border-radius:5px;'>\n<summary style='font-weight:bold; cursor:pointer;'>Posso scegliere un disegno specifico?<\/summary>\n<div style='margin-top:10px; color:#555;'>I disegni vengono inviati in base alla disponibilit\u00e0, quindi la scelta potrebbe essere limitata.<\/div>\n<\/details>\n<\/div>\n","protected":false},"excerpt":{"rendered":"<p>Animale di peluche 30cm con rivestimento morbido ipoallergenico, amico della pelle e ideale per bambini. Disponibili vari modelli a seconda della disponibilit\u00e0.<\/p>\n","protected":false},"featured_media":5107399,"comment_status":"closed","ping_status":"open","template":"","meta":[],"product_brand":[],"product_cat":[],"product_tag":[15],"class_list":{"0":"post-5303327","1":"product","2":"type-product","3":"status-publish","4":"has-post-thumbnail","6":"product_tag-uncategorized","8":"first","9":"onbackorder","10":"purchasable","11":"product-type-simple"},"jetpack_sharing_enabled":true,"_links":{"self":[{"href":"https:\/\/gadgettravellers.eu\/it\/wp-json\/wp\/v2\/product\/5303327","targetHints":{"allow":["GET"]}}],"collection":[{"href":"https:\/\/gadgettravellers.eu\/it\/wp-json\/wp\/v2\/product"}],"about":[{"href":"https:\/\/gadgettravellers.eu\/it\/wp-json\/wp\/v2\/types\/product"}],"replies":[{"embeddable":true,"href":"https:\/\/gadgettravellers.eu\/it\/wp-json\/wp\/v2\/comments?post=5303327"}],"wp:featuredmedia":[{"embeddable":true,"href":"https:\/\/gadgettravellers.eu\/it\/wp-json\/wp\/v2\/media\/5107399"}],"wp:attachment":[{"href":"https:\/\/gadgettravellers.eu\/it\/wp-json\/wp\/v2\/media?parent=5303327"}],"wp:term":[{"taxonomy":"product_brand","embeddable":true,"href":"https:\/\/gadgettravellers.eu\/it\/wp-json\/wp\/v2\/product_brand?post=5303327"},{"taxonomy":"product_cat","embeddable":true,"href":"https:\/\/gadgettravellers.eu\/it\/wp-json\/wp\/v2\/product_cat?post=5303327"},{"taxonomy":"product_tag","embeddable":true,"href":"https:\/\/gadgettravellers.eu\/it\/wp-json\/wp\/v2\/product_tag?post=5303327"}],"curies":[{"name":"wp","href":"https:\/\/api.w.org\/{rel}","templated":true}]}}