{"id":5303334,"date":"2026-01-19T12:12:33","date_gmt":"2026-01-19T10:12:33","guid":{"rendered":"https:\/\/gadgettravellers.eu\/shop\/orologio-da-polso-analogico-skmei-2008-bianco-oro\/"},"modified":"2026-04-13T01:15:28","modified_gmt":"2026-04-12T23:15:28","slug":"orologio-da-polso-analogico-skmei-2008-bianco-oro","status":"publish","type":"product","link":"https:\/\/gadgettravellers.eu\/it\/shop\/orologio-da-polso-analogico-skmei-2008-bianco-oro\/","title":{"rendered":"Orologio da polso analogico \u2013 Skmei &#8211; 2008 &#8211; Bianco\/Oro"},"content":{"rendered":"<p>Orologio da polso analogico Skmei con design eccezionale e stile che si adatta a ogni gusto e umore.<\/p>\n<p>Caratteristiche: <br \/>Vestibilit\u00e0 confortevole, <br \/>Resistenza all&#8217;umidit\u00e0, <br \/>Coperchio della batteria in acciaio inossidabile, <br \/>Cinturino in silicone, <br \/>Lunghezza cinturino: 23cm, <br \/>Diametro quadrante: 36mm.<br \/>Spessore quadrante: 11mm<\/p>\n<div class='aiseo-faq-section' style='margin-top:30px; border-top:1px solid #eee; padding-top:20px;'>\n<h3>Domande Frequenti<\/h3>\n<details style='margin-bottom:10px; padding:10px; background:#f9f9f9; border-radius:5px;'>\n<summary style='font-weight:bold; cursor:pointer;'>Questo orologio \u00e8 impermeabile?<\/summary>\n<div style='margin-top:10px; color:#555;'>Ha resistenza all&#8217;umidit\u00e0 ed \u00e8 adatto per l&#8217;uso quotidiano, ma non \u00e8 destinato all&#8217;immersione.<\/div>\n<\/details>\n<details style='margin-bottom:10px; padding:10px; background:#f9f9f9; border-radius:5px;'>\n<summary style='font-weight:bold; cursor:pointer;'>Di che materiale \u00e8 il coperchio della batteria?<\/summary>\n<div style='margin-top:10px; color:#555;'>Il coperchio della batteria \u00e8 in acciaio inossidabile.<\/div>\n<\/details>\n<details style='margin-bottom:10px; padding:10px; background:#f9f9f9; border-radius:5px;'>\n<summary style='font-weight:bold; cursor:pointer;'>Qual \u00e8 la dimensione del quadrante e lo spessore?<\/summary>\n<div style='margin-top:10px; color:#555;'>Il diametro del quadrante \u00e8 di 36 mm e lo spessore di 11 mm.<\/div>\n<\/details>\n<details style='margin-bottom:10px; padding:10px; background:#f9f9f9; border-radius:5px;'>\n<summary style='font-weight:bold; cursor:pointer;'>Di che materiale \u00e8 il cinturino e qual \u00e8 la sua lunghezza?<\/summary>\n<div style='margin-top:10px; color:#555;'>Il cinturino \u00e8 in silicone e la sua lunghezza \u00e8 di 23 cm.<\/div>\n<\/details>\n<\/div>\n","protected":false},"excerpt":{"rendered":"<p>Orologio da polso analogico con cinturino in silicone e coperchio della batteria in acciaio inossidabile. Diametro del quadrante 36mm, spessore 11mm, lunghezza del cinturino 23cm, ideale per l&#8217;uso quotidiano.<\/p>\n","protected":false},"featured_media":5107444,"comment_status":"closed","ping_status":"open","template":"","meta":[],"product_brand":[],"product_cat":[],"product_tag":[15],"class_list":{"0":"post-5303334","1":"product","2":"type-product","3":"status-publish","4":"has-post-thumbnail","6":"product_tag-uncategorized","8":"first","9":"onbackorder","10":"purchasable","11":"product-type-simple"},"jetpack_sharing_enabled":true,"_links":{"self":[{"href":"https:\/\/gadgettravellers.eu\/it\/wp-json\/wp\/v2\/product\/5303334","targetHints":{"allow":["GET"]}}],"collection":[{"href":"https:\/\/gadgettravellers.eu\/it\/wp-json\/wp\/v2\/product"}],"about":[{"href":"https:\/\/gadgettravellers.eu\/it\/wp-json\/wp\/v2\/types\/product"}],"replies":[{"embeddable":true,"href":"https:\/\/gadgettravellers.eu\/it\/wp-json\/wp\/v2\/comments?post=5303334"}],"wp:featuredmedia":[{"embeddable":true,"href":"https:\/\/gadgettravellers.eu\/it\/wp-json\/wp\/v2\/media\/5107444"}],"wp:attachment":[{"href":"https:\/\/gadgettravellers.eu\/it\/wp-json\/wp\/v2\/media?parent=5303334"}],"wp:term":[{"taxonomy":"product_brand","embeddable":true,"href":"https:\/\/gadgettravellers.eu\/it\/wp-json\/wp\/v2\/product_brand?post=5303334"},{"taxonomy":"product_cat","embeddable":true,"href":"https:\/\/gadgettravellers.eu\/it\/wp-json\/wp\/v2\/product_cat?post=5303334"},{"taxonomy":"product_tag","embeddable":true,"href":"https:\/\/gadgettravellers.eu\/it\/wp-json\/wp\/v2\/product_tag?post=5303334"}],"curies":[{"name":"wp","href":"https:\/\/api.w.org\/{rel}","templated":true}]}}