{"id":5303339,"date":"2026-01-19T12:12:35","date_gmt":"2026-01-19T10:12:35","guid":{"rendered":"https:\/\/gadgettravellers.eu\/shop\/friggitrice-ad-aria-air-fryer-5l-kb2031-dsp-565060-bianco\/"},"modified":"2026-04-22T21:04:45","modified_gmt":"2026-04-22T19:04:45","slug":"friggitrice-ad-aria-air-fryer-5l-kb2031-dsp-565060-bianco","status":"publish","type":"product","link":"https:\/\/gadgettravellers.eu\/it\/shop\/friggitrice-ad-aria-air-fryer-5l-kb2031-dsp-565060-bianco\/","title":{"rendered":"Friggitrice ad aria &#8211; Air fryer &#8211; 5L &#8211; KB2031 &#8211; DSP &#8211; 565060 &#8211; Bianco"},"content":{"rendered":"<p>La DSP porta la nuova tendenza culinaria nella tua cucina! Cucina rapidamente, economicamente e in modo assolutamente salutare con la friggitrice ad aria che diventer\u00e0 una parte integrante della tua cucina quotidiana. Cuoce perfettamente, grazie alla tecnologia di distribuzione uniforme e circolazione dell&#8217;aria a 360\u00b0, senza perdite e senza bruciare. La cottura \u00e8 molto pi\u00f9 salutare poich\u00e9 non \u00e8 necessario aggiungere olio o altri additivi, mentre il cibo eliminer\u00e0 i grassi in eccesso mantenendo l&#8217;umidit\u00e0 necessaria. Inoltre, cucinerai in modo molto pi\u00f9 economico rispetto al forno domestico ad alto consumo energetico. Scopri la nuova generazione di cucina con DSP!<\/p>\n<p>Caratteristiche: <br \/>Tensione: 220-240V~50\/60Hz <br \/>Potenza: 1800W <br \/>Capacit\u00e0: 5.0L <br \/>Controllo della temperatura: 80\u00b0C &#8211; 200\u00b0C <br \/>Timer fino a 30min, <br \/>6 impostazioni di cottura predefinite, <br \/>Rivestimento antiaderente della vasca, <br \/>Maniglia con rivestimento termoisolante, <br \/>Base rimovibile per la raccolta dei grassi, <br \/>Vasca rimovibile per una facile pulizia, <br \/>Protezione da surriscaldamento, <br \/>Spegnimento automatico, <br \/>Base antiscivolo, <br \/>Dimensioni prodotto (L x P x A) 32 x 32 x 35 cm<br \/>Peso: 5kg<\/p>\n<p>Istruzioni incluse in inglese e cinese.<\/p>\n","protected":false},"excerpt":{"rendered":"<p>Friggitrice ad aria 5L, 1800W con temperatura da 80 a 200\u00b0C e timer fino a 30 minuti. Cestello antiaderente rimovibile, 6 impostazioni predefinite, protezione da surriscaldamento per una cottura rapida e salutare.<\/p>\n","protected":false},"featured_media":5107457,"comment_status":"closed","ping_status":"open","template":"","meta":[],"product_brand":[],"product_cat":[],"product_tag":[15],"class_list":{"0":"post-5303339","1":"product","2":"type-product","3":"status-publish","4":"has-post-thumbnail","6":"product_tag-uncategorized","8":"first","9":"onbackorder","10":"purchasable","11":"product-type-simple"},"jetpack_sharing_enabled":true,"_links":{"self":[{"href":"https:\/\/gadgettravellers.eu\/it\/wp-json\/wp\/v2\/product\/5303339","targetHints":{"allow":["GET"]}}],"collection":[{"href":"https:\/\/gadgettravellers.eu\/it\/wp-json\/wp\/v2\/product"}],"about":[{"href":"https:\/\/gadgettravellers.eu\/it\/wp-json\/wp\/v2\/types\/product"}],"replies":[{"embeddable":true,"href":"https:\/\/gadgettravellers.eu\/it\/wp-json\/wp\/v2\/comments?post=5303339"}],"wp:featuredmedia":[{"embeddable":true,"href":"https:\/\/gadgettravellers.eu\/it\/wp-json\/wp\/v2\/media\/5107457"}],"wp:attachment":[{"href":"https:\/\/gadgettravellers.eu\/it\/wp-json\/wp\/v2\/media?parent=5303339"}],"wp:term":[{"taxonomy":"product_brand","embeddable":true,"href":"https:\/\/gadgettravellers.eu\/it\/wp-json\/wp\/v2\/product_brand?post=5303339"},{"taxonomy":"product_cat","embeddable":true,"href":"https:\/\/gadgettravellers.eu\/it\/wp-json\/wp\/v2\/product_cat?post=5303339"},{"taxonomy":"product_tag","embeddable":true,"href":"https:\/\/gadgettravellers.eu\/it\/wp-json\/wp\/v2\/product_tag?post=5303339"}],"curies":[{"name":"wp","href":"https:\/\/api.w.org\/{rel}","templated":true}]}}