{"id":5303707,"date":"2026-01-19T12:16:16","date_gmt":"2026-01-19T10:16:16","guid":{"rendered":"https:\/\/gadgettravellers.eu\/shop\/orologio-da-polso-digitale-skmei-2255-blu\/"},"modified":"2026-04-13T01:17:49","modified_gmt":"2026-04-12T23:17:49","slug":"orologio-da-polso-digitale-skmei-2255-blu","status":"publish","type":"product","link":"https:\/\/gadgettravellers.eu\/it\/shop\/orologio-da-polso-digitale-skmei-2255-blu\/","title":{"rendered":"Orologio da polso digitale \u2013 Skmei &#8211; 2255 &#8211; Blu"},"content":{"rendered":"<p>Orologio digitale da polso Skmei con design particolare, con tastiera virtuale e un eccellente design sportivo che si adatta a ogni stile e umore.<\/p>\n<p>Caratteristiche: <br \/>Vestibilit\u00e0 comoda, <br \/>Resistenza all&#8217;umidit\u00e0, <br \/>Coperchio della batteria in acciaio inossidabile, <br \/>Lunghezza del cinturino: 22cm, <br \/>Dimensioni del quadrante: 37,8 x 50mm, <br \/>Spessore del quadrante: 13mm<br \/>Retroilluminazione, <br \/>Funzioni base: Allarme, Data, Ora, Cronometro.<\/p>\n<div class='aiseo-faq-section' style='margin-top:30px; border-top:1px solid #eee; padding-top:20px;'>\n<h3>Domande Frequenti<\/h3>\n<details style='margin-bottom:10px; padding:10px; background:#f9f9f9; border-radius:5px;'>\n<summary style='font-weight:bold; cursor:pointer;'>L&#8217;orologio \u00e8 impermeabile?<\/summary>\n<div style='margin-top:10px; color:#555;'>S\u00ec, \u00e8 resistente all&#8217;umidit\u00e0 ed \u00e8 indicato come impermeabile.<\/div>\n<\/details>\n<details style='margin-bottom:10px; padding:10px; background:#f9f9f9; border-radius:5px;'>\n<summary style='font-weight:bold; cursor:pointer;'>Quali funzioni di base ha?<\/summary>\n<div style='margin-top:10px; color:#555;'>Dispone di retroilluminazione dello schermo (backlight), allarme, indicazione della data, ora e cronometro.<\/div>\n<\/details>\n<details style='margin-bottom:10px; padding:10px; background:#f9f9f9; border-radius:5px;'>\n<summary style='font-weight:bold; cursor:pointer;'>Qual \u00e8 la lunghezza del cinturino?<\/summary>\n<div style='margin-top:10px; color:#555;'>Il cinturino ha una lunghezza di 22 cm.<\/div>\n<\/details>\n<details style='margin-bottom:10px; padding:10px; background:#f9f9f9; border-radius:5px;'>\n<summary style='font-weight:bold; cursor:pointer;'>Di che materiale \u00e8 il coperchio della batteria?<\/summary>\n<div style='margin-top:10px; color:#555;'>Il coperchio della batteria \u00e8 in acciaio inossidabile.<\/div>\n<\/details>\n<details style='margin-bottom:10px; padding:10px; background:#f9f9f9; border-radius:5px;'>\n<summary style='font-weight:bold; cursor:pointer;'>Quali sono le dimensioni e lo spessore del quadrante?<\/summary>\n<div style='margin-top:10px; color:#555;'>Le dimensioni del quadrante sono 37,8 x 50 mm e lo spessore \u00e8 di 13 mm.<\/div>\n<\/details>\n<\/div>\n","protected":false},"excerpt":{"rendered":"<p>Orologio sportivo digitale da polso con retroilluminazione, allarme, data e cronometro. Impermeabile, con coperchio della batteria in acciaio inossidabile e cinturino comodo di lunghezza 22 cm.<\/p>\n","protected":false},"featured_media":5109580,"comment_status":"closed","ping_status":"open","template":"","meta":[],"product_brand":[],"product_cat":[],"product_tag":[15],"class_list":{"0":"post-5303707","1":"product","2":"type-product","3":"status-publish","4":"has-post-thumbnail","6":"product_tag-uncategorized","8":"first","9":"onbackorder","10":"purchasable","11":"product-type-simple"},"jetpack_sharing_enabled":true,"_links":{"self":[{"href":"https:\/\/gadgettravellers.eu\/it\/wp-json\/wp\/v2\/product\/5303707","targetHints":{"allow":["GET"]}}],"collection":[{"href":"https:\/\/gadgettravellers.eu\/it\/wp-json\/wp\/v2\/product"}],"about":[{"href":"https:\/\/gadgettravellers.eu\/it\/wp-json\/wp\/v2\/types\/product"}],"replies":[{"embeddable":true,"href":"https:\/\/gadgettravellers.eu\/it\/wp-json\/wp\/v2\/comments?post=5303707"}],"wp:featuredmedia":[{"embeddable":true,"href":"https:\/\/gadgettravellers.eu\/it\/wp-json\/wp\/v2\/media\/5109580"}],"wp:attachment":[{"href":"https:\/\/gadgettravellers.eu\/it\/wp-json\/wp\/v2\/media?parent=5303707"}],"wp:term":[{"taxonomy":"product_brand","embeddable":true,"href":"https:\/\/gadgettravellers.eu\/it\/wp-json\/wp\/v2\/product_brand?post=5303707"},{"taxonomy":"product_cat","embeddable":true,"href":"https:\/\/gadgettravellers.eu\/it\/wp-json\/wp\/v2\/product_cat?post=5303707"},{"taxonomy":"product_tag","embeddable":true,"href":"https:\/\/gadgettravellers.eu\/it\/wp-json\/wp\/v2\/product_tag?post=5303707"}],"curies":[{"name":"wp","href":"https:\/\/api.w.org\/{rel}","templated":true}]}}