{"id":5303787,"date":"2026-01-19T12:16:58","date_gmt":"2026-01-19T10:16:58","guid":{"rendered":"https:\/\/gadgettravellers.eu\/shop\/palla-da-velocita-8792-102360\/"},"modified":"2026-04-14T01:15:48","modified_gmt":"2026-04-13T23:15:48","slug":"palla-da-velocita-8792-102360","status":"publish","type":"product","link":"https:\/\/gadgettravellers.eu\/it\/shop\/palla-da-velocita-8792-102360\/","title":{"rendered":"Palla da velocit\u00e0 &#8211; 8792 &#8211; 102360"},"content":{"rendered":"<p>Il gioco di algoritmo pi\u00f9 popolare al mondo, ora in forma di palla! Posiziona le biglie colorate nel telaio giusto il pi\u00f9 velocemente possibile e vinci contro tutti! <\/p>\n<p>Soddisfa tutti gli standard di sicurezza. <br \/>Adatto a bambini di et\u00e0 superiore ai 3 anni.<\/p>\n","protected":false},"excerpt":{"rendered":"<p>Palla-puzzle che stimola e diverte \u2014 migliora la logica e il coordinamento. Adatta per bambini dai 3 anni in su e conforme agli standard di sicurezza, ideale come regalo.<\/p>\n","protected":false},"featured_media":5109942,"comment_status":"closed","ping_status":"open","template":"","meta":[],"product_brand":[],"product_cat":[],"product_tag":[15],"class_list":{"0":"post-5303787","1":"product","2":"type-product","3":"status-publish","4":"has-post-thumbnail","6":"product_tag-uncategorized","8":"first","9":"onbackorder","10":"purchasable","11":"product-type-simple"},"jetpack_sharing_enabled":true,"_links":{"self":[{"href":"https:\/\/gadgettravellers.eu\/it\/wp-json\/wp\/v2\/product\/5303787","targetHints":{"allow":["GET"]}}],"collection":[{"href":"https:\/\/gadgettravellers.eu\/it\/wp-json\/wp\/v2\/product"}],"about":[{"href":"https:\/\/gadgettravellers.eu\/it\/wp-json\/wp\/v2\/types\/product"}],"replies":[{"embeddable":true,"href":"https:\/\/gadgettravellers.eu\/it\/wp-json\/wp\/v2\/comments?post=5303787"}],"wp:featuredmedia":[{"embeddable":true,"href":"https:\/\/gadgettravellers.eu\/it\/wp-json\/wp\/v2\/media\/5109942"}],"wp:attachment":[{"href":"https:\/\/gadgettravellers.eu\/it\/wp-json\/wp\/v2\/media?parent=5303787"}],"wp:term":[{"taxonomy":"product_brand","embeddable":true,"href":"https:\/\/gadgettravellers.eu\/it\/wp-json\/wp\/v2\/product_brand?post=5303787"},{"taxonomy":"product_cat","embeddable":true,"href":"https:\/\/gadgettravellers.eu\/it\/wp-json\/wp\/v2\/product_cat?post=5303787"},{"taxonomy":"product_tag","embeddable":true,"href":"https:\/\/gadgettravellers.eu\/it\/wp-json\/wp\/v2\/product_tag?post=5303787"}],"curies":[{"name":"wp","href":"https:\/\/api.w.org\/{rel}","templated":true}]}}