{"id":5303794,"date":"2026-01-19T12:17:02","date_gmt":"2026-01-19T10:17:02","guid":{"rendered":"https:\/\/gadgettravellers.eu\/shop\/palla-da-velocita-8794-102353\/"},"modified":"2026-04-14T01:15:50","modified_gmt":"2026-04-13T23:15:50","slug":"palla-da-velocita-8794-102353","status":"publish","type":"product","link":"https:\/\/gadgettravellers.eu\/it\/shop\/palla-da-velocita-8794-102353\/","title":{"rendered":"Palla da velocit\u00e0 &#8211; 8794 &#8211; 102353"},"content":{"rendered":"<p>Il gioco di algoritmo pi\u00f9 popolare al mondo, ora in versione palla! Posiziona le biglie colorate nel riquadro giusto il pi\u00f9 velocemente possibile e vinci contro tutti!<\/p>\n<p>Conforme a tutte le norme di sicurezza. <br \/>Adatto ai bambini di et\u00e0 superiore ai 3 anni.<\/p>\n","protected":false},"excerpt":{"rendered":"<p>Gioco di enigmi divertente a forma di palla, ideale per bambini dai 3 anni in su. Favorisce il pensiero logico e la coordinazione occhio-mano, e soddisfa gli standard di sicurezza.<\/p>\n","protected":false},"featured_media":5109978,"comment_status":"closed","ping_status":"open","template":"","meta":[],"product_brand":[],"product_cat":[],"product_tag":[15],"class_list":{"0":"post-5303794","1":"product","2":"type-product","3":"status-publish","4":"has-post-thumbnail","6":"product_tag-uncategorized","8":"first","9":"onbackorder","10":"purchasable","11":"product-type-simple"},"jetpack_sharing_enabled":true,"_links":{"self":[{"href":"https:\/\/gadgettravellers.eu\/it\/wp-json\/wp\/v2\/product\/5303794","targetHints":{"allow":["GET"]}}],"collection":[{"href":"https:\/\/gadgettravellers.eu\/it\/wp-json\/wp\/v2\/product"}],"about":[{"href":"https:\/\/gadgettravellers.eu\/it\/wp-json\/wp\/v2\/types\/product"}],"replies":[{"embeddable":true,"href":"https:\/\/gadgettravellers.eu\/it\/wp-json\/wp\/v2\/comments?post=5303794"}],"wp:featuredmedia":[{"embeddable":true,"href":"https:\/\/gadgettravellers.eu\/it\/wp-json\/wp\/v2\/media\/5109978"}],"wp:attachment":[{"href":"https:\/\/gadgettravellers.eu\/it\/wp-json\/wp\/v2\/media?parent=5303794"}],"wp:term":[{"taxonomy":"product_brand","embeddable":true,"href":"https:\/\/gadgettravellers.eu\/it\/wp-json\/wp\/v2\/product_brand?post=5303794"},{"taxonomy":"product_cat","embeddable":true,"href":"https:\/\/gadgettravellers.eu\/it\/wp-json\/wp\/v2\/product_cat?post=5303794"},{"taxonomy":"product_tag","embeddable":true,"href":"https:\/\/gadgettravellers.eu\/it\/wp-json\/wp\/v2\/product_tag?post=5303794"}],"curies":[{"name":"wp","href":"https:\/\/api.w.org\/{rel}","templated":true}]}}