{"id":5303870,"date":"2026-01-19T12:17:42","date_gmt":"2026-01-19T10:17:42","guid":{"rendered":"https:\/\/gadgettravellers.eu\/shop\/dispositivo-sauna-facciale-a-vapore-mask-70235-dsp-614672\/"},"modified":"2026-04-14T01:16:14","modified_gmt":"2026-04-13T23:16:14","slug":"dispositivo-sauna-facciale-a-vapore-mask-70235-dsp-614672","status":"publish","type":"product","link":"https:\/\/gadgettravellers.eu\/it\/shop\/dispositivo-sauna-facciale-a-vapore-mask-70235-dsp-614672\/","title":{"rendered":"Dispositivo sauna facciale a vapore &#8211; Mask &#8211; 70235 &#8211; DSP &#8211; 614672"},"content":{"rendered":"<p>Dispositivo sauna per il viso-maschera per una pulizia profonda, idratazione e cura della tua pelle. Esalta la luminosit\u00e0 naturale della tua epidermide, cancellando i segni di stanchezza e opacit\u00e0. La pelle si rigenera, si pulisce in profondit\u00e0 e i pori si liberano, lasciando una sensazione di freschezza e giovinezza. Inoltre, puoi godere dell&#8217;effetto benefico dell&#8217;aromaterapia e combattere la stanchezza e lo stress aggiungendo oli essenziali. Prepara la tua pelle per l&#8217;applicazione di prodotti di cura e moltiplica il potere detergente e idratante di una maschera per il viso o di una crema. Porta il centro estetico a casa tua con un solo dispositivo!<\/p>\n<p>Caratteristiche:<\/p>\n<p>Potenza: 220W, Preparazione del vapore in 30&#8221;, Alimentazione: 110-240V ~ 50\/60Hz, Capacit\u00e0: 80ml &#8211; Durata di funzionamento continuo 10 min, Dimensioni: 190x190x350 mm.<\/p>\n","protected":false},"excerpt":{"rendered":"<p>Dispositivo sauna per il viso con vapore per una pulizia profonda e idratazione. Contenitore da 80ml, 220W, pronto in 30&#8221;, con funzione di 10 minuti, con possibilit\u00e0 di aromaterapia.<\/p>\n","protected":false},"featured_media":5110581,"comment_status":"closed","ping_status":"open","template":"","meta":[],"product_brand":[],"product_cat":[],"product_tag":[15],"class_list":{"0":"post-5303870","1":"product","2":"type-product","3":"status-publish","4":"has-post-thumbnail","6":"product_tag-uncategorized","8":"first","9":"onbackorder","10":"purchasable","11":"product-type-simple"},"jetpack_sharing_enabled":true,"_links":{"self":[{"href":"https:\/\/gadgettravellers.eu\/it\/wp-json\/wp\/v2\/product\/5303870","targetHints":{"allow":["GET"]}}],"collection":[{"href":"https:\/\/gadgettravellers.eu\/it\/wp-json\/wp\/v2\/product"}],"about":[{"href":"https:\/\/gadgettravellers.eu\/it\/wp-json\/wp\/v2\/types\/product"}],"replies":[{"embeddable":true,"href":"https:\/\/gadgettravellers.eu\/it\/wp-json\/wp\/v2\/comments?post=5303870"}],"wp:featuredmedia":[{"embeddable":true,"href":"https:\/\/gadgettravellers.eu\/it\/wp-json\/wp\/v2\/media\/5110581"}],"wp:attachment":[{"href":"https:\/\/gadgettravellers.eu\/it\/wp-json\/wp\/v2\/media?parent=5303870"}],"wp:term":[{"taxonomy":"product_brand","embeddable":true,"href":"https:\/\/gadgettravellers.eu\/it\/wp-json\/wp\/v2\/product_brand?post=5303870"},{"taxonomy":"product_cat","embeddable":true,"href":"https:\/\/gadgettravellers.eu\/it\/wp-json\/wp\/v2\/product_cat?post=5303870"},{"taxonomy":"product_tag","embeddable":true,"href":"https:\/\/gadgettravellers.eu\/it\/wp-json\/wp\/v2\/product_tag?post=5303870"}],"curies":[{"name":"wp","href":"https:\/\/api.w.org\/{rel}","templated":true}]}}