{"id":5303897,"date":"2026-01-19T12:17:57","date_gmt":"2026-01-19T10:17:57","guid":{"rendered":"https:\/\/gadgettravellers.eu\/shop\/macchina-espresso-con-produzione-di-schiuma-di-latte-ka3104-dsp-615273\/"},"modified":"2026-04-22T21:08:21","modified_gmt":"2026-04-22T19:08:21","slug":"macchina-espresso-con-produzione-di-schiuma-di-latte-ka3104-dsp-615273","status":"publish","type":"product","link":"https:\/\/gadgettravellers.eu\/it\/shop\/macchina-espresso-con-produzione-di-schiuma-di-latte-ka3104-dsp-615273\/","title":{"rendered":"Macchina Espresso con produzione di schiuma di latte &#8211; KA3104 &#8211; DSP &#8211; 615273"},"content":{"rendered":"<p>Macchina da caff\u00e8 Espresso DSP con produzione automatica di schiuma di latte, di alta qualit\u00e0 nella costruzione e nelle prestazioni, ideale per caff\u00e8 espresso professionale e bevande a casa tua.<\/p>\n<p>Caratteristiche:<\/p>\n<p>Schermo LCD Touch, Tensione: 220-240V~50\/60Hz, Potenza: 1350 W, Pompa ad alta pressione 20 Bar, Serbatoio dell&#8217;acqua trasparente rimovibile con capacit\u00e0 di 1,0L, Capacit\u00e0 del serbatoio del latte: 700ml, Preimpostazione per espresso\/cappuccino\/latte singolo o doppio, Base riscaldata nella parte superiore per mantenere calde le tazze, Scocca lucida in acciaio inox, Protezione da surriscaldamento e sovrapressione, Base rimovibile per una facile pulizia, Spegnimento automatico. Istruzioni incluse in inglese.<\/p>\n","protected":false},"excerpt":{"rendered":"<p>Macchina da caff\u00e8 espresso automatica con produzione di schiuma di latte, pompa da 20 bar e schermo touch LCD. Serbatoi da 1L d&#8217;acqua e 700ml di latte, rivestimento in acciaio inox e parti rimovibili per una facile pulizia.<\/p>\n","protected":false},"featured_media":5110895,"comment_status":"closed","ping_status":"open","template":"","meta":[],"product_brand":[],"product_cat":[],"product_tag":[15],"class_list":{"0":"post-5303897","1":"product","2":"type-product","3":"status-publish","4":"has-post-thumbnail","6":"product_tag-uncategorized","8":"first","9":"onbackorder","10":"purchasable","11":"product-type-simple"},"jetpack_sharing_enabled":true,"_links":{"self":[{"href":"https:\/\/gadgettravellers.eu\/it\/wp-json\/wp\/v2\/product\/5303897","targetHints":{"allow":["GET"]}}],"collection":[{"href":"https:\/\/gadgettravellers.eu\/it\/wp-json\/wp\/v2\/product"}],"about":[{"href":"https:\/\/gadgettravellers.eu\/it\/wp-json\/wp\/v2\/types\/product"}],"replies":[{"embeddable":true,"href":"https:\/\/gadgettravellers.eu\/it\/wp-json\/wp\/v2\/comments?post=5303897"}],"wp:featuredmedia":[{"embeddable":true,"href":"https:\/\/gadgettravellers.eu\/it\/wp-json\/wp\/v2\/media\/5110895"}],"wp:attachment":[{"href":"https:\/\/gadgettravellers.eu\/it\/wp-json\/wp\/v2\/media?parent=5303897"}],"wp:term":[{"taxonomy":"product_brand","embeddable":true,"href":"https:\/\/gadgettravellers.eu\/it\/wp-json\/wp\/v2\/product_brand?post=5303897"},{"taxonomy":"product_cat","embeddable":true,"href":"https:\/\/gadgettravellers.eu\/it\/wp-json\/wp\/v2\/product_cat?post=5303897"},{"taxonomy":"product_tag","embeddable":true,"href":"https:\/\/gadgettravellers.eu\/it\/wp-json\/wp\/v2\/product_tag?post=5303897"}],"curies":[{"name":"wp","href":"https:\/\/api.w.org\/{rel}","templated":true}]}}