{"id":5303914,"date":"2026-01-19T12:18:07","date_gmt":"2026-01-19T10:18:07","guid":{"rendered":"https:\/\/gadgettravellers.eu\/shop\/effetto-luce-proiettore-laser-stage-xl-8a-a-202402\/"},"modified":"2026-04-14T01:16:26","modified_gmt":"2026-04-13T23:16:26","slug":"effetto-luce-proiettore-laser-stage-xl-8a-a-202402","status":"publish","type":"product","link":"https:\/\/gadgettravellers.eu\/it\/shop\/effetto-luce-proiettore-laser-stage-xl-8a-a-202402\/","title":{"rendered":"Effetto luce &#8211; Proiettore Laser Stage &#8211; XL-8A-A &#8211; 202402"},"content":{"rendered":"<p>Il gadget definitivo per le tue feste. Trasformer\u00e0 il tuo spazio in una pista da disco professionale e impressioner\u00e0 i tuoi ospiti. Effetti sorprendenti anche con luce intensa, grazie al potente fascio laser. Pu\u00f2 essere posizionato ovunque con il treppiede incluso nella confezione o appeso in alto.<\/p>\n<p>Colore della luce: Verde: 532nm\/50mW, Rosso: 660nm\/100mw.<\/p>\n<p>Disegno della luce: orsetto, uccello, fungo e pois, mela, delfino, elica, <br \/>con opzioni di cambio. <br \/>Tensione: AC 110-240V, <br \/>Frequenza: 50 ~ 60Hz, <br \/>Dimensioni: 13 x 9 x 5 cm, <br \/>Peso: 600gr.<\/p>\n<p>La confezione include: 1 x Laser Stage Light, 1 x Alimentatore, 1 x Treppiede, 1 x Istruzioni per l&#8217;uso.<\/p>\n","protected":false},"excerpt":{"rendered":"<p>Laser per effetti luce per feste con fascio verde (532nm\/50mW) e rosso (660nm\/100mW), effetti e disegni multipli, accompagnato da treppiede e alimentatore. Compatto e facile da installare.<\/p>\n","protected":false},"featured_media":5078075,"comment_status":"closed","ping_status":"open","template":"","meta":[],"product_brand":[],"product_cat":[],"product_tag":[15],"class_list":{"0":"post-5303914","1":"product","2":"type-product","3":"status-publish","4":"has-post-thumbnail","6":"product_tag-uncategorized","8":"first","9":"onbackorder","10":"purchasable","11":"product-type-simple"},"jetpack_sharing_enabled":true,"_links":{"self":[{"href":"https:\/\/gadgettravellers.eu\/it\/wp-json\/wp\/v2\/product\/5303914","targetHints":{"allow":["GET"]}}],"collection":[{"href":"https:\/\/gadgettravellers.eu\/it\/wp-json\/wp\/v2\/product"}],"about":[{"href":"https:\/\/gadgettravellers.eu\/it\/wp-json\/wp\/v2\/types\/product"}],"replies":[{"embeddable":true,"href":"https:\/\/gadgettravellers.eu\/it\/wp-json\/wp\/v2\/comments?post=5303914"}],"wp:featuredmedia":[{"embeddable":true,"href":"https:\/\/gadgettravellers.eu\/it\/wp-json\/wp\/v2\/media\/5078075"}],"wp:attachment":[{"href":"https:\/\/gadgettravellers.eu\/it\/wp-json\/wp\/v2\/media?parent=5303914"}],"wp:term":[{"taxonomy":"product_brand","embeddable":true,"href":"https:\/\/gadgettravellers.eu\/it\/wp-json\/wp\/v2\/product_brand?post=5303914"},{"taxonomy":"product_cat","embeddable":true,"href":"https:\/\/gadgettravellers.eu\/it\/wp-json\/wp\/v2\/product_cat?post=5303914"},{"taxonomy":"product_tag","embeddable":true,"href":"https:\/\/gadgettravellers.eu\/it\/wp-json\/wp\/v2\/product_tag?post=5303914"}],"curies":[{"name":"wp","href":"https:\/\/api.w.org\/{rel}","templated":true}]}}