{"id":5303917,"date":"2026-01-19T12:18:09","date_gmt":"2026-01-19T10:18:09","guid":{"rendered":"https:\/\/gadgettravellers.eu\/shop\/tappetino-impermeabile-per-picnic-yb3152-2x2m-960125\/"},"modified":"2026-04-14T01:16:27","modified_gmt":"2026-04-13T23:16:27","slug":"tappetino-impermeabile-per-picnic-yb3152-2x2m-960125","status":"publish","type":"product","link":"https:\/\/gadgettravellers.eu\/it\/shop\/tappetino-impermeabile-per-picnic-yb3152-2x2m-960125\/","title":{"rendered":"Tappetino impermeabile per picnic &#8211; YB3152 &#8211; 2x2m &#8211; 960125"},"content":{"rendered":"<p>Materassino impermeabile per picnic ideale per le vostre attivit\u00e0 all&#8217;aperto preferite. Realizzato in materiale impermeabile che si pulisce facilmente e respinge i raggi del sole. Confezionato a rotolo per un facile trasporto e conservazione ovunque. Pu\u00f2 essere utilizzato come base per il campeggio poich\u00e9 non permette all&#8217;umidit\u00e0 del terreno di penetrare nel materassino. Ideale per picnic, campeggio, giardino ecc. Dimensioni: 2x2m.<\/p>\n","protected":false},"excerpt":{"rendered":"<p>Telo impermeabile per picnic 2x2m in rotolo per un facile trasporto e stoccaggio. Resiste all&#8217;umidit\u00e0 e ai raggi del sole, si pulisce facilmente \u2014 ideale per picnic, campeggio e giardino.<\/p>\n","protected":false},"featured_media":5111014,"comment_status":"closed","ping_status":"open","template":"","meta":[],"product_brand":[],"product_cat":[],"product_tag":[15],"class_list":{"0":"post-5303917","1":"product","2":"type-product","3":"status-publish","4":"has-post-thumbnail","6":"product_tag-uncategorized","8":"first","9":"onbackorder","10":"purchasable","11":"product-type-simple"},"jetpack_sharing_enabled":true,"_links":{"self":[{"href":"https:\/\/gadgettravellers.eu\/it\/wp-json\/wp\/v2\/product\/5303917","targetHints":{"allow":["GET"]}}],"collection":[{"href":"https:\/\/gadgettravellers.eu\/it\/wp-json\/wp\/v2\/product"}],"about":[{"href":"https:\/\/gadgettravellers.eu\/it\/wp-json\/wp\/v2\/types\/product"}],"replies":[{"embeddable":true,"href":"https:\/\/gadgettravellers.eu\/it\/wp-json\/wp\/v2\/comments?post=5303917"}],"wp:featuredmedia":[{"embeddable":true,"href":"https:\/\/gadgettravellers.eu\/it\/wp-json\/wp\/v2\/media\/5111014"}],"wp:attachment":[{"href":"https:\/\/gadgettravellers.eu\/it\/wp-json\/wp\/v2\/media?parent=5303917"}],"wp:term":[{"taxonomy":"product_brand","embeddable":true,"href":"https:\/\/gadgettravellers.eu\/it\/wp-json\/wp\/v2\/product_brand?post=5303917"},{"taxonomy":"product_cat","embeddable":true,"href":"https:\/\/gadgettravellers.eu\/it\/wp-json\/wp\/v2\/product_cat?post=5303917"},{"taxonomy":"product_tag","embeddable":true,"href":"https:\/\/gadgettravellers.eu\/it\/wp-json\/wp\/v2\/product_tag?post=5303917"}],"curies":[{"name":"wp","href":"https:\/\/api.w.org\/{rel}","templated":true}]}}