{"id":5304027,"date":"2026-01-19T12:19:17","date_gmt":"2026-01-19T10:19:17","guid":{"rendered":"https:\/\/gadgettravellers.eu\/shop\/passeggino-per-bambini-con-bambola-dy777-7-16-308223\/"},"modified":"2026-04-14T01:17:03","modified_gmt":"2026-04-13T23:17:03","slug":"passeggino-per-bambini-con-bambola-dy777-7-16-308223","status":"publish","type":"product","link":"https:\/\/gadgettravellers.eu\/it\/shop\/passeggino-per-bambini-con-bambola-dy777-7-16-308223\/","title":{"rendered":"Passeggino per bambini con bambola &#8211; DY777-7 16 &#8211; 308223"},"content":{"rendered":"<p>Passeggino per bambole con bambola, in un bellissimo design realistico con splendidi disegni e colori e con una costruzione resistente per infinite passeggiate con la tua bambola!<\/p>\n<p>Soddisfa tutti gli standard di sicurezza. <br \/>Adatto per bambini di et\u00e0 superiore ai 3 anni.<\/p>\n<div class='aiseo-faq-section' style='margin-top:30px; border-top:1px solid #eee; padding-top:20px;'>\n<h3>Domande Frequenti<\/h3>\n<details style='margin-bottom:10px; padding:10px; background:#f9f9f9; border-radius:5px;'>\n<summary style='font-weight:bold; cursor:pointer;'>Qual \u00e8 l&#8217;et\u00e0 appropriata per questo passeggino?<\/summary>\n<div style='margin-top:10px; color:#555;'>Adatto a bambini di et\u00e0 superiore ai 3 anni.<\/div>\n<\/details>\n<details style='margin-bottom:10px; padding:10px; background:#f9f9f9; border-radius:5px;'>\n<summary style='font-weight:bold; cursor:pointer;'>La bambola con il passeggino \u00e8 inclusa?<\/summary>\n<div style='margin-top:10px; color:#555;'>S\u00ec, il prodotto \u00e8 descritto come passeggino per bambini con bambola, quindi la bambola \u00e8 inclusa.<\/div>\n<\/details>\n<details style='margin-bottom:10px; padding:10px; background:#f9f9f9; border-radius:5px;'>\n<summary style='font-weight:bold; cursor:pointer;'>Il carrello soddisfa gli standard di sicurezza?<\/summary>\n<div style='margin-top:10px; color:#555;'>S\u00ec, il passeggino soddisfa tutti gli standard di sicurezza come indicato nella descrizione.<\/div>\n<\/details>\n<details style='margin-bottom:10px; padding:10px; background:#f9f9f9; border-radius:5px;'>\n<summary style='font-weight:bold; cursor:pointer;'>La costruzione \u00e8 resistente per l&#8217;uso quotidiano?<\/summary>\n<div style='margin-top:10px; color:#555;'>S\u00ec, ha una costruzione resistente progettata per passeggiate infinite.<\/div>\n<\/details>\n<\/div>\n","protected":false},"excerpt":{"rendered":"<p>Passeggino realistico per bambini con struttura resistente e bei disegni, ideale per il gioco di ruolo. Adatto a bambini di et\u00e0 superiore a 3 anni e conforme agli standard di sicurezza.<\/p>\n","protected":false},"featured_media":5111600,"comment_status":"closed","ping_status":"open","template":"","meta":[],"product_brand":[],"product_cat":[],"product_tag":[15],"class_list":{"0":"post-5304027","1":"product","2":"type-product","3":"status-publish","4":"has-post-thumbnail","6":"product_tag-uncategorized","8":"first","9":"onbackorder","10":"purchasable","11":"product-type-simple"},"jetpack_sharing_enabled":true,"_links":{"self":[{"href":"https:\/\/gadgettravellers.eu\/it\/wp-json\/wp\/v2\/product\/5304027","targetHints":{"allow":["GET"]}}],"collection":[{"href":"https:\/\/gadgettravellers.eu\/it\/wp-json\/wp\/v2\/product"}],"about":[{"href":"https:\/\/gadgettravellers.eu\/it\/wp-json\/wp\/v2\/types\/product"}],"replies":[{"embeddable":true,"href":"https:\/\/gadgettravellers.eu\/it\/wp-json\/wp\/v2\/comments?post=5304027"}],"wp:featuredmedia":[{"embeddable":true,"href":"https:\/\/gadgettravellers.eu\/it\/wp-json\/wp\/v2\/media\/5111600"}],"wp:attachment":[{"href":"https:\/\/gadgettravellers.eu\/it\/wp-json\/wp\/v2\/media?parent=5304027"}],"wp:term":[{"taxonomy":"product_brand","embeddable":true,"href":"https:\/\/gadgettravellers.eu\/it\/wp-json\/wp\/v2\/product_brand?post=5304027"},{"taxonomy":"product_cat","embeddable":true,"href":"https:\/\/gadgettravellers.eu\/it\/wp-json\/wp\/v2\/product_cat?post=5304027"},{"taxonomy":"product_tag","embeddable":true,"href":"https:\/\/gadgettravellers.eu\/it\/wp-json\/wp\/v2\/product_tag?post=5304027"}],"curies":[{"name":"wp","href":"https:\/\/api.w.org\/{rel}","templated":true}]}}